{"id":7586,"date":"2015-08-19T17:11:04","date_gmt":"2015-08-19T15:11:04","guid":{"rendered":"http:\/\/movemenorca.vl23871.dinaserver.com\/fr\/general-conditions-of-website-use\/"},"modified":"2016-08-11T16:48:10","modified_gmt":"2016-08-11T14:48:10","slug":"conditions-generales-dutilisation-du-site","status":"publish","type":"page","link":"https:\/\/movemenorca.com\/fr\/conditions-generales-dutilisation-du-site\/","title":{"rendered":"Conditions g\u00e9n\u00e9rales d&#8217;utilisation du site"},"content":{"rendered":"<h2>Donn\u00e9es d&#8217;identification<\/h2>\n<p>Conform\u00e9ment aux obligations de d\u00e9claration figurant \u00e0 l&#8217;article 10 de la loi 34\/2002, du 11 Juillet, des services de la soci\u00e9t\u00e9 de la information et du\u00a0 commerce \u00e9lectronique (Soci\u00e9t\u00e9 des services d&#8217;information et commerce \u00e9lectronique), les informations suivantes sont fournies \u00e0 tous les utilisateurs de ce site, Move Menorca fait partie de la soci\u00e9t\u00e9 anonyme espagnole: Pou Nou trading SL:<\/p>\n<p>Nom de la soci\u00e9t\u00e9: Pou Nou trading SL<\/p>\n<p>Soci\u00e9t\u00e9 espagnole Num\u00e9ro d&#8217;identification (CIF): B57361057<\/p>\n<p>Soci\u00e9t\u00e9 Adresse: Cami des Pou Nou de Baix 3,<\/p>\n<p>07710 Sant Llu\u00eds, Menorca, Islas Baleares, Espa\u00f1a<\/p>\n<p>T\u00e9l\u00e9phone: +34 971 150 027<\/p>\n<p>E-mail: info movemenorca.com<\/p>\n<h2>D\u00e9finition du site<\/h2>\n<p>Noter s&#8217;il vous pla\u00eet que toutes les r\u00e9f\u00e9rences au \u00absite web\u00bb comprennent www.movemenorca.com, www.moovmenorca.com et www.menorcapropertyforsale.com.<\/p>\n<h2>D\u00e9finition de l&#8217;utilisateur<\/h2>\n<p>Acc\u00e8s et \/ ou de l&#8217;utilisation de ce site Web attribue la condition de \u00abutilisateur\u00bb, qui accepte, depuis l\u2019acc\u00e8s et \/ ou de l&#8217;utilisation, les conditions g\u00e9n\u00e9rales d&#8217;utilisation du site \u00e9num\u00e9r\u00e9s ici. Ces conditions sont ind\u00e9pendantes des conditions g\u00e9n\u00e9rales d\u00e9coulant de tout contrat suppl\u00e9mentaire entre l&#8217;utilisateur et Pou Nou trading SL.<\/p>\n<h2>Utilisation du site Web<\/h2>\n<p>Ce site donne acc\u00e8s \u00e0 une foule d&#8217;informations, de donn\u00e9es et de services (ci-apr\u00e8s le \u00abcontenu\u00bb) sur Internet \u00e0 partir de Pou Nou trading SL \u00e0 laquelle l&#8217;utilisateur peut avoir acc\u00e8s. L&#8217;utilisateur assume la responsabilit\u00e9 de l&#8217;utilisation du site. Cette responsabilit\u00e9 s&#8217;\u00e9tend \u00e0 l&#8217;enregistrement n\u00e9cessaire pour acc\u00e9der \u00e0 certains services ou contenus. L&#8217;utilisateur sera responsable de fournir de l&#8217;information v\u00e9ritable et l\u00e9gitime. L&#8217;utilisateur engage \u00e0 faire un usage appropri\u00e9 des contenus et services que Pou Nou trading SL offre \u00e0 travers son site Web et \u00e0 titre d&#8217;exemple, mais ne se limite pas \u00e0 s&#8217;abstenir de (i) la participation ill\u00e9gale, illicite ou contraire \u00e0 la bonne foi et l&#8217;ordre public; (Ii) de diffuser du contenu ou de la propagande raciste, x\u00e9nophobe, pornographique, ill\u00e9gale, encourager le terrorisme ou aller en contre des droits humanitaires ; (Iii) causant des dommages aux syst\u00e8mes physiques et logistiques de Pou Nou trading SL, ses fournisseurs ou des tiers, introduction ou la diffusion des virus informatiques ou tout autre syst\u00e8me physiques ou logistiques qui sont capables de causer des dommages pr\u00e9cit\u00e9s; (Iv) tentative d&#8217;acc\u00e8s et, le cas \u00e9ch\u00e9ant, utiliser les comptes de messagerie d&#8217;autres utilisateurs et modifier ou manipuler leurs messages.<\/p>\n<h2>Propri\u00e9t\u00e9 intellectuelle<\/h2>\n<p>Pou Nou trading SL est propri\u00e9taire intellectuelle et industrielle de son site Web, ainsi que les \u00e9l\u00e9ments qui y sont contenus (sans s&#8217;y limiter, les images, le son, les vid\u00e9os, des logiciels ou des textes, des marques ou logos, combinaisons de couleurs, la structure et la conception, la s\u00e9lection mat\u00e9riaux, les programmes d\u2019ordinateur \u00a0n\u00e9cessaires \u00e0 son fonctionnement, l&#8217;acc\u00e8s et l&#8217;utilisation, etc.), propri\u00e9t\u00e9 de Pou Nou trading SL. Tous les droits sont r\u00e9serv\u00e9s. En vertu des dispositions des articles 8 et 32.1, deuxi\u00e8me alin\u00e9a, de la Loi sur le droit d&#8217;auteur sont express\u00e9ment interdit la reproduction, la distribution et la communication publique, y compris les moyens de mettre \u00e0 la disposition de tout ou partie du contenu de ce site \u00e0 des fins commerciales, sous quelque forme ou par tous les moyens techniques, sans l&#8217;autorisation de l\u2019agence SL Pou Nou. L&#8217;utilisateur engage \u00e0 respecter la propri\u00e9t\u00e9 intellectuelle et industrielle de Pou Nou trading SL. L&#8217;utilisateur peut visualiser les \u00e9l\u00e9ments du site et m\u00eame imprimer, copier et \u00a0stocker sur le disque dur de leur ordinateur ou de tout autre mat\u00e9riel fourni, \u00a0uniquement et exclusivement pour un usage personnel et priv\u00e9. L&#8217;utilisateur ne doit pas supprimer, modifier, ou manipuler tout dispositif de protection ou syst\u00e8me de s\u00e9curit\u00e9 qui a \u00e9t\u00e9 install\u00e9 sur les pages du site.<\/p>\n<h2>Avertissement<\/h2>\n<p>Pou Nou trading SL n\u2019est en\u00a0 aucun cas\u00a0 responsable pour des dommages de toute nature qui peuvent \u00eatre caus\u00e9s par, mais sans s&#8217;y limiter, des erreurs ou omissions dans le contenu, le manque de disponibilit\u00e9 du site ou de la transmission de virus ou programmes nuisibles dans le contenu bien qu&#8217;ayant pris toutes les mesures techniques n\u00e9cessaires pour l&#8217;emp\u00eacher.<\/p>\n<h2>Modification du contenu<\/h2>\n<p>Pou Nou trading SL se r\u00e9serve le droit d&#8217;apporter des modifications sans pr\u00e9avis qu&#8217;il juge appropri\u00e9e dans son site Web. Pou Nou trading SL peut modifier, supprimer ou ajouter du contenu et des services fournis et peut changer la fa\u00e7on dont ils sont pr\u00e9sent\u00e9s o\u00f9 situ\u00e9s sur le site.<\/p>\n<h2>Liens internet<\/h2>\n<p>Dans le cas ou le site \u00a0vous envoie \u00e0 d\u2019autres sites Internet, Pou Nou trading SL n&#8217;exercer aucun contr\u00f4le sur ces sites et leur contenu. En aucun cas, Pou Nou trading SL assume la responsabilit\u00e9 pour le contenu de tout lien appartenant \u00e0 un autre site, ni garantir la disponibilit\u00e9 technique, la qualit\u00e9, la fiabilit\u00e9, l&#8217;exactitude, l&#8217;exhaustivit\u00e9, l&#8217;exactitude, la validit\u00e9 ou la constitutionnalit\u00e9 de tout mat\u00e9riel ou information contenue dans ses liens ou d&#8217;autres sites Internet. En outre, l&#8217;inclusion de ces liens externes ne signifie pas une association, une fusion ou partenariat avec les entit\u00e9s connect\u00e9es.<\/p>\n<h2>Droits d&#8217;exclusion<\/h2>\n<p>Pou Nou trading SL se r\u00e9serve le droit de refuser ou de retirer l&#8217;acc\u00e8s au site et \/ ou services offerts, sans pr\u00e9avis, aux utilisateurs qui violent les conditions g\u00e9n\u00e9rales d&#8217;utilisation du site.<\/p>\n<h2>G\u00e9n\u00e9ral<\/h2>\n<p>Pou Nou trading SL poursuivra la violation de ces conditions et toute utilisation abusive de son site web, exer\u00e7ant toutes les actions civiles et p\u00e9nales qu&#8217;il lui permet la loi.<\/p>\n<h2>Modification des conditions d&#8217;utilisation du site<\/h2>\n<p>Pou Nou trading SL peut \u00e0 tout moment modifier les conditions contenues dans les pr\u00e9sentes, \u00eatre d\u00fbment publi\u00e9 sous forme similaire. Ces conditions restent en vigueur comme indiqu\u00e9 ici et jusqu&#8217;\u00e0 ce qu&#8217;ils soient modifi\u00e9s et d\u00fbment publi\u00e9s.<\/p>\n<h2>L\u00e9gislation applicable et juridiction<\/h2>\n<p>La relation entre Pou Nou trading SL et l&#8217;utilisateur sera r\u00e9gie par la l\u00e9gislation espagnole en vigueur et \u00a0leurs diff\u00e9rends seront d\u00e9battus devant les tribunaux des \u00eeles Bal\u00e9ares.<\/p>\n<h2>Protection des donn\u00e9es<\/h2>\n<p>Move Menorca respecte les directives de la loi organique 15\/1999 du 13 d\u00e9cembre sur la protection des donn\u00e9es personnelles, le d\u00e9cret royal 1720\/2007 du 21 d\u00e9cembre, qui approuve le r\u00e8glement d&#8217;application de la loi organique et d&#8217;autres r\u00e8glements en tout temps, et vise \u00e0 assurer l&#8217;utilisation et la gestion des donn\u00e9es personnelles de l&#8217;utilisateur appropri\u00e9. En outre, vous \u00eates inform\u00e9 que le traitement donn\u00e9 \u00e0 vos coordonn\u00e9es r\u00e9pond uniquement et exclusivement aux fins pour lesquelles ils ont \u00e9t\u00e9 demand\u00e9s. En aucun cas, seront transf\u00e9r\u00e9s \u00e0 d&#8217;autres, sauf\u00a0 avec votre autorisation le transfert de donn\u00e9es \u00a0et les organisations auxquelles elle doit \u00eatre transf\u00e9r\u00e9e sont indiqu\u00e9s. Ceci est en conformit\u00e9 avec la loi 34\/2002 du 11 Juillet, la Soci\u00e9t\u00e9 des services d&#8217;information et le commerce \u00e9lectronique.<\/p>\n<p>Si vos coordonn\u00e9es sont incluses dans un fichier tenu par Pou Nou trading SL s&#8217;il vous pla\u00eet noter que vous pouvez exercer vos droits d&#8217;acc\u00e8s, de rectification et d&#8217; annulation vos coordonn\u00e9es par e-mail \u00e0 l&#8217;adresse info movemenorca.com ou en envoyant une lettre adress\u00e9e \u00e0 Pou Nou trading SL, Cami des Pou Nou de Baix 3, 07710 Sant Llu\u00eds, Menorca, Islas Baleares, Espa\u00f1a \u00e0 l&#8217;attention du chef de bureau.<\/p>\n<p>Nous pouvons \u00e9galement garder les d\u00e9tails suivants sur les visiteurs de notre site Web:<\/p>\n<p>Le nom de domaine du fournisseur de services (ISP) et \/ ou l&#8217;adresse IP gr\u00e2ce \u00e0 laquelle vous acc\u00e9dez \u00e0 Internet.<\/p>\n<p>La date et l&#8217;heure \u00e0 laquelle vous avez acc\u00e9d\u00e9 \u00e0 notre site Web.<\/p>\n<p>L&#8217;adresse Internet d&#8217;o\u00f9 le lien vers notre site a \u00e9t\u00e9 donn\u00e9.<\/p>\n<p>Cette information obtenue est totalement anonyme et en aucun cas\u00a0 peut \u00eatre associ\u00e9 \u00e0 un utilisateur sp\u00e9cifique. Par cons\u00e9quent, le fichier g\u00e9n\u00e9r\u00e9 peut ne pas \u00eatre consid\u00e9r\u00e9 comme fichier contenant des donn\u00e9es personnelles.<\/p>\n","protected":false},"excerpt":{"rendered":"<p>Donn\u00e9es d&#8217;identification Conform\u00e9ment aux obligations de d\u00e9claration figurant \u00e0 l&#8217;article 10 de la loi 34\/2002, du 11 Juillet, des services de la soci\u00e9t\u00e9 de la information et du\u00a0 commerce \u00e9lectronique (Soci\u00e9t\u00e9 des services d&#8217;information et commerce \u00e9lectronique), les informations suivantes sont fournies \u00e0 tous les utilisateurs de ce site, Move Menorca fait partie de la&#8230;<\/p>\n","protected":false},"author":4,"featured_media":0,"parent":0,"menu_order":0,"comment_status":"closed","ping_status":"open","template":"","meta":{"footnotes":""},"class_list":["post-7586","page","type-page","status-publish","hentry"],"yoast_head":"<!-- This site is optimized with the Yoast SEO Premium plugin v21.0 (Yoast SEO v27.3) - https:\/\/yoast.com\/product\/yoast-seo-premium-wordpress\/ -->\n<title>Conditions g\u00e9n\u00e9rales d&#039;utilisation du site - Move Menorca<\/title>\n<meta name=\"robots\" content=\"index, follow, max-snippet:-1, max-image-preview:large, max-video-preview:-1\" \/>\n<link rel=\"canonical\" href=\"https:\/\/movemenorca.com\/fr\/conditions-generales-dutilisation-du-site\/\" \/>\n<meta property=\"og:locale\" content=\"fr_FR\" \/>\n<meta property=\"og:type\" content=\"article\" \/>\n<meta property=\"og:title\" content=\"Conditions g\u00e9n\u00e9rales d&#039;utilisation du site\" \/>\n<meta property=\"og:description\" content=\"Donn\u00e9es d&#8217;identification Conform\u00e9ment aux obligations de d\u00e9claration figurant \u00e0 l&#8217;article 10 de la loi 34\/2002, du 11 Juillet, des services de la soci\u00e9t\u00e9 de la information et du\u00a0 commerce \u00e9lectronique (Soci\u00e9t\u00e9 des services d&#8217;information et commerce \u00e9lectronique), les informations suivantes sont fournies \u00e0 tous les utilisateurs de ce site, Move Menorca fait partie de la...\" \/>\n<meta property=\"og:url\" content=\"https:\/\/movemenorca.com\/fr\/conditions-generales-dutilisation-du-site\/\" \/>\n<meta property=\"og:site_name\" content=\"Move Menorca\" \/>\n<meta property=\"article:publisher\" content=\"https:\/\/www.facebook.com\/MoveMenorca\" \/>\n<meta property=\"article:modified_time\" content=\"2016-08-11T14:48:10+00:00\" \/>\n<meta property=\"og:image\" content=\"https:\/\/movemenorca.com\/wp-content\/uploads\/home-scaled.jpg\" \/>\n\t<meta property=\"og:image:width\" content=\"2560\" \/>\n\t<meta property=\"og:image:height\" content=\"1804\" \/>\n\t<meta property=\"og:image:type\" content=\"image\/jpeg\" \/>\n<meta name=\"twitter:card\" content=\"summary_large_image\" \/>\n<meta name=\"twitter:label1\" content=\"Dur\u00e9e de lecture estim\u00e9e\" \/>\n\t<meta name=\"twitter:data1\" content=\"7 minutes\" \/>\n<script type=\"application\/ld+json\" class=\"yoast-schema-graph\">{\"@context\":\"https:\\\/\\\/schema.org\",\"@graph\":[{\"@type\":\"WebPage\",\"@id\":\"https:\\\/\\\/movemenorca.com\\\/fr\\\/conditions-generales-dutilisation-du-site\\\/\",\"url\":\"https:\\\/\\\/movemenorca.com\\\/fr\\\/conditions-generales-dutilisation-du-site\\\/\",\"name\":\"Conditions g\u00e9n\u00e9rales d'utilisation du site - Move Menorca\",\"isPartOf\":{\"@id\":\"https:\\\/\\\/movemenorca.com\\\/#website\"},\"datePublished\":\"2015-08-19T15:11:04+00:00\",\"dateModified\":\"2016-08-11T14:48:10+00:00\",\"breadcrumb\":{\"@id\":\"https:\\\/\\\/movemenorca.com\\\/fr\\\/conditions-generales-dutilisation-du-site\\\/#breadcrumb\"},\"inLanguage\":\"fr-FR\",\"potentialAction\":[{\"@type\":\"ReadAction\",\"target\":[\"https:\\\/\\\/movemenorca.com\\\/fr\\\/conditions-generales-dutilisation-du-site\\\/\"]}]},{\"@type\":\"BreadcrumbList\",\"@id\":\"https:\\\/\\\/movemenorca.com\\\/fr\\\/conditions-generales-dutilisation-du-site\\\/#breadcrumb\",\"itemListElement\":[{\"@type\":\"ListItem\",\"position\":1,\"name\":\"Home\",\"item\":\"https:\\\/\\\/movemenorca.com\\\/fr\\\/\"},{\"@type\":\"ListItem\",\"position\":2,\"name\":\"Conditions g\u00e9n\u00e9rales d&#8217;utilisation du site\"}]},{\"@type\":\"WebSite\",\"@id\":\"https:\\\/\\\/movemenorca.com\\\/#website\",\"url\":\"https:\\\/\\\/movemenorca.com\\\/\",\"name\":\"Move Menorca\",\"description\":\"\",\"publisher\":{\"@id\":\"https:\\\/\\\/movemenorca.com\\\/#organization\"},\"potentialAction\":[{\"@type\":\"SearchAction\",\"target\":{\"@type\":\"EntryPoint\",\"urlTemplate\":\"https:\\\/\\\/movemenorca.com\\\/?s={search_term_string}\"},\"query-input\":{\"@type\":\"PropertyValueSpecification\",\"valueRequired\":true,\"valueName\":\"search_term_string\"}}],\"inLanguage\":\"fr-FR\"},{\"@type\":\"Organization\",\"@id\":\"https:\\\/\\\/movemenorca.com\\\/#organization\",\"name\":\"Move Menorca\",\"url\":\"https:\\\/\\\/movemenorca.com\\\/\",\"logo\":{\"@type\":\"ImageObject\",\"inLanguage\":\"fr-FR\",\"@id\":\"https:\\\/\\\/movemenorca.com\\\/#\\\/schema\\\/logo\\\/image\\\/\",\"url\":\"https:\\\/\\\/movemenorca.com\\\/wp-content\\\/uploads\\\/logo-2025.png\",\"contentUrl\":\"https:\\\/\\\/movemenorca.com\\\/wp-content\\\/uploads\\\/logo-2025.png\",\"width\":1277,\"height\":539,\"caption\":\"Move Menorca\"},\"image\":{\"@id\":\"https:\\\/\\\/movemenorca.com\\\/#\\\/schema\\\/logo\\\/image\\\/\"},\"sameAs\":[\"https:\\\/\\\/www.facebook.com\\\/MoveMenorca\"]}]}<\/script>\n<!-- \/ Yoast SEO Premium plugin. -->","yoast_head_json":{"title":"Conditions g\u00e9n\u00e9rales d'utilisation du site - Move Menorca","robots":{"index":"index","follow":"follow","max-snippet":"max-snippet:-1","max-image-preview":"max-image-preview:large","max-video-preview":"max-video-preview:-1"},"canonical":"https:\/\/movemenorca.com\/fr\/conditions-generales-dutilisation-du-site\/","og_locale":"fr_FR","og_type":"article","og_title":"Conditions g\u00e9n\u00e9rales d'utilisation du site","og_description":"Donn\u00e9es d&#8217;identification Conform\u00e9ment aux obligations de d\u00e9claration figurant \u00e0 l&#8217;article 10 de la loi 34\/2002, du 11 Juillet, des services de la soci\u00e9t\u00e9 de la information et du\u00a0 commerce \u00e9lectronique (Soci\u00e9t\u00e9 des services d&#8217;information et commerce \u00e9lectronique), les informations suivantes sont fournies \u00e0 tous les utilisateurs de ce site, Move Menorca fait partie de la...","og_url":"https:\/\/movemenorca.com\/fr\/conditions-generales-dutilisation-du-site\/","og_site_name":"Move Menorca","article_publisher":"https:\/\/www.facebook.com\/MoveMenorca","article_modified_time":"2016-08-11T14:48:10+00:00","og_image":[{"width":2560,"height":1804,"url":"https:\/\/movemenorca.com\/wp-content\/uploads\/home-scaled.jpg","type":"image\/jpeg"}],"twitter_card":"summary_large_image","twitter_misc":{"Dur\u00e9e de lecture estim\u00e9e":"7 minutes"},"schema":{"@context":"https:\/\/schema.org","@graph":[{"@type":"WebPage","@id":"https:\/\/movemenorca.com\/fr\/conditions-generales-dutilisation-du-site\/","url":"https:\/\/movemenorca.com\/fr\/conditions-generales-dutilisation-du-site\/","name":"Conditions g\u00e9n\u00e9rales d'utilisation du site - Move Menorca","isPartOf":{"@id":"https:\/\/movemenorca.com\/#website"},"datePublished":"2015-08-19T15:11:04+00:00","dateModified":"2016-08-11T14:48:10+00:00","breadcrumb":{"@id":"https:\/\/movemenorca.com\/fr\/conditions-generales-dutilisation-du-site\/#breadcrumb"},"inLanguage":"fr-FR","potentialAction":[{"@type":"ReadAction","target":["https:\/\/movemenorca.com\/fr\/conditions-generales-dutilisation-du-site\/"]}]},{"@type":"BreadcrumbList","@id":"https:\/\/movemenorca.com\/fr\/conditions-generales-dutilisation-du-site\/#breadcrumb","itemListElement":[{"@type":"ListItem","position":1,"name":"Home","item":"https:\/\/movemenorca.com\/fr\/"},{"@type":"ListItem","position":2,"name":"Conditions g\u00e9n\u00e9rales d&#8217;utilisation du site"}]},{"@type":"WebSite","@id":"https:\/\/movemenorca.com\/#website","url":"https:\/\/movemenorca.com\/","name":"Move Menorca","description":"","publisher":{"@id":"https:\/\/movemenorca.com\/#organization"},"potentialAction":[{"@type":"SearchAction","target":{"@type":"EntryPoint","urlTemplate":"https:\/\/movemenorca.com\/?s={search_term_string}"},"query-input":{"@type":"PropertyValueSpecification","valueRequired":true,"valueName":"search_term_string"}}],"inLanguage":"fr-FR"},{"@type":"Organization","@id":"https:\/\/movemenorca.com\/#organization","name":"Move Menorca","url":"https:\/\/movemenorca.com\/","logo":{"@type":"ImageObject","inLanguage":"fr-FR","@id":"https:\/\/movemenorca.com\/#\/schema\/logo\/image\/","url":"https:\/\/movemenorca.com\/wp-content\/uploads\/logo-2025.png","contentUrl":"https:\/\/movemenorca.com\/wp-content\/uploads\/logo-2025.png","width":1277,"height":539,"caption":"Move Menorca"},"image":{"@id":"https:\/\/movemenorca.com\/#\/schema\/logo\/image\/"},"sameAs":["https:\/\/www.facebook.com\/MoveMenorca"]}]}},"_links":{"self":[{"href":"https:\/\/movemenorca.com\/fr\/wp-json\/wp\/v2\/pages\/7586","targetHints":{"allow":["GET"]}}],"collection":[{"href":"https:\/\/movemenorca.com\/fr\/wp-json\/wp\/v2\/pages"}],"about":[{"href":"https:\/\/movemenorca.com\/fr\/wp-json\/wp\/v2\/types\/page"}],"author":[{"embeddable":true,"href":"https:\/\/movemenorca.com\/fr\/wp-json\/wp\/v2\/users\/4"}],"replies":[{"embeddable":true,"href":"https:\/\/movemenorca.com\/fr\/wp-json\/wp\/v2\/comments?post=7586"}],"version-history":[{"count":0,"href":"https:\/\/movemenorca.com\/fr\/wp-json\/wp\/v2\/pages\/7586\/revisions"}],"wp:attachment":[{"href":"https:\/\/movemenorca.com\/fr\/wp-json\/wp\/v2\/media?parent=7586"}],"curies":[{"name":"wp","href":"https:\/\/api.w.org\/{rel}","templated":true}]}}