{"id":7577,"date":"2015-08-19T16:49:30","date_gmt":"2015-08-19T14:49:30","guid":{"rendered":"http:\/\/movemenorca.vl23871.dinaserver.com\/fr\/cookies\/"},"modified":"2016-08-11T16:20:49","modified_gmt":"2016-08-11T14:20:49","slug":"cookies","status":"publish","type":"page","link":"https:\/\/movemenorca.com\/fr\/cookies\/","title":{"rendered":"Cookies"},"content":{"rendered":"<p>Nous utilisons des cookies sur ce site pour am\u00e9liorer votre exp\u00e9rience de navigation.<\/p>\n<h4>Que sont les cookies?<\/h4>\n<p>Un cookie est un petit fichier texte qu&#8217;un site Web enregistre sur votre ordinateur ou appareil mobile lorsque vous visitez le site.<\/p>\n<h4>Comment utilisons-nous les cookies?<\/h4>\n<p>Nous utilisons Google Analytics, un service d&#8217;analyse de site internet fourni par Google Inc. ( \u00abGoogle\u00bb) pour nous aider \u00e0 am\u00e9liorer notre site. . Google Analytics utilise des cookies qui sont persistants dans la nature pour aider \u00e0 analyser la fa\u00e7on dont les utilisateurs utilisent ce site.\u00a0 Les cookies ne seront pas utilis\u00e9s \u00e0 des fins autres que celle indiqu\u00e9e<br \/>\nLes cookies de Google sont:<\/p>\n<ul>\n<li>_utmt expire 10 minutes apr\u00e8s votre visite<\/li>\n<li>_utma: 2 ans \u00e0 compter de la date \u00e0 laquelle il a \u00e9t\u00e9 \u00e9mis<\/li>\n<li>_utmb: 30 mn de la date \u00e0 laquelle il a \u00e9t\u00e9 \u00e9mis<\/li>\n<li>_utmc: fin de la session \/ fermeture du navigateur<\/li>\n<li>_utmz: 6 mois \u00e0 compter de la date \u00e0 la quelle il a \u00e9t\u00e9 \u00e9mis<\/li>\n<\/ul>\n<p>Ces cookies sont utilis\u00e9s pour recueillir des informations sur la fa\u00e7on dont les visiteurs utilisent ce site. Les informations collect\u00e9es sont utilis\u00e9es pour compiler des rapports et d&#8217;aider \u00e0 am\u00e9liorer le site. Les cookies recueillent des informations d\u2019une fa\u00e7on <strong>anonyme<\/strong>,\u00a0 comprenant<\/p>\n<ul>\n<li>le nombre de visiteurs du site,<\/li>\n<li>\u00e0 partir d\u2019o\u00f9 les visiteurs sont venus \u00e0 ce site<\/li>\n<li>les pages de ce site, ils ont visit\u00e9.<\/li>\n<\/ul>\n<p>&nbsp;<\/p>\n<p><a href=\"https:\/\/support.google.com\/analytics\/answer\/6004245\" target=\"_blank\">Cliquez ici pour un aper\u00e7u de la vie priv\u00e9e chez Google<\/a><\/p>\n<p>Si vous ne souhaitez pas \u00eatre suivis par Google Analytics visiter <a href=\"http:\/\/tools.google.com\/dlpage\/gaoptout\" target=\"_blank\"><em>http:\/\/tools.google.com\/dlpage\/gaoptout<\/em><\/a>.<\/p>\n<h4>Comment contr\u00f4ler les cookies en g\u00e9n\u00e9ral<\/h4>\n<p>Vous pouvez contr\u00f4ler et \/ ou supprimer les cookies comme vous le souhaitez &#8211; pour plus de d\u00e9tails, voir <a href=\"http:\/\/aboutcookies.org\" target=\"_blank\"><em>aboutcookies.org<\/em><\/a>. Vous pouvez supprimer tous les cookies qui sont d\u00e9j\u00e0 sur votre ordinateur et vous\u00a0 pouvez configurer la plupart des navigateurs pour les emp\u00eacher d&#8217;entr\u00e9e. Si vous faites cela, cependant, vous devrez \u00a0r\u00e9gler manuellement certaines pr\u00e9f\u00e9rences chaque fois que vous visitez un site et certains services et des fonctionnalit\u00e9s peuvent ne\u00a0 pas fonctionner.<\/p>\n<p>Alors s&#8217;il vous pla\u00eet ne vous inqui\u00e9tez pas nos cookies, ils sont la pour nous aider \u00e0 ne pas vous faire du mal!<\/p>\n","protected":false},"excerpt":{"rendered":"<p>Nous utilisons des cookies sur ce site pour am\u00e9liorer votre exp\u00e9rience de navigation. Que sont les cookies? Un cookie est un petit fichier texte qu&#8217;un site Web enregistre sur votre ordinateur ou appareil mobile lorsque vous visitez le site. Comment utilisons-nous les cookies? Nous utilisons Google Analytics, un service d&#8217;analyse de site internet fourni par&#8230;<\/p>\n","protected":false},"author":4,"featured_media":0,"parent":0,"menu_order":0,"comment_status":"closed","ping_status":"open","template":"templates\/full-width.php","meta":{"footnotes":""},"class_list":["post-7577","page","type-page","status-publish","hentry"],"yoast_head":"<!-- This site is optimized with the Yoast SEO Premium plugin v21.0 (Yoast SEO v27.4) - https:\/\/yoast.com\/product\/yoast-seo-premium-wordpress\/ -->\n<title>Cookies - Move Menorca<\/title>\n<meta name=\"description\" content=\"Nous utilisons des cookies sur ce site pour am\u00e9liorer votre exp\u00e9rience de navigation. Nous utilisons Google Analytics afin de nous aider \u00e0 am\u00e9liorer notre site.\" \/>\n<meta name=\"robots\" content=\"index, follow, max-snippet:-1, max-image-preview:large, max-video-preview:-1\" \/>\n<link rel=\"canonical\" href=\"https:\/\/movemenorca.com\/fr\/cookies\/\" \/>\n<meta property=\"og:locale\" content=\"fr_FR\" \/>\n<meta property=\"og:type\" content=\"article\" \/>\n<meta property=\"og:title\" content=\"Cookies\" \/>\n<meta property=\"og:description\" content=\"Nous utilisons des cookies sur ce site pour am\u00e9liorer votre exp\u00e9rience de navigation. Nous utilisons Google Analytics afin de nous aider \u00e0 am\u00e9liorer notre site.\" \/>\n<meta property=\"og:url\" content=\"https:\/\/movemenorca.com\/fr\/cookies\/\" \/>\n<meta property=\"og:site_name\" content=\"Move Menorca\" \/>\n<meta property=\"article:publisher\" content=\"https:\/\/www.facebook.com\/MoveMenorca\" \/>\n<meta property=\"article:modified_time\" content=\"2016-08-11T14:20:49+00:00\" \/>\n<meta property=\"og:image\" content=\"https:\/\/movemenorca.com\/wp-content\/uploads\/home-scaled.jpg\" \/>\n\t<meta property=\"og:image:width\" content=\"2560\" \/>\n\t<meta property=\"og:image:height\" content=\"1804\" \/>\n\t<meta property=\"og:image:type\" content=\"image\/jpeg\" \/>\n<meta name=\"twitter:card\" content=\"summary_large_image\" \/>\n<meta name=\"twitter:label1\" content=\"Dur\u00e9e de lecture estim\u00e9e\" \/>\n\t<meta name=\"twitter:data1\" content=\"2 minutes\" \/>\n<script type=\"application\/ld+json\" class=\"yoast-schema-graph\">{\"@context\":\"https:\\\/\\\/schema.org\",\"@graph\":[{\"@type\":\"WebPage\",\"@id\":\"https:\\\/\\\/movemenorca.com\\\/fr\\\/cookies\\\/\",\"url\":\"https:\\\/\\\/movemenorca.com\\\/fr\\\/cookies\\\/\",\"name\":\"Cookies - Move Menorca\",\"isPartOf\":{\"@id\":\"https:\\\/\\\/movemenorca.com\\\/#website\"},\"datePublished\":\"2015-08-19T14:49:30+00:00\",\"dateModified\":\"2016-08-11T14:20:49+00:00\",\"description\":\"Nous utilisons des cookies sur ce site pour am\u00e9liorer votre exp\u00e9rience de navigation. Nous utilisons Google Analytics afin de nous aider \u00e0 am\u00e9liorer notre site.\",\"breadcrumb\":{\"@id\":\"https:\\\/\\\/movemenorca.com\\\/fr\\\/cookies\\\/#breadcrumb\"},\"inLanguage\":\"fr-FR\",\"potentialAction\":[{\"@type\":\"ReadAction\",\"target\":[\"https:\\\/\\\/movemenorca.com\\\/fr\\\/cookies\\\/\"]}]},{\"@type\":\"BreadcrumbList\",\"@id\":\"https:\\\/\\\/movemenorca.com\\\/fr\\\/cookies\\\/#breadcrumb\",\"itemListElement\":[{\"@type\":\"ListItem\",\"position\":1,\"name\":\"Home\",\"item\":\"https:\\\/\\\/movemenorca.com\\\/fr\\\/\"},{\"@type\":\"ListItem\",\"position\":2,\"name\":\"Cookies\"}]},{\"@type\":\"WebSite\",\"@id\":\"https:\\\/\\\/movemenorca.com\\\/#website\",\"url\":\"https:\\\/\\\/movemenorca.com\\\/\",\"name\":\"Move Menorca\",\"description\":\"\",\"publisher\":{\"@id\":\"https:\\\/\\\/movemenorca.com\\\/#organization\"},\"potentialAction\":[{\"@type\":\"SearchAction\",\"target\":{\"@type\":\"EntryPoint\",\"urlTemplate\":\"https:\\\/\\\/movemenorca.com\\\/?s={search_term_string}\"},\"query-input\":{\"@type\":\"PropertyValueSpecification\",\"valueRequired\":true,\"valueName\":\"search_term_string\"}}],\"inLanguage\":\"fr-FR\"},{\"@type\":\"Organization\",\"@id\":\"https:\\\/\\\/movemenorca.com\\\/#organization\",\"name\":\"Move Menorca\",\"url\":\"https:\\\/\\\/movemenorca.com\\\/\",\"logo\":{\"@type\":\"ImageObject\",\"inLanguage\":\"fr-FR\",\"@id\":\"https:\\\/\\\/movemenorca.com\\\/#\\\/schema\\\/logo\\\/image\\\/\",\"url\":\"https:\\\/\\\/movemenorca.com\\\/wp-content\\\/uploads\\\/logo-2025.png\",\"contentUrl\":\"https:\\\/\\\/movemenorca.com\\\/wp-content\\\/uploads\\\/logo-2025.png\",\"width\":1277,\"height\":539,\"caption\":\"Move Menorca\"},\"image\":{\"@id\":\"https:\\\/\\\/movemenorca.com\\\/#\\\/schema\\\/logo\\\/image\\\/\"},\"sameAs\":[\"https:\\\/\\\/www.facebook.com\\\/MoveMenorca\"]}]}<\/script>\n<!-- \/ Yoast SEO Premium plugin. -->","yoast_head_json":{"title":"Cookies - Move Menorca","description":"Nous utilisons des cookies sur ce site pour am\u00e9liorer votre exp\u00e9rience de navigation. Nous utilisons Google Analytics afin de nous aider \u00e0 am\u00e9liorer notre site.","robots":{"index":"index","follow":"follow","max-snippet":"max-snippet:-1","max-image-preview":"max-image-preview:large","max-video-preview":"max-video-preview:-1"},"canonical":"https:\/\/movemenorca.com\/fr\/cookies\/","og_locale":"fr_FR","og_type":"article","og_title":"Cookies","og_description":"Nous utilisons des cookies sur ce site pour am\u00e9liorer votre exp\u00e9rience de navigation. Nous utilisons Google Analytics afin de nous aider \u00e0 am\u00e9liorer notre site.","og_url":"https:\/\/movemenorca.com\/fr\/cookies\/","og_site_name":"Move Menorca","article_publisher":"https:\/\/www.facebook.com\/MoveMenorca","article_modified_time":"2016-08-11T14:20:49+00:00","og_image":[{"width":2560,"height":1804,"url":"https:\/\/movemenorca.com\/wp-content\/uploads\/home-scaled.jpg","type":"image\/jpeg"}],"twitter_card":"summary_large_image","twitter_misc":{"Dur\u00e9e de lecture estim\u00e9e":"2 minutes"},"schema":{"@context":"https:\/\/schema.org","@graph":[{"@type":"WebPage","@id":"https:\/\/movemenorca.com\/fr\/cookies\/","url":"https:\/\/movemenorca.com\/fr\/cookies\/","name":"Cookies - Move Menorca","isPartOf":{"@id":"https:\/\/movemenorca.com\/#website"},"datePublished":"2015-08-19T14:49:30+00:00","dateModified":"2016-08-11T14:20:49+00:00","description":"Nous utilisons des cookies sur ce site pour am\u00e9liorer votre exp\u00e9rience de navigation. Nous utilisons Google Analytics afin de nous aider \u00e0 am\u00e9liorer notre site.","breadcrumb":{"@id":"https:\/\/movemenorca.com\/fr\/cookies\/#breadcrumb"},"inLanguage":"fr-FR","potentialAction":[{"@type":"ReadAction","target":["https:\/\/movemenorca.com\/fr\/cookies\/"]}]},{"@type":"BreadcrumbList","@id":"https:\/\/movemenorca.com\/fr\/cookies\/#breadcrumb","itemListElement":[{"@type":"ListItem","position":1,"name":"Home","item":"https:\/\/movemenorca.com\/fr\/"},{"@type":"ListItem","position":2,"name":"Cookies"}]},{"@type":"WebSite","@id":"https:\/\/movemenorca.com\/#website","url":"https:\/\/movemenorca.com\/","name":"Move Menorca","description":"","publisher":{"@id":"https:\/\/movemenorca.com\/#organization"},"potentialAction":[{"@type":"SearchAction","target":{"@type":"EntryPoint","urlTemplate":"https:\/\/movemenorca.com\/?s={search_term_string}"},"query-input":{"@type":"PropertyValueSpecification","valueRequired":true,"valueName":"search_term_string"}}],"inLanguage":"fr-FR"},{"@type":"Organization","@id":"https:\/\/movemenorca.com\/#organization","name":"Move Menorca","url":"https:\/\/movemenorca.com\/","logo":{"@type":"ImageObject","inLanguage":"fr-FR","@id":"https:\/\/movemenorca.com\/#\/schema\/logo\/image\/","url":"https:\/\/movemenorca.com\/wp-content\/uploads\/logo-2025.png","contentUrl":"https:\/\/movemenorca.com\/wp-content\/uploads\/logo-2025.png","width":1277,"height":539,"caption":"Move Menorca"},"image":{"@id":"https:\/\/movemenorca.com\/#\/schema\/logo\/image\/"},"sameAs":["https:\/\/www.facebook.com\/MoveMenorca"]}]}},"_links":{"self":[{"href":"https:\/\/movemenorca.com\/fr\/wp-json\/wp\/v2\/pages\/7577","targetHints":{"allow":["GET"]}}],"collection":[{"href":"https:\/\/movemenorca.com\/fr\/wp-json\/wp\/v2\/pages"}],"about":[{"href":"https:\/\/movemenorca.com\/fr\/wp-json\/wp\/v2\/types\/page"}],"author":[{"embeddable":true,"href":"https:\/\/movemenorca.com\/fr\/wp-json\/wp\/v2\/users\/4"}],"replies":[{"embeddable":true,"href":"https:\/\/movemenorca.com\/fr\/wp-json\/wp\/v2\/comments?post=7577"}],"version-history":[{"count":0,"href":"https:\/\/movemenorca.com\/fr\/wp-json\/wp\/v2\/pages\/7577\/revisions"}],"wp:attachment":[{"href":"https:\/\/movemenorca.com\/fr\/wp-json\/wp\/v2\/media?parent=7577"}],"curies":[{"name":"wp","href":"https:\/\/api.w.org\/{rel}","templated":true}]}}