{"id":7556,"date":"2015-07-07T07:49:16","date_gmt":"2015-07-07T05:49:16","guid":{"rendered":"http:\/\/movemenorca.vl23871.dinaserver.com\/fr\/about-us\/"},"modified":"2026-02-17T22:22:17","modified_gmt":"2026-02-17T21:22:17","slug":"a-propos-de-nous","status":"publish","type":"page","link":"https:\/\/movemenorca.com\/fr\/a-propos-de-nous\/","title":{"rendered":"\u00c0 Propos de Nous"},"content":{"rendered":"\t\t<div data-elementor-type=\"wp-page\" data-elementor-id=\"7556\" class=\"elementor elementor-7556 elementor-964\">\n\t\t\t\t\t\t<section data-particle_enable=\"false\" data-particle-mobile-disabled=\"false\" class=\"elementor-section elementor-top-section elementor-element elementor-element-4b8400a elementor-section-boxed elementor-section-height-default elementor-section-height-default\" data-id=\"4b8400a\" data-element_type=\"section\">\n\t\t\t\t\t\t<div class=\"elementor-container elementor-column-gap-default\">\n\t\t\t\t\t<div class=\"elementor-column elementor-col-50 elementor-top-column elementor-element elementor-element-52a603c2\" data-id=\"52a603c2\" data-element_type=\"column\">\n\t\t\t<div class=\"elementor-widget-wrap elementor-element-populated\">\n\t\t\t\t\t\t<div class=\"elementor-element elementor-element-23e1632 elementor-widget elementor-widget-heading\" data-id=\"23e1632\" data-element_type=\"widget\" data-widget_type=\"heading.default\">\n\t\t\t\t<div class=\"elementor-widget-container\">\n\t\t\t<h1 class=\"elementor-heading-title elementor-size-default\">Move Menorca Votre Agence Immobili\u00e8re \u00e0 Minorque<\/h1>\t\t<\/div>\n\t\t\t\t<\/div>\n\t\t\t\t<div class=\"elementor-element elementor-element-c71c2cf elementor-widget elementor-widget-text-editor\" data-id=\"c71c2cf\" data-element_type=\"widget\" data-widget_type=\"text-editor.default\">\n\t\t\t\t<div class=\"elementor-widget-container\">\n\t\t\t\t\t\t\t<p class=\"p1\">Move Menorca a \u00e9t\u00e9 fond\u00e9e en 2015 sur un principe simple : trouver votre maison \u00e0 Minorque devrait \u00eatre une exp\u00e9rience aussi sp\u00e9ciale que l\u2019\u00eele elle-m\u00eame. Roy et Tobias forment votre \u00e9quipe d\u00e9di\u00e9e sur place, alliant la discr\u00e9tion d\u2019un concierge personnel \u00e0 une expertise immobili\u00e8re approfondie.<\/p><p class=\"p1\">Roy accompagne chaque client de la premi\u00e8re prise de contact jusqu\u2019\u00e0 la remise des cl\u00e9s, en veillant \u00e0 ce que vous vous sentiez soutenu \u00e0 chaque \u00e9tape. Tobias, \u00e9lev\u00e9 sur l\u2019\u00eele par des parents n\u00e9erlandais, apporte une connaissance locale que seule une vie enti\u00e8re pass\u00e9e ici peut offrir. \u00c0 eux deux, ils parlent couramment l\u2019espagnol, le catalan, l\u2019anglais, le n\u00e9erlandais, l\u2019allemand et le fran\u00e7ais, rendant un processus parfois complexe v\u00e9ritablement fluide et sans effort.<\/p><p class=\"p1\">Vous travaillerez directement avec Roy et Tobias tout au long de votre projet, leurs num\u00e9ros de t\u00e9l\u00e9phone portable \u00e9tant disponibles 24h\/24 et 7j\/7 pour votre tranquillit\u00e9 d\u2019esprit. Cette approche personnalis\u00e9e leur a permis de fid\u00e9liser une client\u00e8le qui revient pour un nouvel achat immobilier et les recommande \u00e0 des amis appr\u00e9ciant le m\u00eame professionnalisme, la m\u00eame chaleur humaine et la m\u00eame attention.<\/p><p class=\"p1\">Leur connaissance va bien au-del\u00e0 des biens \u00e0 vendre. Ils comprennent quels villages correspondent le mieux \u00e0 votre style de vie, les subtilit\u00e9s de la vie insulaire et ce qui rend chaque coin de Minorque unique. Ils soutiennent activement le Menorca Preservation Fund, car la protection de cette \u00eele leur tient \u00e0 c\u0153ur.<\/p><p class=\"p1\">Si vous recherchez un service o\u00f9 vous vous sentez r\u00e9ellement pris en charge, avec un accompagnement \u00e0 la fois profond\u00e9ment professionnel et r\u00e9solument personnel, Roy et Tobias sont l\u00e0 pour vous aider.<\/p>\t\t\t\t\t\t<\/div>\n\t\t\t\t<\/div>\n\t\t\t\t<div class=\"elementor-element elementor-element-1d832921 elementor-widget elementor-widget-heading\" data-id=\"1d832921\" data-element_type=\"widget\" data-widget_type=\"heading.default\">\n\t\t\t\t<div class=\"elementor-widget-container\">\n\t\t\t<p class=\"elementor-heading-title elementor-size-default\">Move Menorca fait partie de Pou Nou Trading S.L., avec CIF:B57361057, si\u00e8ge social Cala LLonga,50, 07700 Mah\u00f3n, Minorque, Espagne, propri\u00e9taire unique Roy Thomas Sturgeon.<\/p>\t\t<\/div>\n\t\t\t\t<\/div>\n\t\t\t\t<div class=\"elementor-element elementor-element-1bd01448 elementor-widget elementor-widget-rhea-button-widget\" data-id=\"1bd01448\" data-element_type=\"widget\" data-widget_type=\"rhea-button-widget.default\">\n\t\t\t\t<div class=\"elementor-widget-container\">\n\t\t\t            <a class=\"rhea-custom-button default\" href=\"https:\/\/movemenorca.com\/contact-us\/\"\n\t\t\t\t\t\t\t\t            >\n\t\t\t\tContactez nous                    <i class=\"fa-solid fas fa-angle-right\"><\/i>            <\/a>\n\t\t\t\t\t<\/div>\n\t\t\t\t<\/div>\n\t\t\t\t\t<\/div>\n\t\t<\/div>\n\t\t\t\t<div class=\"elementor-column elementor-col-50 elementor-top-column elementor-element elementor-element-8c3ab21\" data-id=\"8c3ab21\" data-element_type=\"column\">\n\t\t\t<div class=\"elementor-widget-wrap elementor-element-populated\">\n\t\t\t\t\t\t<section data-particle_enable=\"false\" data-particle-mobile-disabled=\"false\" class=\"elementor-section elementor-inner-section elementor-element elementor-element-45115e87 elementor-section-boxed elementor-section-height-default elementor-section-height-default\" data-id=\"45115e87\" data-element_type=\"section\">\n\t\t\t\t\t\t<div class=\"elementor-container elementor-column-gap-no\">\n\t\t\t\t\t<div class=\"elementor-column elementor-col-100 elementor-inner-column elementor-element elementor-element-569c9059\" data-id=\"569c9059\" data-element_type=\"column\">\n\t\t\t<div class=\"elementor-widget-wrap elementor-element-populated\">\n\t\t\t\t\t\t<div class=\"elementor-element elementor-element-bee1122 elementor-widget elementor-widget-image\" data-id=\"bee1122\" data-element_type=\"widget\" data-widget_type=\"image.default\">\n\t\t\t\t<div class=\"elementor-widget-container\">\n\t\t\t\t\t\t\t\t\t\t\t\t\t<img fetchpriority=\"high\" decoding=\"async\" width=\"1500\" height=\"1576\" src=\"https:\/\/movemenorca.com\/wp-content\/uploads\/roy.jpg\" class=\"elementor-animation-float attachment-full size-full wp-image-135935\" alt=\"\" srcset=\"https:\/\/movemenorca.com\/wp-content\/uploads\/roy.jpg 1500w, https:\/\/movemenorca.com\/wp-content\/uploads\/roy-286x300.jpg 286w, https:\/\/movemenorca.com\/wp-content\/uploads\/roy-975x1024.jpg 975w, https:\/\/movemenorca.com\/wp-content\/uploads\/roy-768x807.jpg 768w, https:\/\/movemenorca.com\/wp-content\/uploads\/roy-1462x1536.jpg 1462w, https:\/\/movemenorca.com\/wp-content\/uploads\/roy-143x150.jpg 143w\" sizes=\"(max-width: 1500px) 100vw, 1500px\" \/>\t\t\t\t\t\t\t\t\t\t\t\t\t<\/div>\n\t\t\t\t<\/div>\n\t\t\t\t\t<\/div>\n\t\t<\/div>\n\t\t\t\t\t<\/div>\n\t\t<\/section>\n\t\t\t\t\t<\/div>\n\t\t<\/div>\n\t\t\t\t\t<\/div>\n\t\t<\/section>\n\t\t\t\t<section data-particle_enable=\"false\" data-particle-mobile-disabled=\"false\" class=\"elementor-section elementor-top-section elementor-element elementor-element-699ff986 elementor-section-content-top elementor-section-boxed elementor-section-height-default elementor-section-height-default\" data-id=\"699ff986\" data-element_type=\"section\" data-settings=\"{&quot;background_background&quot;:&quot;classic&quot;}\">\n\t\t\t\t\t\t<div class=\"elementor-container elementor-column-gap-default\">\n\t\t\t\t\t<div class=\"elementor-column elementor-col-50 elementor-top-column elementor-element elementor-element-2b6a5055\" data-id=\"2b6a5055\" data-element_type=\"column\">\n\t\t\t<div class=\"elementor-widget-wrap elementor-element-populated\">\n\t\t\t\t\t\t<div class=\"elementor-element elementor-element-b553534 elementor-widget elementor-widget-heading\" data-id=\"b553534\" data-element_type=\"widget\" data-widget_type=\"heading.default\">\n\t\t\t\t<div class=\"elementor-widget-container\">\n\t\t\t<h2 class=\"elementor-heading-title elementor-size-default\">Si vous recherchez une propri\u00e9t\u00e9, nous :<\/h2>\t\t<\/div>\n\t\t\t\t<\/div>\n\t\t\t\t<div class=\"elementor-element elementor-element-b7b2cd2 elementor-widget elementor-widget-heading\" data-id=\"b7b2cd2\" data-element_type=\"widget\" data-widget_type=\"heading.default\">\n\t\t\t\t<div class=\"elementor-widget-container\">\n\t\t\t<p class=\"elementor-heading-title elementor-size-default\">- Nous adaptons votre recherche pour vous montrer uniquement les propri\u00e9t\u00e9s qui correspondent \u00e0 vos besoins, peut-\u00eatre avec parfois une \u00ab maison myst\u00e8re \u00bb incluse!<\/p>\t\t<\/div>\n\t\t\t\t<\/div>\n\t\t\t\t<div class=\"elementor-element elementor-element-37de05e0 elementor-widget elementor-widget-heading\" data-id=\"37de05e0\" data-element_type=\"widget\" data-widget_type=\"heading.default\">\n\t\t\t\t<div class=\"elementor-widget-container\">\n\t\t\t<p class=\"elementor-heading-title elementor-size-default\">- Nous vous aidons \u00e0 chaque \u00e9tape du processus d'achat.<\/p>\t\t<\/div>\n\t\t\t\t<\/div>\n\t\t\t\t<div class=\"elementor-element elementor-element-3ae93b7c elementor-widget elementor-widget-heading\" data-id=\"3ae93b7c\" data-element_type=\"widget\" data-widget_type=\"heading.default\">\n\t\t\t\t<div class=\"elementor-widget-container\">\n\t\t\t<p class=\"elementor-heading-title elementor-size-default\">- Nous offrons des conseils sur la fa\u00e7on de vivre ou de poss\u00e9der une maison de vacances \u00e0 Minorque.<\/p>\t\t<\/div>\n\t\t\t\t<\/div>\n\t\t\t\t\t<\/div>\n\t\t<\/div>\n\t\t\t\t<div class=\"elementor-column elementor-col-50 elementor-top-column elementor-element elementor-element-37c3aaea\" data-id=\"37c3aaea\" data-element_type=\"column\">\n\t\t\t<div class=\"elementor-widget-wrap elementor-element-populated\">\n\t\t\t\t\t\t<div class=\"elementor-element elementor-element-5bf3ee3e elementor-widget elementor-widget-heading\" data-id=\"5bf3ee3e\" data-element_type=\"widget\" data-widget_type=\"heading.default\">\n\t\t\t\t<div class=\"elementor-widget-container\">\n\t\t\t<h2 class=\"elementor-heading-title elementor-size-default\">Si vous commercialisez votre propri\u00e9t\u00e9 avec nous:<\/h2>\t\t<\/div>\n\t\t\t\t<\/div>\n\t\t\t\t<div class=\"elementor-element elementor-element-25fa01db elementor-widget elementor-widget-heading\" data-id=\"25fa01db\" data-element_type=\"widget\" data-widget_type=\"heading.default\">\n\t\t\t\t<div class=\"elementor-widget-container\">\n\t\t\t<p class=\"elementor-heading-title elementor-size-default\">- Nous veillons \u00e0 trouver les bons acheteurs pour votre maison.<\/p>\t\t<\/div>\n\t\t\t\t<\/div>\n\t\t\t\t<div class=\"elementor-element elementor-element-210034c6 elementor-widget elementor-widget-heading\" data-id=\"210034c6\" data-element_type=\"widget\" data-widget_type=\"heading.default\">\n\t\t\t\t<div class=\"elementor-widget-container\">\n\t\t\t<p class=\"elementor-heading-title elementor-size-default\">- Nous fournissons des commentaires r\u00e9guliers et pertinents \u00e0 tout moment afin que vous soyez toujours au courant de ce qui se passe avec la vente de votre maison.<\/p>\t\t<\/div>\n\t\t\t\t<\/div>\n\t\t\t\t<div class=\"elementor-element elementor-element-5f25e5d4 elementor-widget elementor-widget-heading\" data-id=\"5f25e5d4\" data-element_type=\"widget\" data-widget_type=\"heading.default\">\n\t\t\t\t<div class=\"elementor-widget-container\">\n\t\t\t<p class=\"elementor-heading-title elementor-size-default\">- Nous offrons des conseils si nous pensons que vous pouvez faire quelque chose pour am\u00e9liorer davantage la valeur ou la viabilit\u00e9 de votre maison<\/p>\t\t<\/div>\n\t\t\t\t<\/div>\n\t\t\t\t<div class=\"elementor-element elementor-element-44d612d9 elementor-widget elementor-widget-heading\" data-id=\"44d612d9\" data-element_type=\"widget\" data-widget_type=\"heading.default\">\n\t\t\t\t<div class=\"elementor-widget-container\">\n\t\t\t<p class=\"elementor-heading-title elementor-size-default\">- Nous sommes disponibles \u00e0 tout moment pour garantir que votre vente soit une exp\u00e9rience agr\u00e9able et g\u00e9r\u00e9e de mani\u00e8re professionnelle.<\/p>\t\t<\/div>\n\t\t\t\t<\/div>\n\t\t\t\t\t<\/div>\n\t\t<\/div>\n\t\t\t\t\t<\/div>\n\t\t<\/section>\n\t\t\t\t<\/div>\n\t\t","protected":false},"excerpt":{"rendered":"<p>Move Menorca Votre Agence Immobili\u00e8re \u00e0 Minorque Move Menorca a \u00e9t\u00e9 fond\u00e9e en 2015 sur un principe simple : trouver votre maison \u00e0 Minorque devrait \u00eatre une exp\u00e9rience aussi sp\u00e9ciale que l\u2019\u00eele elle-m\u00eame. Roy et Tobias forment votre \u00e9quipe d\u00e9di\u00e9e sur place, alliant la discr\u00e9tion d\u2019un concierge personnel \u00e0 une expertise immobili\u00e8re approfondie. Roy accompagne&#8230;<\/p>\n","protected":false},"author":4,"featured_media":0,"parent":0,"menu_order":0,"comment_status":"closed","ping_status":"closed","template":"templates\/home.php","meta":{"footnotes":""},"class_list":["post-7556","page","type-page","status-publish","hentry"],"yoast_head":"<!-- This site is optimized with the Yoast SEO Premium plugin v21.0 (Yoast SEO v27.5) - https:\/\/yoast.com\/product\/yoast-seo-premium-wordpress\/ -->\n<title>\u00c0 Propos de Nous - Move Menorca<\/title>\n<meta name=\"description\" content=\"Move Menorca is an exceptionally hard-working and professional independent estate agency dedicated to the process of buying or selling your home.\" \/>\n<meta name=\"robots\" content=\"index, follow, max-snippet:-1, max-image-preview:large, max-video-preview:-1\" \/>\n<link rel=\"canonical\" href=\"https:\/\/movemenorca.com\/about-us\/\" \/>\n<meta property=\"og:locale\" content=\"fr_FR\" \/>\n<meta property=\"og:type\" content=\"article\" \/>\n<meta property=\"og:title\" content=\"\u00c0 Propos de Nous\" \/>\n<meta property=\"og:description\" content=\"Move Menorca is an exceptionally hard-working and professional independent estate agency dedicated to the process of buying or selling your home.\" \/>\n<meta property=\"og:url\" content=\"https:\/\/movemenorca.com\/about-us\/\" \/>\n<meta property=\"og:site_name\" content=\"Move Menorca\" \/>\n<meta property=\"article:publisher\" content=\"https:\/\/www.facebook.com\/MoveMenorca\" \/>\n<meta property=\"article:modified_time\" content=\"2026-02-17T21:22:17+00:00\" \/>\n<meta property=\"og:image\" content=\"https:\/\/movemenorca.com\/wp-content\/uploads\/roy.jpg\" \/>\n\t<meta property=\"og:image:width\" content=\"1500\" \/>\n\t<meta property=\"og:image:height\" content=\"1576\" \/>\n\t<meta property=\"og:image:type\" content=\"image\/jpeg\" \/>\n<meta name=\"twitter:card\" content=\"summary_large_image\" \/>\n<meta name=\"twitter:label1\" content=\"Dur\u00e9e de lecture estim\u00e9e\" \/>\n\t<meta name=\"twitter:data1\" content=\"3 minutes\" \/>\n<script type=\"application\/ld+json\" class=\"yoast-schema-graph\">{\"@context\":\"https:\\\/\\\/schema.org\",\"@graph\":[{\"@type\":\"WebPage\",\"@id\":\"https:\\\/\\\/movemenorca.com\\\/about-us\\\/\",\"url\":\"https:\\\/\\\/movemenorca.com\\\/about-us\\\/\",\"name\":\"\u00c0 Propos de Nous - Move Menorca\",\"isPartOf\":{\"@id\":\"https:\\\/\\\/movemenorca.com\\\/#website\"},\"primaryImageOfPage\":{\"@id\":\"https:\\\/\\\/movemenorca.com\\\/about-us\\\/#primaryimage\"},\"image\":{\"@id\":\"https:\\\/\\\/movemenorca.com\\\/about-us\\\/#primaryimage\"},\"thumbnailUrl\":\"https:\\\/\\\/movemenorca.com\\\/wp-content\\\/uploads\\\/roy.jpg\",\"datePublished\":\"2015-07-07T05:49:16+00:00\",\"dateModified\":\"2026-02-17T21:22:17+00:00\",\"description\":\"Move Menorca is an exceptionally hard-working and professional independent estate agency dedicated to the process of buying or selling your home.\",\"breadcrumb\":{\"@id\":\"https:\\\/\\\/movemenorca.com\\\/about-us\\\/#breadcrumb\"},\"inLanguage\":\"fr-FR\",\"potentialAction\":[{\"@type\":\"ReadAction\",\"target\":[\"https:\\\/\\\/movemenorca.com\\\/about-us\\\/\"]}]},{\"@type\":\"ImageObject\",\"inLanguage\":\"fr-FR\",\"@id\":\"https:\\\/\\\/movemenorca.com\\\/about-us\\\/#primaryimage\",\"url\":\"https:\\\/\\\/movemenorca.com\\\/wp-content\\\/uploads\\\/roy.jpg\",\"contentUrl\":\"https:\\\/\\\/movemenorca.com\\\/wp-content\\\/uploads\\\/roy.jpg\"},{\"@type\":\"BreadcrumbList\",\"@id\":\"https:\\\/\\\/movemenorca.com\\\/about-us\\\/#breadcrumb\",\"itemListElement\":[{\"@type\":\"ListItem\",\"position\":1,\"name\":\"Home\",\"item\":\"https:\\\/\\\/movemenorca.com\\\/fr\\\/\"},{\"@type\":\"ListItem\",\"position\":2,\"name\":\"\u00c0 Propos de Nous\"}]},{\"@type\":\"WebSite\",\"@id\":\"https:\\\/\\\/movemenorca.com\\\/#website\",\"url\":\"https:\\\/\\\/movemenorca.com\\\/\",\"name\":\"Move Menorca\",\"description\":\"\",\"publisher\":{\"@id\":\"https:\\\/\\\/movemenorca.com\\\/#organization\"},\"potentialAction\":[{\"@type\":\"SearchAction\",\"target\":{\"@type\":\"EntryPoint\",\"urlTemplate\":\"https:\\\/\\\/movemenorca.com\\\/?s={search_term_string}\"},\"query-input\":{\"@type\":\"PropertyValueSpecification\",\"valueRequired\":true,\"valueName\":\"search_term_string\"}}],\"inLanguage\":\"fr-FR\"},{\"@type\":\"Organization\",\"@id\":\"https:\\\/\\\/movemenorca.com\\\/#organization\",\"name\":\"Move Menorca\",\"url\":\"https:\\\/\\\/movemenorca.com\\\/\",\"logo\":{\"@type\":\"ImageObject\",\"inLanguage\":\"fr-FR\",\"@id\":\"https:\\\/\\\/movemenorca.com\\\/#\\\/schema\\\/logo\\\/image\\\/\",\"url\":\"https:\\\/\\\/movemenorca.com\\\/wp-content\\\/uploads\\\/logo-2025.png\",\"contentUrl\":\"https:\\\/\\\/movemenorca.com\\\/wp-content\\\/uploads\\\/logo-2025.png\",\"width\":1277,\"height\":539,\"caption\":\"Move Menorca\"},\"image\":{\"@id\":\"https:\\\/\\\/movemenorca.com\\\/#\\\/schema\\\/logo\\\/image\\\/\"},\"sameAs\":[\"https:\\\/\\\/www.facebook.com\\\/MoveMenorca\"]}]}<\/script>\n<!-- \/ Yoast SEO Premium plugin. -->","yoast_head_json":{"title":"\u00c0 Propos de Nous - Move Menorca","description":"Move Menorca is an exceptionally hard-working and professional independent estate agency dedicated to the process of buying or selling your home.","robots":{"index":"index","follow":"follow","max-snippet":"max-snippet:-1","max-image-preview":"max-image-preview:large","max-video-preview":"max-video-preview:-1"},"canonical":"https:\/\/movemenorca.com\/about-us\/","og_locale":"fr_FR","og_type":"article","og_title":"\u00c0 Propos de Nous","og_description":"Move Menorca is an exceptionally hard-working and professional independent estate agency dedicated to the process of buying or selling your home.","og_url":"https:\/\/movemenorca.com\/about-us\/","og_site_name":"Move Menorca","article_publisher":"https:\/\/www.facebook.com\/MoveMenorca","article_modified_time":"2026-02-17T21:22:17+00:00","og_image":[{"width":1500,"height":1576,"url":"https:\/\/movemenorca.com\/wp-content\/uploads\/roy.jpg","type":"image\/jpeg"}],"twitter_card":"summary_large_image","twitter_misc":{"Dur\u00e9e de lecture estim\u00e9e":"3 minutes"},"schema":{"@context":"https:\/\/schema.org","@graph":[{"@type":"WebPage","@id":"https:\/\/movemenorca.com\/about-us\/","url":"https:\/\/movemenorca.com\/about-us\/","name":"\u00c0 Propos de Nous - Move Menorca","isPartOf":{"@id":"https:\/\/movemenorca.com\/#website"},"primaryImageOfPage":{"@id":"https:\/\/movemenorca.com\/about-us\/#primaryimage"},"image":{"@id":"https:\/\/movemenorca.com\/about-us\/#primaryimage"},"thumbnailUrl":"https:\/\/movemenorca.com\/wp-content\/uploads\/roy.jpg","datePublished":"2015-07-07T05:49:16+00:00","dateModified":"2026-02-17T21:22:17+00:00","description":"Move Menorca is an exceptionally hard-working and professional independent estate agency dedicated to the process of buying or selling your home.","breadcrumb":{"@id":"https:\/\/movemenorca.com\/about-us\/#breadcrumb"},"inLanguage":"fr-FR","potentialAction":[{"@type":"ReadAction","target":["https:\/\/movemenorca.com\/about-us\/"]}]},{"@type":"ImageObject","inLanguage":"fr-FR","@id":"https:\/\/movemenorca.com\/about-us\/#primaryimage","url":"https:\/\/movemenorca.com\/wp-content\/uploads\/roy.jpg","contentUrl":"https:\/\/movemenorca.com\/wp-content\/uploads\/roy.jpg"},{"@type":"BreadcrumbList","@id":"https:\/\/movemenorca.com\/about-us\/#breadcrumb","itemListElement":[{"@type":"ListItem","position":1,"name":"Home","item":"https:\/\/movemenorca.com\/fr\/"},{"@type":"ListItem","position":2,"name":"\u00c0 Propos de Nous"}]},{"@type":"WebSite","@id":"https:\/\/movemenorca.com\/#website","url":"https:\/\/movemenorca.com\/","name":"Move Menorca","description":"","publisher":{"@id":"https:\/\/movemenorca.com\/#organization"},"potentialAction":[{"@type":"SearchAction","target":{"@type":"EntryPoint","urlTemplate":"https:\/\/movemenorca.com\/?s={search_term_string}"},"query-input":{"@type":"PropertyValueSpecification","valueRequired":true,"valueName":"search_term_string"}}],"inLanguage":"fr-FR"},{"@type":"Organization","@id":"https:\/\/movemenorca.com\/#organization","name":"Move Menorca","url":"https:\/\/movemenorca.com\/","logo":{"@type":"ImageObject","inLanguage":"fr-FR","@id":"https:\/\/movemenorca.com\/#\/schema\/logo\/image\/","url":"https:\/\/movemenorca.com\/wp-content\/uploads\/logo-2025.png","contentUrl":"https:\/\/movemenorca.com\/wp-content\/uploads\/logo-2025.png","width":1277,"height":539,"caption":"Move Menorca"},"image":{"@id":"https:\/\/movemenorca.com\/#\/schema\/logo\/image\/"},"sameAs":["https:\/\/www.facebook.com\/MoveMenorca"]}]}},"_links":{"self":[{"href":"https:\/\/movemenorca.com\/fr\/wp-json\/wp\/v2\/pages\/7556","targetHints":{"allow":["GET"]}}],"collection":[{"href":"https:\/\/movemenorca.com\/fr\/wp-json\/wp\/v2\/pages"}],"about":[{"href":"https:\/\/movemenorca.com\/fr\/wp-json\/wp\/v2\/types\/page"}],"author":[{"embeddable":true,"href":"https:\/\/movemenorca.com\/fr\/wp-json\/wp\/v2\/users\/4"}],"replies":[{"embeddable":true,"href":"https:\/\/movemenorca.com\/fr\/wp-json\/wp\/v2\/comments?post=7556"}],"version-history":[{"count":6,"href":"https:\/\/movemenorca.com\/fr\/wp-json\/wp\/v2\/pages\/7556\/revisions"}],"predecessor-version":[{"id":151897,"href":"https:\/\/movemenorca.com\/fr\/wp-json\/wp\/v2\/pages\/7556\/revisions\/151897"}],"wp:attachment":[{"href":"https:\/\/movemenorca.com\/fr\/wp-json\/wp\/v2\/media?parent=7556"}],"curies":[{"name":"wp","href":"https:\/\/api.w.org\/{rel}","templated":true}]}}