{"id":7550,"date":"2013-08-03T23:46:19","date_gmt":"2013-08-03T23:46:19","guid":{"rendered":"http:\/\/movemenorca.vl23871.dinaserver.com\/fr\/property-search\/"},"modified":"2023-09-06T18:07:55","modified_gmt":"2023-09-06T16:07:55","slug":"recherche-de-propriete","status":"publish","type":"page","link":"https:\/\/movemenorca.com\/fr\/recherche-de-propriete\/","title":{"rendered":"Recherche de propri\u00e9t\u00e9"},"content":{"rendered":"","protected":false},"excerpt":{"rendered":"","protected":false},"author":4,"featured_media":0,"parent":0,"menu_order":0,"comment_status":"open","ping_status":"open","template":"templates\/properties-search.php","meta":{"footnotes":""},"class_list":["post-7550","page","type-page","status-publish","hentry"],"yoast_head":"<!-- This site is optimized with the Yoast SEO Premium plugin v21.0 (Yoast SEO v27.5) - https:\/\/yoast.com\/product\/yoast-seo-premium-wordpress\/ -->\n<title>Recherche de propri\u00e9t\u00e9 - Move Menorca<\/title>\n<meta name=\"description\" content=\"Trouvez la propri\u00e9t\u00e9 de vos r\u00eaves \u00e0 Minorque. Nous avons des villas, des maisons, des appartements \u00e0 vendre partout \u00e0 Minorque. Si ce n&#039;est pas sur notre site Web, nous vous aiderons \u00e0 le trouver.\" \/>\n<meta name=\"robots\" content=\"index, follow, max-snippet:-1, max-image-preview:large, max-video-preview:-1\" \/>\n<link rel=\"canonical\" href=\"https:\/\/movemenorca.com\/fr\/recherche-de-propriete\/\" \/>\n<meta property=\"og:locale\" content=\"fr_FR\" \/>\n<meta property=\"og:type\" content=\"article\" \/>\n<meta property=\"og:title\" content=\"Recherche de propri\u00e9t\u00e9\" \/>\n<meta property=\"og:description\" content=\"Trouvez la propri\u00e9t\u00e9 de vos r\u00eaves \u00e0 Minorque. Nous avons des villas, des maisons, des appartements \u00e0 vendre partout \u00e0 Minorque. Si ce n&#039;est pas sur notre site Web, nous vous aiderons \u00e0 le trouver.\" \/>\n<meta property=\"og:url\" content=\"https:\/\/movemenorca.com\/fr\/recherche-de-propriete\/\" \/>\n<meta property=\"og:site_name\" content=\"Move Menorca\" \/>\n<meta property=\"article:publisher\" content=\"https:\/\/www.facebook.com\/MoveMenorca\" \/>\n<meta property=\"article:modified_time\" content=\"2023-09-06T16:07:55+00:00\" \/>\n<meta property=\"og:image\" content=\"https:\/\/movemenorca.com\/wp-content\/uploads\/home-scaled.jpg\" \/>\n\t<meta property=\"og:image:width\" content=\"2560\" \/>\n\t<meta property=\"og:image:height\" content=\"1804\" \/>\n\t<meta property=\"og:image:type\" content=\"image\/jpeg\" \/>\n<meta name=\"twitter:card\" content=\"summary_large_image\" \/>\n<script type=\"application\/ld+json\" class=\"yoast-schema-graph\">{\"@context\":\"https:\\\/\\\/schema.org\",\"@graph\":[{\"@type\":\"WebPage\",\"@id\":\"https:\\\/\\\/movemenorca.com\\\/fr\\\/recherche-de-propriete\\\/\",\"url\":\"https:\\\/\\\/movemenorca.com\\\/fr\\\/recherche-de-propriete\\\/\",\"name\":\"Recherche de propri\u00e9t\u00e9 - Move Menorca\",\"isPartOf\":{\"@id\":\"https:\\\/\\\/movemenorca.com\\\/#website\"},\"datePublished\":\"2013-08-03T23:46:19+00:00\",\"dateModified\":\"2023-09-06T16:07:55+00:00\",\"description\":\"Trouvez la propri\u00e9t\u00e9 de vos r\u00eaves \u00e0 Minorque. Nous avons des villas, des maisons, des appartements \u00e0 vendre partout \u00e0 Minorque. Si ce n'est pas sur notre site Web, nous vous aiderons \u00e0 le trouver.\",\"breadcrumb\":{\"@id\":\"https:\\\/\\\/movemenorca.com\\\/fr\\\/recherche-de-propriete\\\/#breadcrumb\"},\"inLanguage\":\"fr-FR\",\"potentialAction\":[{\"@type\":\"ReadAction\",\"target\":[\"https:\\\/\\\/movemenorca.com\\\/fr\\\/recherche-de-propriete\\\/\"]}]},{\"@type\":\"BreadcrumbList\",\"@id\":\"https:\\\/\\\/movemenorca.com\\\/fr\\\/recherche-de-propriete\\\/#breadcrumb\",\"itemListElement\":[{\"@type\":\"ListItem\",\"position\":1,\"name\":\"Home\",\"item\":\"https:\\\/\\\/movemenorca.com\\\/fr\\\/\"},{\"@type\":\"ListItem\",\"position\":2,\"name\":\"Recherche de propri\u00e9t\u00e9\"}]},{\"@type\":\"WebSite\",\"@id\":\"https:\\\/\\\/movemenorca.com\\\/#website\",\"url\":\"https:\\\/\\\/movemenorca.com\\\/\",\"name\":\"Move Menorca\",\"description\":\"\",\"publisher\":{\"@id\":\"https:\\\/\\\/movemenorca.com\\\/#organization\"},\"potentialAction\":[{\"@type\":\"SearchAction\",\"target\":{\"@type\":\"EntryPoint\",\"urlTemplate\":\"https:\\\/\\\/movemenorca.com\\\/?s={search_term_string}\"},\"query-input\":{\"@type\":\"PropertyValueSpecification\",\"valueRequired\":true,\"valueName\":\"search_term_string\"}}],\"inLanguage\":\"fr-FR\"},{\"@type\":\"Organization\",\"@id\":\"https:\\\/\\\/movemenorca.com\\\/#organization\",\"name\":\"Move Menorca\",\"url\":\"https:\\\/\\\/movemenorca.com\\\/\",\"logo\":{\"@type\":\"ImageObject\",\"inLanguage\":\"fr-FR\",\"@id\":\"https:\\\/\\\/movemenorca.com\\\/#\\\/schema\\\/logo\\\/image\\\/\",\"url\":\"https:\\\/\\\/movemenorca.com\\\/wp-content\\\/uploads\\\/logo-2025.png\",\"contentUrl\":\"https:\\\/\\\/movemenorca.com\\\/wp-content\\\/uploads\\\/logo-2025.png\",\"width\":1277,\"height\":539,\"caption\":\"Move Menorca\"},\"image\":{\"@id\":\"https:\\\/\\\/movemenorca.com\\\/#\\\/schema\\\/logo\\\/image\\\/\"},\"sameAs\":[\"https:\\\/\\\/www.facebook.com\\\/MoveMenorca\"]}]}<\/script>\n<!-- \/ Yoast SEO Premium plugin. -->","yoast_head_json":{"title":"Recherche de propri\u00e9t\u00e9 - Move Menorca","description":"Trouvez la propri\u00e9t\u00e9 de vos r\u00eaves \u00e0 Minorque. Nous avons des villas, des maisons, des appartements \u00e0 vendre partout \u00e0 Minorque. Si ce n'est pas sur notre site Web, nous vous aiderons \u00e0 le trouver.","robots":{"index":"index","follow":"follow","max-snippet":"max-snippet:-1","max-image-preview":"max-image-preview:large","max-video-preview":"max-video-preview:-1"},"canonical":"https:\/\/movemenorca.com\/fr\/recherche-de-propriete\/","og_locale":"fr_FR","og_type":"article","og_title":"Recherche de propri\u00e9t\u00e9","og_description":"Trouvez la propri\u00e9t\u00e9 de vos r\u00eaves \u00e0 Minorque. Nous avons des villas, des maisons, des appartements \u00e0 vendre partout \u00e0 Minorque. Si ce n'est pas sur notre site Web, nous vous aiderons \u00e0 le trouver.","og_url":"https:\/\/movemenorca.com\/fr\/recherche-de-propriete\/","og_site_name":"Move Menorca","article_publisher":"https:\/\/www.facebook.com\/MoveMenorca","article_modified_time":"2023-09-06T16:07:55+00:00","og_image":[{"width":2560,"height":1804,"url":"https:\/\/movemenorca.com\/wp-content\/uploads\/home-scaled.jpg","type":"image\/jpeg"}],"twitter_card":"summary_large_image","schema":{"@context":"https:\/\/schema.org","@graph":[{"@type":"WebPage","@id":"https:\/\/movemenorca.com\/fr\/recherche-de-propriete\/","url":"https:\/\/movemenorca.com\/fr\/recherche-de-propriete\/","name":"Recherche de propri\u00e9t\u00e9 - Move Menorca","isPartOf":{"@id":"https:\/\/movemenorca.com\/#website"},"datePublished":"2013-08-03T23:46:19+00:00","dateModified":"2023-09-06T16:07:55+00:00","description":"Trouvez la propri\u00e9t\u00e9 de vos r\u00eaves \u00e0 Minorque. Nous avons des villas, des maisons, des appartements \u00e0 vendre partout \u00e0 Minorque. Si ce n'est pas sur notre site Web, nous vous aiderons \u00e0 le trouver.","breadcrumb":{"@id":"https:\/\/movemenorca.com\/fr\/recherche-de-propriete\/#breadcrumb"},"inLanguage":"fr-FR","potentialAction":[{"@type":"ReadAction","target":["https:\/\/movemenorca.com\/fr\/recherche-de-propriete\/"]}]},{"@type":"BreadcrumbList","@id":"https:\/\/movemenorca.com\/fr\/recherche-de-propriete\/#breadcrumb","itemListElement":[{"@type":"ListItem","position":1,"name":"Home","item":"https:\/\/movemenorca.com\/fr\/"},{"@type":"ListItem","position":2,"name":"Recherche de propri\u00e9t\u00e9"}]},{"@type":"WebSite","@id":"https:\/\/movemenorca.com\/#website","url":"https:\/\/movemenorca.com\/","name":"Move Menorca","description":"","publisher":{"@id":"https:\/\/movemenorca.com\/#organization"},"potentialAction":[{"@type":"SearchAction","target":{"@type":"EntryPoint","urlTemplate":"https:\/\/movemenorca.com\/?s={search_term_string}"},"query-input":{"@type":"PropertyValueSpecification","valueRequired":true,"valueName":"search_term_string"}}],"inLanguage":"fr-FR"},{"@type":"Organization","@id":"https:\/\/movemenorca.com\/#organization","name":"Move Menorca","url":"https:\/\/movemenorca.com\/","logo":{"@type":"ImageObject","inLanguage":"fr-FR","@id":"https:\/\/movemenorca.com\/#\/schema\/logo\/image\/","url":"https:\/\/movemenorca.com\/wp-content\/uploads\/logo-2025.png","contentUrl":"https:\/\/movemenorca.com\/wp-content\/uploads\/logo-2025.png","width":1277,"height":539,"caption":"Move Menorca"},"image":{"@id":"https:\/\/movemenorca.com\/#\/schema\/logo\/image\/"},"sameAs":["https:\/\/www.facebook.com\/MoveMenorca"]}]}},"_links":{"self":[{"href":"https:\/\/movemenorca.com\/fr\/wp-json\/wp\/v2\/pages\/7550","targetHints":{"allow":["GET"]}}],"collection":[{"href":"https:\/\/movemenorca.com\/fr\/wp-json\/wp\/v2\/pages"}],"about":[{"href":"https:\/\/movemenorca.com\/fr\/wp-json\/wp\/v2\/types\/page"}],"author":[{"embeddable":true,"href":"https:\/\/movemenorca.com\/fr\/wp-json\/wp\/v2\/users\/4"}],"replies":[{"embeddable":true,"href":"https:\/\/movemenorca.com\/fr\/wp-json\/wp\/v2\/comments?post=7550"}],"version-history":[{"count":0,"href":"https:\/\/movemenorca.com\/fr\/wp-json\/wp\/v2\/pages\/7550\/revisions"}],"wp:attachment":[{"href":"https:\/\/movemenorca.com\/fr\/wp-json\/wp\/v2\/media?parent=7550"}],"curies":[{"name":"wp","href":"https:\/\/api.w.org\/{rel}","templated":true}]}}