{"id":7547,"date":"2013-08-05T08:02:08","date_gmt":"2013-08-05T08:02:08","guid":{"rendered":"http:\/\/movemenorca.vl23871.dinaserver.com\/fr\/listing\/"},"modified":"2023-09-06T18:18:32","modified_gmt":"2023-09-06T16:18:32","slug":"listing","status":"publish","type":"page","link":"https:\/\/movemenorca.com\/fr\/listing\/","title":{"rendered":"Propri\u00e9t\u00e9s"},"content":{"rendered":"","protected":false},"excerpt":{"rendered":"","protected":false},"author":4,"featured_media":0,"parent":0,"menu_order":0,"comment_status":"open","ping_status":"open","template":"templates\/grid-layout-full-width.php","meta":{"footnotes":""},"class_list":["post-7547","page","type-page","status-publish","hentry"],"yoast_head":"<!-- This site is optimized with the Yoast SEO Premium plugin v21.0 (Yoast SEO v27.3) - https:\/\/yoast.com\/product\/yoast-seo-premium-wordpress\/ -->\n<title>Propiedades en Venta en Menorca | Gama de propiedades disponibles<\/title>\n<meta name=\"description\" content=\"Una lista de algunas de las propiedades que tenemos a la venta en Move Menorca. Tenemos una amplia gama de apartamentos, villas, casas adosadas, parcelas y fincas r\u00fasticas. Para obtener m\u00e1s informaci\u00f3n sobre cualquiera de las propiedades en nuestro sitio web o propiedades en venta en Menorca, p\u00f3ngase en contacto con nosotros en el +34 649 176 713 o en info@movemenorca.com\" \/>\n<meta name=\"robots\" content=\"index, follow, max-snippet:-1, max-image-preview:large, max-video-preview:-1\" \/>\n<link rel=\"canonical\" href=\"https:\/\/movemenorca.com\/fr\/listing\/\" \/>\n<meta property=\"og:locale\" content=\"fr_FR\" \/>\n<meta property=\"og:type\" content=\"article\" \/>\n<meta property=\"og:title\" content=\"Propri\u00e9t\u00e9s\" \/>\n<meta property=\"og:description\" content=\"Una lista de algunas de las propiedades que tenemos a la venta en Move Menorca. Tenemos una amplia gama de apartamentos, villas, casas adosadas, parcelas y fincas r\u00fasticas. Para obtener m\u00e1s informaci\u00f3n sobre cualquiera de las propiedades en nuestro sitio web o propiedades en venta en Menorca, p\u00f3ngase en contacto con nosotros en el +34 649 176 713 o en info@movemenorca.com\" \/>\n<meta property=\"og:url\" content=\"https:\/\/movemenorca.com\/fr\/listing\/\" \/>\n<meta property=\"og:site_name\" content=\"Move Menorca\" \/>\n<meta property=\"article:publisher\" content=\"https:\/\/www.facebook.com\/MoveMenorca\" \/>\n<meta property=\"article:modified_time\" content=\"2023-09-06T16:18:32+00:00\" \/>\n<meta property=\"og:image\" content=\"https:\/\/movemenorca.com\/wp-content\/uploads\/home-scaled.jpg\" \/>\n\t<meta property=\"og:image:width\" content=\"2560\" \/>\n\t<meta property=\"og:image:height\" content=\"1804\" \/>\n\t<meta property=\"og:image:type\" content=\"image\/jpeg\" \/>\n<meta name=\"twitter:card\" content=\"summary_large_image\" \/>\n<script type=\"application\/ld+json\" class=\"yoast-schema-graph\">{\"@context\":\"https:\\\/\\\/schema.org\",\"@graph\":[{\"@type\":\"WebPage\",\"@id\":\"https:\\\/\\\/movemenorca.com\\\/fr\\\/listing\\\/\",\"url\":\"https:\\\/\\\/movemenorca.com\\\/fr\\\/listing\\\/\",\"name\":\"Propiedades en Venta en Menorca | Gama de propiedades disponibles\",\"isPartOf\":{\"@id\":\"https:\\\/\\\/movemenorca.com\\\/#website\"},\"datePublished\":\"2013-08-05T08:02:08+00:00\",\"dateModified\":\"2023-09-06T16:18:32+00:00\",\"description\":\"Una lista de algunas de las propiedades que tenemos a la venta en Move Menorca. Tenemos una amplia gama de apartamentos, villas, casas adosadas, parcelas y fincas r\u00fasticas. Para obtener m\u00e1s informaci\u00f3n sobre cualquiera de las propiedades en nuestro sitio web o propiedades en venta en Menorca, p\u00f3ngase en contacto con nosotros en el +34 649 176 713 o en info@movemenorca.com\",\"breadcrumb\":{\"@id\":\"https:\\\/\\\/movemenorca.com\\\/fr\\\/listing\\\/#breadcrumb\"},\"inLanguage\":\"fr-FR\",\"potentialAction\":[{\"@type\":\"ReadAction\",\"target\":[\"https:\\\/\\\/movemenorca.com\\\/fr\\\/listing\\\/\"]}]},{\"@type\":\"BreadcrumbList\",\"@id\":\"https:\\\/\\\/movemenorca.com\\\/fr\\\/listing\\\/#breadcrumb\",\"itemListElement\":[{\"@type\":\"ListItem\",\"position\":1,\"name\":\"Home\",\"item\":\"https:\\\/\\\/movemenorca.com\\\/fr\\\/\"},{\"@type\":\"ListItem\",\"position\":2,\"name\":\"Propri\u00e9t\u00e9s\"}]},{\"@type\":\"WebSite\",\"@id\":\"https:\\\/\\\/movemenorca.com\\\/#website\",\"url\":\"https:\\\/\\\/movemenorca.com\\\/\",\"name\":\"Move Menorca\",\"description\":\"\",\"publisher\":{\"@id\":\"https:\\\/\\\/movemenorca.com\\\/#organization\"},\"potentialAction\":[{\"@type\":\"SearchAction\",\"target\":{\"@type\":\"EntryPoint\",\"urlTemplate\":\"https:\\\/\\\/movemenorca.com\\\/?s={search_term_string}\"},\"query-input\":{\"@type\":\"PropertyValueSpecification\",\"valueRequired\":true,\"valueName\":\"search_term_string\"}}],\"inLanguage\":\"fr-FR\"},{\"@type\":\"Organization\",\"@id\":\"https:\\\/\\\/movemenorca.com\\\/#organization\",\"name\":\"Move Menorca\",\"url\":\"https:\\\/\\\/movemenorca.com\\\/\",\"logo\":{\"@type\":\"ImageObject\",\"inLanguage\":\"fr-FR\",\"@id\":\"https:\\\/\\\/movemenorca.com\\\/#\\\/schema\\\/logo\\\/image\\\/\",\"url\":\"https:\\\/\\\/movemenorca.com\\\/wp-content\\\/uploads\\\/logo-2025.png\",\"contentUrl\":\"https:\\\/\\\/movemenorca.com\\\/wp-content\\\/uploads\\\/logo-2025.png\",\"width\":1277,\"height\":539,\"caption\":\"Move Menorca\"},\"image\":{\"@id\":\"https:\\\/\\\/movemenorca.com\\\/#\\\/schema\\\/logo\\\/image\\\/\"},\"sameAs\":[\"https:\\\/\\\/www.facebook.com\\\/MoveMenorca\"]}]}<\/script>\n<!-- \/ Yoast SEO Premium plugin. -->","yoast_head_json":{"title":"Propiedades en Venta en Menorca | Gama de propiedades disponibles","description":"Una lista de algunas de las propiedades que tenemos a la venta en Move Menorca. Tenemos una amplia gama de apartamentos, villas, casas adosadas, parcelas y fincas r\u00fasticas. Para obtener m\u00e1s informaci\u00f3n sobre cualquiera de las propiedades en nuestro sitio web o propiedades en venta en Menorca, p\u00f3ngase en contacto con nosotros en el +34 649 176 713 o en info@movemenorca.com","robots":{"index":"index","follow":"follow","max-snippet":"max-snippet:-1","max-image-preview":"max-image-preview:large","max-video-preview":"max-video-preview:-1"},"canonical":"https:\/\/movemenorca.com\/fr\/listing\/","og_locale":"fr_FR","og_type":"article","og_title":"Propri\u00e9t\u00e9s","og_description":"Una lista de algunas de las propiedades que tenemos a la venta en Move Menorca. Tenemos una amplia gama de apartamentos, villas, casas adosadas, parcelas y fincas r\u00fasticas. Para obtener m\u00e1s informaci\u00f3n sobre cualquiera de las propiedades en nuestro sitio web o propiedades en venta en Menorca, p\u00f3ngase en contacto con nosotros en el +34 649 176 713 o en info@movemenorca.com","og_url":"https:\/\/movemenorca.com\/fr\/listing\/","og_site_name":"Move Menorca","article_publisher":"https:\/\/www.facebook.com\/MoveMenorca","article_modified_time":"2023-09-06T16:18:32+00:00","og_image":[{"width":2560,"height":1804,"url":"https:\/\/movemenorca.com\/wp-content\/uploads\/home-scaled.jpg","type":"image\/jpeg"}],"twitter_card":"summary_large_image","schema":{"@context":"https:\/\/schema.org","@graph":[{"@type":"WebPage","@id":"https:\/\/movemenorca.com\/fr\/listing\/","url":"https:\/\/movemenorca.com\/fr\/listing\/","name":"Propiedades en Venta en Menorca | Gama de propiedades disponibles","isPartOf":{"@id":"https:\/\/movemenorca.com\/#website"},"datePublished":"2013-08-05T08:02:08+00:00","dateModified":"2023-09-06T16:18:32+00:00","description":"Una lista de algunas de las propiedades que tenemos a la venta en Move Menorca. Tenemos una amplia gama de apartamentos, villas, casas adosadas, parcelas y fincas r\u00fasticas. Para obtener m\u00e1s informaci\u00f3n sobre cualquiera de las propiedades en nuestro sitio web o propiedades en venta en Menorca, p\u00f3ngase en contacto con nosotros en el +34 649 176 713 o en info@movemenorca.com","breadcrumb":{"@id":"https:\/\/movemenorca.com\/fr\/listing\/#breadcrumb"},"inLanguage":"fr-FR","potentialAction":[{"@type":"ReadAction","target":["https:\/\/movemenorca.com\/fr\/listing\/"]}]},{"@type":"BreadcrumbList","@id":"https:\/\/movemenorca.com\/fr\/listing\/#breadcrumb","itemListElement":[{"@type":"ListItem","position":1,"name":"Home","item":"https:\/\/movemenorca.com\/fr\/"},{"@type":"ListItem","position":2,"name":"Propri\u00e9t\u00e9s"}]},{"@type":"WebSite","@id":"https:\/\/movemenorca.com\/#website","url":"https:\/\/movemenorca.com\/","name":"Move Menorca","description":"","publisher":{"@id":"https:\/\/movemenorca.com\/#organization"},"potentialAction":[{"@type":"SearchAction","target":{"@type":"EntryPoint","urlTemplate":"https:\/\/movemenorca.com\/?s={search_term_string}"},"query-input":{"@type":"PropertyValueSpecification","valueRequired":true,"valueName":"search_term_string"}}],"inLanguage":"fr-FR"},{"@type":"Organization","@id":"https:\/\/movemenorca.com\/#organization","name":"Move Menorca","url":"https:\/\/movemenorca.com\/","logo":{"@type":"ImageObject","inLanguage":"fr-FR","@id":"https:\/\/movemenorca.com\/#\/schema\/logo\/image\/","url":"https:\/\/movemenorca.com\/wp-content\/uploads\/logo-2025.png","contentUrl":"https:\/\/movemenorca.com\/wp-content\/uploads\/logo-2025.png","width":1277,"height":539,"caption":"Move Menorca"},"image":{"@id":"https:\/\/movemenorca.com\/#\/schema\/logo\/image\/"},"sameAs":["https:\/\/www.facebook.com\/MoveMenorca"]}]}},"_links":{"self":[{"href":"https:\/\/movemenorca.com\/fr\/wp-json\/wp\/v2\/pages\/7547","targetHints":{"allow":["GET"]}}],"collection":[{"href":"https:\/\/movemenorca.com\/fr\/wp-json\/wp\/v2\/pages"}],"about":[{"href":"https:\/\/movemenorca.com\/fr\/wp-json\/wp\/v2\/types\/page"}],"author":[{"embeddable":true,"href":"https:\/\/movemenorca.com\/fr\/wp-json\/wp\/v2\/users\/4"}],"replies":[{"embeddable":true,"href":"https:\/\/movemenorca.com\/fr\/wp-json\/wp\/v2\/comments?post=7547"}],"version-history":[{"count":0,"href":"https:\/\/movemenorca.com\/fr\/wp-json\/wp\/v2\/pages\/7547\/revisions"}],"wp:attachment":[{"href":"https:\/\/movemenorca.com\/fr\/wp-json\/wp\/v2\/media?parent=7547"}],"curies":[{"name":"wp","href":"https:\/\/api.w.org\/{rel}","templated":true}]}}