{"id":152069,"date":"2026-03-07T18:33:11","date_gmt":"2026-03-07T17:33:11","guid":{"rendered":"https:\/\/movemenorca.com\/private-collection\/"},"modified":"2026-03-24T20:16:06","modified_gmt":"2026-03-24T19:16:06","slug":"private-collection","status":"publish","type":"page","link":"https:\/\/movemenorca.com\/fr\/private-collection\/","title":{"rendered":"Private Collection"},"content":{"rendered":"\t\t<div data-elementor-type=\"wp-page\" data-elementor-id=\"152069\" class=\"elementor elementor-152069 elementor-152022\">\n\t\t\t\t\t\t<section data-particle_enable=\"false\" data-particle-mobile-disabled=\"false\" class=\"elementor-section elementor-top-section elementor-element elementor-element-e0330f4 elementor-section-full_width elementor-section-height-default elementor-section-height-default\" data-id=\"e0330f4\" data-element_type=\"section\" data-settings=\"{&quot;background_background&quot;:&quot;classic&quot;}\">\n\t\t\t\t\t\t<div class=\"elementor-container elementor-column-gap-default\">\n\t\t\t\t\t<div class=\"elementor-column elementor-col-100 elementor-top-column elementor-element elementor-element-48a69db\" data-id=\"48a69db\" data-element_type=\"column\">\n\t\t\t<div class=\"elementor-widget-wrap elementor-element-populated\">\n\t\t\t\t\t\t<div class=\"elementor-element elementor-element-dcfd92c elementor-widget__width-inherit elementor-widget elementor-widget-spacer\" data-id=\"dcfd92c\" data-element_type=\"widget\" data-widget_type=\"spacer.default\">\n\t\t\t\t<div class=\"elementor-widget-container\">\n\t\t\t\t\t<div class=\"elementor-spacer\">\n\t\t\t<div class=\"elementor-spacer-inner\"><\/div>\n\t\t<\/div>\n\t\t\t\t<\/div>\n\t\t\t\t<\/div>\n\t\t\t\t<div class=\"elementor-element elementor-element-e5dea12 elementor-widget elementor-widget-heading\" data-id=\"e5dea12\" data-element_type=\"widget\" data-widget_type=\"heading.default\">\n\t\t\t\t<div class=\"elementor-widget-container\">\n\t\t\t<h1 class=\"elementor-heading-title elementor-size-default\">Collection priv\u00e9e<\/h1>\t\t<\/div>\n\t\t\t\t<\/div>\n\t\t\t\t<div class=\"elementor-element elementor-element-a14cdc9 elementor-widget__width-inherit elementor-widget-divider--view-line elementor-widget elementor-widget-divider\" data-id=\"a14cdc9\" data-element_type=\"widget\" data-widget_type=\"divider.default\">\n\t\t\t\t<div class=\"elementor-widget-container\">\n\t\t\t\t\t<div class=\"elementor-divider\">\n\t\t\t<span class=\"elementor-divider-separator\">\n\t\t\t\t\t\t<\/span>\n\t\t<\/div>\n\t\t\t\t<\/div>\n\t\t\t\t<\/div>\n\t\t\t\t<div class=\"elementor-element elementor-element-fc2b959 elementor-widget__width-initial elementor-widget elementor-widget-text-editor\" data-id=\"fc2b959\" data-element_type=\"widget\" data-widget_type=\"text-editor.default\">\n\t\t\t\t<div class=\"elementor-widget-container\">\n\t\t\t\t\t\t\t<p>Vous ne trouvez pas la maison id\u00e9ale \u00e0 Minorque\u00a0?<br \/>Contactez-nous pour d\u00e9couvrir notre collection exclusive de maisons de ville, de propri\u00e9t\u00e9s rurales et de villas en bord de mer, non encore publi\u00e9es.<\/p><p>Cordialement, Roy et Tobias<br \/>+34 626 012 323 (24\/7)<\/p>\t\t\t\t\t\t<\/div>\n\t\t\t\t<\/div>\n\t\t\t\t<div class=\"elementor-element elementor-element-cec54de elementor-button-danger elementor-align-center elementor-widget elementor-widget-button\" data-id=\"cec54de\" data-element_type=\"widget\" data-widget_type=\"button.default\">\n\t\t\t\t<div class=\"elementor-widget-container\">\n\t\t\t\t\t<div class=\"elementor-button-wrapper\">\n\t\t\t<a class=\"elementor-button elementor-button-link elementor-size-sm\" href=\"https:\/\/movemenorca.com\/fr\/contact\/\">\n\t\t\t\t\t\t<span class=\"elementor-button-content-wrapper\">\n\t\t\t\t\t\t<span class=\"elementor-button-text\">Contactez-nous<\/span>\n\t\t<\/span>\n\t\t\t\t\t<\/a>\n\t\t<\/div>\n\t\t\t\t<\/div>\n\t\t\t\t<\/div>\n\t\t\t\t<div class=\"elementor-element elementor-element-166cc51 elementor-widget elementor-widget-spacer\" data-id=\"166cc51\" data-element_type=\"widget\" data-widget_type=\"spacer.default\">\n\t\t\t\t<div class=\"elementor-widget-container\">\n\t\t\t\t\t<div class=\"elementor-spacer\">\n\t\t\t<div class=\"elementor-spacer-inner\"><\/div>\n\t\t<\/div>\n\t\t\t\t<\/div>\n\t\t\t\t<\/div>\n\t\t\t\t\t<\/div>\n\t\t<\/div>\n\t\t\t\t\t<\/div>\n\t\t<\/section>\n\t\t\t\t<section data-particle_enable=\"false\" data-particle-mobile-disabled=\"false\" class=\"elementor-section elementor-top-section elementor-element elementor-element-872e73e elementor-section-boxed elementor-section-height-default elementor-section-height-default\" data-id=\"872e73e\" data-element_type=\"section\">\n\t\t\t\t\t\t<div class=\"elementor-container elementor-column-gap-default\">\n\t\t\t\t\t<div class=\"elementor-column elementor-col-100 elementor-top-column elementor-element elementor-element-dd28509\" data-id=\"dd28509\" data-element_type=\"column\">\n\t\t\t<div class=\"elementor-widget-wrap elementor-element-populated\">\n\t\t\t\t\t\t<div class=\"elementor-element elementor-element-5a3f80a elementor-widget elementor-widget-heading\" data-id=\"5a3f80a\" data-element_type=\"widget\" data-widget_type=\"heading.default\">\n\t\t\t\t<div class=\"elementor-widget-container\">\n\t\t\t<h2 class=\"elementor-heading-title elementor-size-default\">Collection priv\u00e9e<\/h2>\t\t<\/div>\n\t\t\t\t<\/div>\n\t\t\t\t<div class=\"elementor-element elementor-element-210e570 elementor-widget elementor-widget-text-editor\" data-id=\"210e570\" data-element_type=\"widget\" data-widget_type=\"text-editor.default\">\n\t\t\t\t<div class=\"elementor-widget-container\">\n\t\t\t\t\t\t\t<p class=\"p1\">Certaines des propri\u00e9t\u00e9s les plus exceptionnelles de Minorque ne sont jamais publiquement annonc\u00e9es. Pour de nombreux propri\u00e9taires, la confidentialit\u00e9 est essentielle. Les personnalit\u00e9s de premier plan, les investisseurs internationaux et les r\u00e9sidents de longue date de l\u2019\u00eele pr\u00e9f\u00e8rent souvent vendre leur bien en toute discr\u00e9tion, sans marketing public ni exposition en ligne.<\/p><p class=\"p1\"><strong>Notre <span class=\"s1\">Collection Priv\u00e9e<\/span> a \u00e9t\u00e9 cr\u00e9\u00e9e sp\u00e9cifiquement pour ces situations.<\/strong><\/p><p class=\"p1\">Nous proposons cette s\u00e9lection soigneusement choisie de <span class=\"s1\"><b>propri\u00e9t\u00e9s exclusives \u00e0 Minorque<\/b><\/span> pour le compte de <span class=\"s1\"><b>clients VIP<\/b><\/span> qui privil\u00e9gient la confidentialit\u00e9 et la discr\u00e9tion. Ainsi, ces biens sont pr\u00e9sent\u00e9s comme des <span class=\"s1\"><b>annonces priv\u00e9es<\/b><\/span>, partag\u00e9es uniquement avec un nombre restreint d\u2019acheteurs qualifi\u00e9s et non visibles sur le march\u00e9 ouvert.<\/p><p class=\"p1\">Les propri\u00e9t\u00e9s de notre collection priv\u00e9e repr\u00e9sentent souvent certaines des opportunit\u00e9s les plus recherch\u00e9es de l\u2019\u00eele. Des \u00e9l\u00e9gantes maisons de ville dans des ports historiques aux fincas isol\u00e9es \u00e0 la campagne, en passant par des villas contemporaines en premi\u00e8re ligne avec vue sur la mer. Chaque bien est s\u00e9lectionn\u00e9 pour sa qualit\u00e9, son caract\u00e8re et son emplacement. Ces propri\u00e9t\u00e9s sont tout simplement trop uniques et trop personnelles pour \u00eatre commercialis\u00e9es de mani\u00e8re classique.<\/p><p class=\"p1\">Pour les vendeurs, cette approche offre un contr\u00f4le total sur la mani\u00e8re dont leur bien est pr\u00e9sent\u00e9 au march\u00e9. Il n\u2019y a pas de portails publics, pas de prix affich\u00e9s, pas d\u2019attention inutile.<\/p><p class=\"p1\">Au contraire, ces propri\u00e9t\u00e9s sont pr\u00e9sent\u00e9es en toute discr\u00e9tion gr\u00e2ce \u00e0 nos relations de confiance et \u00e0 des introductions personnalis\u00e9es.<\/p><p class=\"p1\">Pour les acheteurs, l\u2019acc\u00e8s \u00e0 nos <span class=\"s1\"><b>annonces priv\u00e9es \u00e0 Minorque<\/b><\/span> offre un avantage unique : d\u00e9couvrir certaines des plus belles propri\u00e9t\u00e9s de l\u2019\u00eele en notre compagnie, dans la plus grande discr\u00e9tion.<\/p><p class=\"p1\">En enregistrant votre int\u00e9r\u00eat, vous acc\u00e9dez \u00e0 des opportunit\u00e9s que peu de personnes auront l\u2019occasion de voir.<\/p><p class=\"p1\">Notre <span class=\"s1\"><b>Collection Priv\u00e9e<\/b><\/span> repr\u00e9sente une mani\u00e8re plus personnelle d\u2019acheter et de vendre des propri\u00e9t\u00e9s \u00e0 Minorque, fond\u00e9e sur la confiance, la discr\u00e9tion et les relations durables que nous avons d\u00e9velopp\u00e9es sur l\u2019\u00eele.<\/p><p class=\"p1\">Si vous recherchez des <span class=\"s1\"><b>propri\u00e9t\u00e9s v\u00e9ritablement exclusives \u00e0 Minorque<\/b><\/span>, ou si vous \u00eates propri\u00e9taire et souhaitez vendre en toute confidentialit\u00e9, nous serions ravis d\u2019\u00e9changer avec vous.<\/p><p>Contactez Roy ou Tobias au +34 626 012 323 (24h\/7)<\/p>\t\t\t\t\t\t<\/div>\n\t\t\t\t<\/div>\n\t\t\t\t\t<\/div>\n\t\t<\/div>\n\t\t\t\t\t<\/div>\n\t\t<\/section>\n\t\t\t\t<\/div>\n\t\t","protected":false},"excerpt":{"rendered":"<p>Collection priv\u00e9e Vous ne trouvez pas la maison id\u00e9ale \u00e0 Minorque\u00a0?Contactez-nous pour d\u00e9couvrir notre collection exclusive de maisons de ville, de propri\u00e9t\u00e9s rurales et de villas en bord de mer, non encore publi\u00e9es. Cordialement, Roy et Tobias+34 626 012 323 (24\/7) Contactez-nous Collection priv\u00e9e Certaines des propri\u00e9t\u00e9s les plus exceptionnelles de Minorque ne sont jamais&#8230;<\/p>\n","protected":false},"author":6,"featured_media":0,"parent":0,"menu_order":0,"comment_status":"closed","ping_status":"closed","template":"elementor_header_footer","meta":{"footnotes":""},"class_list":["post-152069","page","type-page","status-publish","hentry"],"yoast_head":"<!-- This site is optimized with the Yoast SEO Premium plugin v21.0 (Yoast SEO v27.4) - https:\/\/yoast.com\/product\/yoast-seo-premium-wordpress\/ -->\n<title>Private Collection - Move Menorca<\/title>\n<meta name=\"robots\" content=\"index, follow, max-snippet:-1, max-image-preview:large, max-video-preview:-1\" \/>\n<link rel=\"canonical\" href=\"https:\/\/movemenorca.com\/private-collection\/\" \/>\n<meta property=\"og:locale\" content=\"fr_FR\" \/>\n<meta property=\"og:type\" content=\"article\" \/>\n<meta property=\"og:title\" content=\"Private Collection\" \/>\n<meta property=\"og:description\" content=\"Collection priv\u00e9e Vous ne trouvez pas la maison id\u00e9ale \u00e0 Minorque\u00a0?Contactez-nous pour d\u00e9couvrir notre collection exclusive de maisons de ville, de propri\u00e9t\u00e9s rurales et de villas en bord de mer, non encore publi\u00e9es. Cordialement, Roy et Tobias+34 626 012 323 (24\/7) Contactez-nous Collection priv\u00e9e Certaines des propri\u00e9t\u00e9s les plus exceptionnelles de Minorque ne sont jamais...\" \/>\n<meta property=\"og:url\" content=\"https:\/\/movemenorca.com\/private-collection\/\" \/>\n<meta property=\"og:site_name\" content=\"Move Menorca\" \/>\n<meta property=\"article:publisher\" content=\"https:\/\/www.facebook.com\/MoveMenorca\" \/>\n<meta property=\"article:modified_time\" content=\"2026-03-24T19:16:06+00:00\" \/>\n<meta property=\"og:image\" content=\"https:\/\/movemenorca.com\/wp-content\/uploads\/home-scaled.jpg\" \/>\n\t<meta property=\"og:image:width\" content=\"2560\" \/>\n\t<meta property=\"og:image:height\" content=\"1804\" \/>\n\t<meta property=\"og:image:type\" content=\"image\/jpeg\" \/>\n<meta name=\"twitter:card\" content=\"summary_large_image\" \/>\n<meta name=\"twitter:label1\" content=\"Dur\u00e9e de lecture estim\u00e9e\" \/>\n\t<meta name=\"twitter:data1\" content=\"3 minutes\" \/>\n<script type=\"application\/ld+json\" class=\"yoast-schema-graph\">{\"@context\":\"https:\\\/\\\/schema.org\",\"@graph\":[{\"@type\":\"WebPage\",\"@id\":\"https:\\\/\\\/movemenorca.com\\\/private-collection\\\/\",\"url\":\"https:\\\/\\\/movemenorca.com\\\/private-collection\\\/\",\"name\":\"Private Collection - Move Menorca\",\"isPartOf\":{\"@id\":\"https:\\\/\\\/movemenorca.com\\\/#website\"},\"datePublished\":\"2026-03-07T17:33:11+00:00\",\"dateModified\":\"2026-03-24T19:16:06+00:00\",\"breadcrumb\":{\"@id\":\"https:\\\/\\\/movemenorca.com\\\/private-collection\\\/#breadcrumb\"},\"inLanguage\":\"fr-FR\",\"potentialAction\":[{\"@type\":\"ReadAction\",\"target\":[\"https:\\\/\\\/movemenorca.com\\\/private-collection\\\/\"]}]},{\"@type\":\"BreadcrumbList\",\"@id\":\"https:\\\/\\\/movemenorca.com\\\/private-collection\\\/#breadcrumb\",\"itemListElement\":[{\"@type\":\"ListItem\",\"position\":1,\"name\":\"Home\",\"item\":\"https:\\\/\\\/movemenorca.com\\\/fr\\\/\"},{\"@type\":\"ListItem\",\"position\":2,\"name\":\"Private Collection\"}]},{\"@type\":\"WebSite\",\"@id\":\"https:\\\/\\\/movemenorca.com\\\/#website\",\"url\":\"https:\\\/\\\/movemenorca.com\\\/\",\"name\":\"Move Menorca\",\"description\":\"\",\"publisher\":{\"@id\":\"https:\\\/\\\/movemenorca.com\\\/#organization\"},\"potentialAction\":[{\"@type\":\"SearchAction\",\"target\":{\"@type\":\"EntryPoint\",\"urlTemplate\":\"https:\\\/\\\/movemenorca.com\\\/?s={search_term_string}\"},\"query-input\":{\"@type\":\"PropertyValueSpecification\",\"valueRequired\":true,\"valueName\":\"search_term_string\"}}],\"inLanguage\":\"fr-FR\"},{\"@type\":\"Organization\",\"@id\":\"https:\\\/\\\/movemenorca.com\\\/#organization\",\"name\":\"Move Menorca\",\"url\":\"https:\\\/\\\/movemenorca.com\\\/\",\"logo\":{\"@type\":\"ImageObject\",\"inLanguage\":\"fr-FR\",\"@id\":\"https:\\\/\\\/movemenorca.com\\\/#\\\/schema\\\/logo\\\/image\\\/\",\"url\":\"https:\\\/\\\/movemenorca.com\\\/wp-content\\\/uploads\\\/logo-2025.png\",\"contentUrl\":\"https:\\\/\\\/movemenorca.com\\\/wp-content\\\/uploads\\\/logo-2025.png\",\"width\":1277,\"height\":539,\"caption\":\"Move Menorca\"},\"image\":{\"@id\":\"https:\\\/\\\/movemenorca.com\\\/#\\\/schema\\\/logo\\\/image\\\/\"},\"sameAs\":[\"https:\\\/\\\/www.facebook.com\\\/MoveMenorca\"]}]}<\/script>\n<!-- \/ Yoast SEO Premium plugin. -->","yoast_head_json":{"title":"Private Collection - Move Menorca","robots":{"index":"index","follow":"follow","max-snippet":"max-snippet:-1","max-image-preview":"max-image-preview:large","max-video-preview":"max-video-preview:-1"},"canonical":"https:\/\/movemenorca.com\/private-collection\/","og_locale":"fr_FR","og_type":"article","og_title":"Private Collection","og_description":"Collection priv\u00e9e Vous ne trouvez pas la maison id\u00e9ale \u00e0 Minorque\u00a0?Contactez-nous pour d\u00e9couvrir notre collection exclusive de maisons de ville, de propri\u00e9t\u00e9s rurales et de villas en bord de mer, non encore publi\u00e9es. Cordialement, Roy et Tobias+34 626 012 323 (24\/7) Contactez-nous Collection priv\u00e9e Certaines des propri\u00e9t\u00e9s les plus exceptionnelles de Minorque ne sont jamais...","og_url":"https:\/\/movemenorca.com\/private-collection\/","og_site_name":"Move Menorca","article_publisher":"https:\/\/www.facebook.com\/MoveMenorca","article_modified_time":"2026-03-24T19:16:06+00:00","og_image":[{"width":2560,"height":1804,"url":"https:\/\/movemenorca.com\/wp-content\/uploads\/home-scaled.jpg","type":"image\/jpeg"}],"twitter_card":"summary_large_image","twitter_misc":{"Dur\u00e9e de lecture estim\u00e9e":"3 minutes"},"schema":{"@context":"https:\/\/schema.org","@graph":[{"@type":"WebPage","@id":"https:\/\/movemenorca.com\/private-collection\/","url":"https:\/\/movemenorca.com\/private-collection\/","name":"Private Collection - Move Menorca","isPartOf":{"@id":"https:\/\/movemenorca.com\/#website"},"datePublished":"2026-03-07T17:33:11+00:00","dateModified":"2026-03-24T19:16:06+00:00","breadcrumb":{"@id":"https:\/\/movemenorca.com\/private-collection\/#breadcrumb"},"inLanguage":"fr-FR","potentialAction":[{"@type":"ReadAction","target":["https:\/\/movemenorca.com\/private-collection\/"]}]},{"@type":"BreadcrumbList","@id":"https:\/\/movemenorca.com\/private-collection\/#breadcrumb","itemListElement":[{"@type":"ListItem","position":1,"name":"Home","item":"https:\/\/movemenorca.com\/fr\/"},{"@type":"ListItem","position":2,"name":"Private Collection"}]},{"@type":"WebSite","@id":"https:\/\/movemenorca.com\/#website","url":"https:\/\/movemenorca.com\/","name":"Move Menorca","description":"","publisher":{"@id":"https:\/\/movemenorca.com\/#organization"},"potentialAction":[{"@type":"SearchAction","target":{"@type":"EntryPoint","urlTemplate":"https:\/\/movemenorca.com\/?s={search_term_string}"},"query-input":{"@type":"PropertyValueSpecification","valueRequired":true,"valueName":"search_term_string"}}],"inLanguage":"fr-FR"},{"@type":"Organization","@id":"https:\/\/movemenorca.com\/#organization","name":"Move Menorca","url":"https:\/\/movemenorca.com\/","logo":{"@type":"ImageObject","inLanguage":"fr-FR","@id":"https:\/\/movemenorca.com\/#\/schema\/logo\/image\/","url":"https:\/\/movemenorca.com\/wp-content\/uploads\/logo-2025.png","contentUrl":"https:\/\/movemenorca.com\/wp-content\/uploads\/logo-2025.png","width":1277,"height":539,"caption":"Move Menorca"},"image":{"@id":"https:\/\/movemenorca.com\/#\/schema\/logo\/image\/"},"sameAs":["https:\/\/www.facebook.com\/MoveMenorca"]}]}},"_links":{"self":[{"href":"https:\/\/movemenorca.com\/fr\/wp-json\/wp\/v2\/pages\/152069","targetHints":{"allow":["GET"]}}],"collection":[{"href":"https:\/\/movemenorca.com\/fr\/wp-json\/wp\/v2\/pages"}],"about":[{"href":"https:\/\/movemenorca.com\/fr\/wp-json\/wp\/v2\/types\/page"}],"author":[{"embeddable":true,"href":"https:\/\/movemenorca.com\/fr\/wp-json\/wp\/v2\/users\/6"}],"replies":[{"embeddable":true,"href":"https:\/\/movemenorca.com\/fr\/wp-json\/wp\/v2\/comments?post=152069"}],"version-history":[{"count":15,"href":"https:\/\/movemenorca.com\/fr\/wp-json\/wp\/v2\/pages\/152069\/revisions"}],"predecessor-version":[{"id":152255,"href":"https:\/\/movemenorca.com\/fr\/wp-json\/wp\/v2\/pages\/152069\/revisions\/152255"}],"wp:attachment":[{"href":"https:\/\/movemenorca.com\/fr\/wp-json\/wp\/v2\/media?parent=152069"}],"curies":[{"name":"wp","href":"https:\/\/api.w.org\/{rel}","templated":true}]}}