{"id":10986,"date":"2016-11-07T08:54:17","date_gmt":"2016-11-07T07:54:17","guid":{"rendered":"http:\/\/movemenorca.vl23871.dinaserver.com\/fr\/new-law\/"},"modified":"2016-11-09T19:20:55","modified_gmt":"2016-11-09T18:20:55","slug":"new-law","status":"publish","type":"page","link":"https:\/\/movemenorca.com\/fr\/new-law\/","title":{"rendered":"Nouvelle loi!"},"content":{"rendered":"<p style=\"text-align: center;\">A partir du 1er novembre toutes les propri\u00e9t\u00e9s en vente en Espagne doivent avoir un certificat \u00e9nerg\u00e9tique valable ou le propri\u00e9taire et son agent immobilier seront sanctionn\u00e9s avec de lourdes amendes.<br \/>\nNous avons supprim\u00e9 toutes les propri\u00e9t\u00e9s sans ce certificat de notre site pour prot\u00e9ger nos propri\u00e9taires. Nous sommes en cours d&#8217;obtention de ces certificats et nous r\u00e9tablirons chaque propri\u00e9t\u00e9 d\u00e8s que possible. Nous sommes d\u00e9sol\u00e9s pour cet inconv\u00e9nient \u2013 le service normal sera repris d\u00e8s que possible!<br \/>\nN\u2019h\u00e9sitez pas \u00e0 nous appeler avec vos exigences en mati\u00e8re de propri\u00e9t\u00e9 et nous ferons notre possible pour vous aider et vous informerons sur les propri\u00e9t\u00e9s qui seront disponibles au cours des prochains jours \/ semaines.<\/p>\n","protected":false},"excerpt":{"rendered":"<p>A partir du 1er novembre toutes les propri\u00e9t\u00e9s en vente en Espagne doivent avoir un certificat \u00e9nerg\u00e9tique valable ou le propri\u00e9taire et son agent immobilier seront sanctionn\u00e9s avec de lourdes amendes. Nous avons supprim\u00e9 toutes les propri\u00e9t\u00e9s sans ce certificat de notre site pour prot\u00e9ger nos propri\u00e9taires. Nous sommes en cours d&#8217;obtention de ces certificats&#8230;<\/p>\n","protected":false},"author":4,"featured_media":0,"parent":0,"menu_order":0,"comment_status":"closed","ping_status":"closed","template":"","meta":{"footnotes":""},"class_list":["post-10986","page","type-page","status-publish","hentry"],"yoast_head":"<!-- This site is optimized with the Yoast SEO Premium plugin v21.0 (Yoast SEO v27.5) - https:\/\/yoast.com\/product\/yoast-seo-premium-wordpress\/ -->\n<title>Nouvelle loi! - Move Menorca<\/title>\n<meta name=\"robots\" content=\"index, follow, max-snippet:-1, max-image-preview:large, max-video-preview:-1\" \/>\n<link rel=\"canonical\" href=\"https:\/\/movemenorca.com\/fr\/new-law\/\" \/>\n<meta property=\"og:locale\" content=\"fr_FR\" \/>\n<meta property=\"og:type\" content=\"article\" \/>\n<meta property=\"og:title\" content=\"Nouvelle loi!\" \/>\n<meta property=\"og:description\" content=\"A partir du 1er novembre toutes les propri\u00e9t\u00e9s en vente en Espagne doivent avoir un certificat \u00e9nerg\u00e9tique valable ou le propri\u00e9taire et son agent immobilier seront sanctionn\u00e9s avec de lourdes amendes. Nous avons supprim\u00e9 toutes les propri\u00e9t\u00e9s sans ce certificat de notre site pour prot\u00e9ger nos propri\u00e9taires. Nous sommes en cours d&#8217;obtention de ces certificats...\" \/>\n<meta property=\"og:url\" content=\"https:\/\/movemenorca.com\/fr\/new-law\/\" \/>\n<meta property=\"og:site_name\" content=\"Move Menorca\" \/>\n<meta property=\"article:publisher\" content=\"https:\/\/www.facebook.com\/MoveMenorca\" \/>\n<meta property=\"article:modified_time\" content=\"2016-11-09T18:20:55+00:00\" \/>\n<meta property=\"og:image\" content=\"https:\/\/movemenorca.com\/wp-content\/uploads\/home-scaled.jpg\" \/>\n\t<meta property=\"og:image:width\" content=\"2560\" \/>\n\t<meta property=\"og:image:height\" content=\"1804\" \/>\n\t<meta property=\"og:image:type\" content=\"image\/jpeg\" \/>\n<meta name=\"twitter:card\" content=\"summary_large_image\" \/>\n<meta name=\"twitter:label1\" content=\"Dur\u00e9e de lecture estim\u00e9e\" \/>\n\t<meta name=\"twitter:data1\" content=\"1 minute\" \/>\n<script type=\"application\/ld+json\" class=\"yoast-schema-graph\">{\"@context\":\"https:\\\/\\\/schema.org\",\"@graph\":[{\"@type\":\"WebPage\",\"@id\":\"https:\\\/\\\/movemenorca.com\\\/fr\\\/new-law\\\/\",\"url\":\"https:\\\/\\\/movemenorca.com\\\/fr\\\/new-law\\\/\",\"name\":\"Nouvelle loi! - Move Menorca\",\"isPartOf\":{\"@id\":\"https:\\\/\\\/movemenorca.com\\\/#website\"},\"datePublished\":\"2016-11-07T07:54:17+00:00\",\"dateModified\":\"2016-11-09T18:20:55+00:00\",\"breadcrumb\":{\"@id\":\"https:\\\/\\\/movemenorca.com\\\/fr\\\/new-law\\\/#breadcrumb\"},\"inLanguage\":\"fr-FR\",\"potentialAction\":[{\"@type\":\"ReadAction\",\"target\":[\"https:\\\/\\\/movemenorca.com\\\/fr\\\/new-law\\\/\"]}]},{\"@type\":\"BreadcrumbList\",\"@id\":\"https:\\\/\\\/movemenorca.com\\\/fr\\\/new-law\\\/#breadcrumb\",\"itemListElement\":[{\"@type\":\"ListItem\",\"position\":1,\"name\":\"Home\",\"item\":\"https:\\\/\\\/movemenorca.com\\\/fr\\\/\"},{\"@type\":\"ListItem\",\"position\":2,\"name\":\"Nouvelle loi!\"}]},{\"@type\":\"WebSite\",\"@id\":\"https:\\\/\\\/movemenorca.com\\\/#website\",\"url\":\"https:\\\/\\\/movemenorca.com\\\/\",\"name\":\"Move Menorca\",\"description\":\"\",\"publisher\":{\"@id\":\"https:\\\/\\\/movemenorca.com\\\/#organization\"},\"potentialAction\":[{\"@type\":\"SearchAction\",\"target\":{\"@type\":\"EntryPoint\",\"urlTemplate\":\"https:\\\/\\\/movemenorca.com\\\/?s={search_term_string}\"},\"query-input\":{\"@type\":\"PropertyValueSpecification\",\"valueRequired\":true,\"valueName\":\"search_term_string\"}}],\"inLanguage\":\"fr-FR\"},{\"@type\":\"Organization\",\"@id\":\"https:\\\/\\\/movemenorca.com\\\/#organization\",\"name\":\"Move Menorca\",\"url\":\"https:\\\/\\\/movemenorca.com\\\/\",\"logo\":{\"@type\":\"ImageObject\",\"inLanguage\":\"fr-FR\",\"@id\":\"https:\\\/\\\/movemenorca.com\\\/#\\\/schema\\\/logo\\\/image\\\/\",\"url\":\"https:\\\/\\\/movemenorca.com\\\/wp-content\\\/uploads\\\/logo-2025.png\",\"contentUrl\":\"https:\\\/\\\/movemenorca.com\\\/wp-content\\\/uploads\\\/logo-2025.png\",\"width\":1277,\"height\":539,\"caption\":\"Move Menorca\"},\"image\":{\"@id\":\"https:\\\/\\\/movemenorca.com\\\/#\\\/schema\\\/logo\\\/image\\\/\"},\"sameAs\":[\"https:\\\/\\\/www.facebook.com\\\/MoveMenorca\"]}]}<\/script>\n<!-- \/ Yoast SEO Premium plugin. -->","yoast_head_json":{"title":"Nouvelle loi! - Move Menorca","robots":{"index":"index","follow":"follow","max-snippet":"max-snippet:-1","max-image-preview":"max-image-preview:large","max-video-preview":"max-video-preview:-1"},"canonical":"https:\/\/movemenorca.com\/fr\/new-law\/","og_locale":"fr_FR","og_type":"article","og_title":"Nouvelle loi!","og_description":"A partir du 1er novembre toutes les propri\u00e9t\u00e9s en vente en Espagne doivent avoir un certificat \u00e9nerg\u00e9tique valable ou le propri\u00e9taire et son agent immobilier seront sanctionn\u00e9s avec de lourdes amendes. Nous avons supprim\u00e9 toutes les propri\u00e9t\u00e9s sans ce certificat de notre site pour prot\u00e9ger nos propri\u00e9taires. Nous sommes en cours d&#8217;obtention de ces certificats...","og_url":"https:\/\/movemenorca.com\/fr\/new-law\/","og_site_name":"Move Menorca","article_publisher":"https:\/\/www.facebook.com\/MoveMenorca","article_modified_time":"2016-11-09T18:20:55+00:00","og_image":[{"width":2560,"height":1804,"url":"https:\/\/movemenorca.com\/wp-content\/uploads\/home-scaled.jpg","type":"image\/jpeg"}],"twitter_card":"summary_large_image","twitter_misc":{"Dur\u00e9e de lecture estim\u00e9e":"1 minute"},"schema":{"@context":"https:\/\/schema.org","@graph":[{"@type":"WebPage","@id":"https:\/\/movemenorca.com\/fr\/new-law\/","url":"https:\/\/movemenorca.com\/fr\/new-law\/","name":"Nouvelle loi! - Move Menorca","isPartOf":{"@id":"https:\/\/movemenorca.com\/#website"},"datePublished":"2016-11-07T07:54:17+00:00","dateModified":"2016-11-09T18:20:55+00:00","breadcrumb":{"@id":"https:\/\/movemenorca.com\/fr\/new-law\/#breadcrumb"},"inLanguage":"fr-FR","potentialAction":[{"@type":"ReadAction","target":["https:\/\/movemenorca.com\/fr\/new-law\/"]}]},{"@type":"BreadcrumbList","@id":"https:\/\/movemenorca.com\/fr\/new-law\/#breadcrumb","itemListElement":[{"@type":"ListItem","position":1,"name":"Home","item":"https:\/\/movemenorca.com\/fr\/"},{"@type":"ListItem","position":2,"name":"Nouvelle loi!"}]},{"@type":"WebSite","@id":"https:\/\/movemenorca.com\/#website","url":"https:\/\/movemenorca.com\/","name":"Move Menorca","description":"","publisher":{"@id":"https:\/\/movemenorca.com\/#organization"},"potentialAction":[{"@type":"SearchAction","target":{"@type":"EntryPoint","urlTemplate":"https:\/\/movemenorca.com\/?s={search_term_string}"},"query-input":{"@type":"PropertyValueSpecification","valueRequired":true,"valueName":"search_term_string"}}],"inLanguage":"fr-FR"},{"@type":"Organization","@id":"https:\/\/movemenorca.com\/#organization","name":"Move Menorca","url":"https:\/\/movemenorca.com\/","logo":{"@type":"ImageObject","inLanguage":"fr-FR","@id":"https:\/\/movemenorca.com\/#\/schema\/logo\/image\/","url":"https:\/\/movemenorca.com\/wp-content\/uploads\/logo-2025.png","contentUrl":"https:\/\/movemenorca.com\/wp-content\/uploads\/logo-2025.png","width":1277,"height":539,"caption":"Move Menorca"},"image":{"@id":"https:\/\/movemenorca.com\/#\/schema\/logo\/image\/"},"sameAs":["https:\/\/www.facebook.com\/MoveMenorca"]}]}},"_links":{"self":[{"href":"https:\/\/movemenorca.com\/fr\/wp-json\/wp\/v2\/pages\/10986","targetHints":{"allow":["GET"]}}],"collection":[{"href":"https:\/\/movemenorca.com\/fr\/wp-json\/wp\/v2\/pages"}],"about":[{"href":"https:\/\/movemenorca.com\/fr\/wp-json\/wp\/v2\/types\/page"}],"author":[{"embeddable":true,"href":"https:\/\/movemenorca.com\/fr\/wp-json\/wp\/v2\/users\/4"}],"replies":[{"embeddable":true,"href":"https:\/\/movemenorca.com\/fr\/wp-json\/wp\/v2\/comments?post=10986"}],"version-history":[{"count":0,"href":"https:\/\/movemenorca.com\/fr\/wp-json\/wp\/v2\/pages\/10986\/revisions"}],"wp:attachment":[{"href":"https:\/\/movemenorca.com\/fr\/wp-json\/wp\/v2\/media?parent=10986"}],"curies":[{"name":"wp","href":"https:\/\/api.w.org\/{rel}","templated":true}]}}