{"id":7588,"date":"2015-08-19T17:11:04","date_gmt":"2015-08-19T15:11:04","guid":{"rendered":"http:\/\/movemenorca.vl23871.dinaserver.com\/es\/general-conditions-of-website-use\/"},"modified":"2016-08-11T16:58:28","modified_gmt":"2016-08-11T14:58:28","slug":"condiciones-generales-de-uso-del-sitio","status":"publish","type":"page","link":"https:\/\/movemenorca.com\/es\/condiciones-generales-de-uso-del-sitio\/","title":{"rendered":"Condiciones Generales de Uso del Sitio"},"content":{"rendered":"<h2>Datos de identificaci\u00f3n<\/h2>\n<p>Conforme con las obligaciones del informaci\u00f3n contenidas en el art\u00edculo 10 de la Ley 34\/2002, del 11 de julio, del Servicios de la Sociedad de la Informaci\u00f3n y de la del Comercio Electr\u00f3nico (Sociedad de Servicios de Informaci\u00f3n y de Comercio Electr\u00f3nico), la siguiente informaci\u00f3n aqu\u00ed suministrada a todos los usuarios de esta web, Mover Menorca es parte de la sociedad de responsabilidad limitada espa\u00f1ola: Pou Nou Trading SL:<\/p>\n<p>Nombre de la empresa: Pou Nou Trading SL<\/p>\n<p>N\u00famero espa\u00f1ol Identificaci\u00f3n de la empresa (CIF): B57361057<\/p>\n<p>Direcci\u00f3n: Cami des Pou Nou de Baix 3,<\/p>\n<p>07710 Sant Llu\u00eds, Menorca, Islas Baleares, Espa\u00f1a<\/p>\n<p>Tel\u00e9fono: +34 971 150 027<\/p>\n<p>E-mail: info movemenorca.com<\/p>\n<h2>Definici\u00f3n del sitio web<\/h2>\n<p>Tenga en cuenta que todas las referencias a la &#8220;p\u00e1gina web&#8221; incluyen www.movemenorca.com, www.moovmenorca.com y www.menorcapropertyforsale.com.<\/p>\n<h2>Definici\u00f3n de usuario<\/h2>\n<p>El acceso y \/ o uso de este sitio web atribuye la condici\u00f3n de &#8220;usuario&#8221;, que acepta, desde dicho acceso y \/ o uso, las Condiciones Generales de Uso del Sitio Web se enumeran aqu\u00ed. Estas condiciones son independientes de las condiciones generales derivadas de cualquier contrato adicional entre el usuario y Pou Nou Trading SL.<\/p>\n<h2>Uso del Sitio Web<\/h2>\n<p>Este sitio web proporciona acceso a una gran cantidad de informaci\u00f3n, datos y servicios (en adelante, &#8220;los contenidos&#8221;) en Internet de Pou Nou Trading SL a la que el usuario puede tener acceso. El usuario asume la responsabilidad del uso del sitio web. Esta responsabilidad se extiende al registro necesario para acceder a determinados servicios o contenidos. El usuario ser\u00e1 responsable de aportar informaci\u00f3n veraz y l\u00edcita. El usuario se compromete a hacer un uso adecuado de los contenidos y servicios que Pou Nou Trading SL ofrece a trav\u00e9s de su sitio web y a modo de ejemplo pero no limitado a abstenerse de (i) incurrir en actividades il\u00edcitas, ilegales o contrarias a la buena fe y al orden p\u00fablico; (Ii) difundir contenidos o propaganda de car\u00e1cter racista, xen\u00f3fobo, pornogr\u00e1fico,, el terrorismo fomentar ilegal o en contra de los derechos humanos; (Iii) provocar da\u00f1os en los sistemas f\u00edsicos y log\u00edsticas de Pou Nou Trading SL, de sus proveedores o de terceros, introducci\u00f3n o difusi\u00f3n de virus inform\u00e1ticos o cualesquiera otros sistemas f\u00edsicos o log\u00edsticos que sean susceptibles de provocar da\u00f1os anteriormente mencionados; (Iv) intentar acceder y, en su caso, utilizar las cuentas de correo electr\u00f3nico de otros usuarios y modificar o manipular sus mensajes.<\/p>\n<h2>Propiedad intelectual<\/h2>\n<p>Pou Nou Trading SL es titular de la propiedad intelectual e industrial de sus p\u00e1ginas web, as\u00ed como de los elementos contenidos en el mismo (a t\u00edtulo enunciativo, im\u00e1genes, sonido, audio, v\u00eddeo, software o textos; marcas o logotipos, combinaciones de colores, estructura y dise\u00f1o, selecci\u00f3n de materiales, programas de ordenador necesarios para su funcionamiento, acceso y uso, etc.), propiedad de Pou Nou Trading SL. Todos los derechos reservados. En virtud de lo dispuesto en los art\u00edculos 8 y 32.1, p\u00e1rrafo segundo, de la Ley de Propiedad Intelectual, quedan expresamente prohibidas la reproducci\u00f3n, la distribuci\u00f3n y la comunicaci\u00f3n p\u00fablica, incluida su modalidad de puesta a disposici\u00f3n de todos o parte de los contenidos de esta web con fines comerciales, en cualquier forma o por cualquier medio t\u00e9cnico, sin la autorizaci\u00f3n de Pou Nou Trading SL. El usuario se compromete a respetar la propiedad intelectual e industrial de Pou Nou Trading SL. El usuario puede ver los elementos del sitio web e incluso imprimirlos, copiarlos y almacenarlos en el disco duro de su ordenador o en cualquier otro soporte f\u00edsico siempre y cuando sea, \u00fanica y exclusivamente para su uso personal y privado. El usuario deber\u00e1 abstenerse de suprimir, alterar, eludir o manipular cualquier dispositivo de protecci\u00f3n o sistema de seguridad que estuviera instalado en las p\u00e1ginas del sitio web.<\/p>\n<h2>Renuncia<\/h2>\n<p>Pou Nou Trading SL no se hace responsable, en ning\u00fan caso, de los da\u00f1os y perjuicios de toda naturaleza que pudieran ocasionar, pero no limitado a, errores u omisiones en los contenidos, falta de disponibilidad del sitio web o la transmisi\u00f3n de virus o programas maliciosos o lesivos en el contenidos pesar de haber adoptado todas las medidas tecnol\u00f3gicas necesarias para evitarlo.<\/p>\n<h2>La modificaci\u00f3n del contenido<\/h2>\n<p>Pou Nou Trading SL se reserva el derecho a realizar cambios sin previo aviso que considere oportunas en su sitio web. Pou Nou Trading SL puede cambiar, suprimir o a\u00f1adir tanto los contenidos y servicios prestados y puede cambiar la forma en que est\u00e1n presentados o localizados en el sitio web.<\/p>\n<h2>Enlaces<\/h2>\n<p>En el caso de que los enlaces de sitios web a otros sitios de Internet, Pou Nou Trading SL no ejerce ning\u00fan control sobre dichos sitios y contenidos. En ning\u00fan caso Pou Nou Trading SL asumir\u00e1 responsabilidad alguna por los contenidos de alg\u00fan enlace perteneciente a un sitio web, ni garantizar\u00e1 la disponibilidad t\u00e9cnica, calidad, fiabilidad, exactitud, amplitud, veracidad, validez y constitucionalidad de cualquier material o informaci\u00f3n contenida en ninguno de dichos hiperv\u00ednculos u otros sitios de Internet. Adem\u00e1s, la inclusi\u00f3n de estas conexiones externas no implicar\u00e1 ninguna asociaci\u00f3n, fusi\u00f3n o participaci\u00f3n con las entidades conectadas.<\/p>\n<h2>Derechos de exclusi\u00f3n<\/h2>\n<p>Pou Nou Trading SL se reserva el derecho a denegar o retirar el acceso al sitio web y \/ o servicios ofrecidos, sin previo aviso, a aquellos usuarios que incumplan las presentes Condiciones Generales de Uso del Sitio Web.<\/p>\n<h2>General<\/h2>\n<p>Pou Nou Trading SL perseguir\u00e1 el incumplimiento de estas condiciones como cualquier utilizaci\u00f3n indebida de su website ejerciendo todas las acciones civiles y penales que le puedan corresponder en derecho.<\/p>\n<h2>Modificaci\u00f3n de las Condiciones de Uso del Sitio<\/h2>\n<p>Pou Nou Trading SL podr\u00e1 modificar en cualquier momento las condiciones aqu\u00ed contenidos, para ser debidamente publicado en forma similar. Estas condiciones se mantendr\u00e1n en vigor, como se muestra en este documento y hasta que sea modificada y debidamente publicadas.<\/p>\n<h2>Legislaci\u00f3n aplicable y jurisdicci\u00f3n<\/h2>\n<p>La relaci\u00f3n \u00a0entre Pou Nou Trading SL y el usuario se regir\u00e1 por la normativa espa\u00f1ola vigente y cualquier controversia someter\u00e1 a los tribunales de las Islas Baleares.<\/p>\n<h2>Protecci\u00f3n de Datos<\/h2>\n<p>Move Menorca cumple con las directrices de la Ley Org\u00e1nica 15\/1999, de 13 de diciembre, de Protecci\u00f3n de Datos de Car\u00e1cter Personal, el Real Decreto 1720\/2007, de 21 de diciembre, que aprueba el Reglamento de desarrollo de la Ley Org\u00e1nica y dem\u00e1s normativa en todo momento, y tiene por objeto garantizar uso y manejo de los datos personales del usuario. Asimismo, se le informa que el tratamiento dado a sus datos responde \u00fanica y exclusivamente a la finalidad para la que fueron solicitados. En ning\u00fan caso, ser\u00e1n cedidos a terceros, salvo que se solicite expresamente su autorizaci\u00f3n para la transferencia de datos y las organizaciones a las que se va a transferir se indican. Esto est\u00e1 de acuerdo con la Ley 34\/2002, de 11 de julio, de Servicios de la Sociedad de la Informaci\u00f3n y Comercio Electr\u00f3nico.<\/p>\n<p>Si los datos est\u00e1n incluidos en un fichero titularidad de Pou Nou Trading SL se le informa que puede ejercitar sus derechos de acceso, rectificaci\u00f3n y cancelaci\u00f3n de sus datos por e-mail a la direcci\u00f3n info movemenorca.com o mediante el env\u00edo de una carta dirigida a Pou Nou Trading SL, Cam\u00ed des Pou Nou de Baix 3, 07710 Sant Llu\u00eds, Menorca, Islas Baleares, Espa\u00f1a, a la atenci\u00f3n del Director de la Oficina.<\/p>\n<p>Tambi\u00e9n podemos guardar la siguiente informaci\u00f3n sobre los visitantes de nuestro sitio Web:<\/p>\n<p>El nombre del dominio del proveedor de servicios (ISP) y \/ o la direcci\u00f3n IP a trav\u00e9s del cual se accede a Internet.<\/p>\n<p>La fecha y la hora a la que accede a nuestro sitio Web.<\/p>\n<p>La direcci\u00f3n de internet desde la que se le dio el enlace a nuestro sitio.<\/p>\n<p>Esta informaci\u00f3n obtenida es totalmente an\u00f3nima, y en ning\u00fan caso puede ser asociada a un usuario concreto y identificado. Por lo tanto, el archivo generado no puede ser considerado como un archivo que contiene datos personales.<\/p>\n","protected":false},"excerpt":{"rendered":"<p>Datos de identificaci\u00f3n Conforme con las obligaciones del informaci\u00f3n contenidas en el art\u00edculo 10 de la Ley 34\/2002, del 11 de julio, del Servicios de la Sociedad de la Informaci\u00f3n y de la del Comercio Electr\u00f3nico (Sociedad de Servicios de Informaci\u00f3n y de Comercio Electr\u00f3nico), la siguiente informaci\u00f3n aqu\u00ed suministrada a todos los usuarios de&#8230;<\/p>\n","protected":false},"author":4,"featured_media":0,"parent":0,"menu_order":0,"comment_status":"closed","ping_status":"open","template":"","meta":{"footnotes":""},"class_list":["post-7588","page","type-page","status-publish","hentry"],"yoast_head":"<!-- This site is optimized with the Yoast SEO Premium plugin v21.0 (Yoast SEO v27.3) - https:\/\/yoast.com\/product\/yoast-seo-premium-wordpress\/ -->\n<title>Condiciones Generales de Uso del Sitio - Move Menorca<\/title>\n<meta name=\"robots\" content=\"index, follow, max-snippet:-1, max-image-preview:large, max-video-preview:-1\" \/>\n<link rel=\"canonical\" href=\"https:\/\/movemenorca.com\/es\/condiciones-generales-de-uso-del-sitio\/\" \/>\n<meta property=\"og:locale\" content=\"es_ES\" \/>\n<meta property=\"og:type\" content=\"article\" \/>\n<meta property=\"og:title\" content=\"Condiciones Generales de Uso del Sitio\" \/>\n<meta property=\"og:description\" content=\"Datos de identificaci\u00f3n Conforme con las obligaciones del informaci\u00f3n contenidas en el art\u00edculo 10 de la Ley 34\/2002, del 11 de julio, del Servicios de la Sociedad de la Informaci\u00f3n y de la del Comercio Electr\u00f3nico (Sociedad de Servicios de Informaci\u00f3n y de Comercio Electr\u00f3nico), la siguiente informaci\u00f3n aqu\u00ed suministrada a todos los usuarios de...\" \/>\n<meta property=\"og:url\" content=\"https:\/\/movemenorca.com\/es\/condiciones-generales-de-uso-del-sitio\/\" \/>\n<meta property=\"og:site_name\" content=\"Move Menorca\" \/>\n<meta property=\"article:publisher\" content=\"https:\/\/www.facebook.com\/MoveMenorca\" \/>\n<meta property=\"article:modified_time\" content=\"2016-08-11T14:58:28+00:00\" \/>\n<meta property=\"og:image\" content=\"https:\/\/movemenorca.com\/wp-content\/uploads\/home-scaled.jpg\" \/>\n\t<meta property=\"og:image:width\" content=\"2560\" \/>\n\t<meta property=\"og:image:height\" content=\"1804\" \/>\n\t<meta property=\"og:image:type\" content=\"image\/jpeg\" \/>\n<meta name=\"twitter:card\" content=\"summary_large_image\" \/>\n<meta name=\"twitter:label1\" content=\"Tiempo de lectura\" \/>\n\t<meta name=\"twitter:data1\" content=\"7 minutos\" \/>\n<script type=\"application\/ld+json\" class=\"yoast-schema-graph\">{\"@context\":\"https:\\\/\\\/schema.org\",\"@graph\":[{\"@type\":\"WebPage\",\"@id\":\"https:\\\/\\\/movemenorca.com\\\/es\\\/condiciones-generales-de-uso-del-sitio\\\/\",\"url\":\"https:\\\/\\\/movemenorca.com\\\/es\\\/condiciones-generales-de-uso-del-sitio\\\/\",\"name\":\"Condiciones Generales de Uso del Sitio - Move Menorca\",\"isPartOf\":{\"@id\":\"https:\\\/\\\/movemenorca.com\\\/#website\"},\"datePublished\":\"2015-08-19T15:11:04+00:00\",\"dateModified\":\"2016-08-11T14:58:28+00:00\",\"breadcrumb\":{\"@id\":\"https:\\\/\\\/movemenorca.com\\\/es\\\/condiciones-generales-de-uso-del-sitio\\\/#breadcrumb\"},\"inLanguage\":\"es\",\"potentialAction\":[{\"@type\":\"ReadAction\",\"target\":[\"https:\\\/\\\/movemenorca.com\\\/es\\\/condiciones-generales-de-uso-del-sitio\\\/\"]}]},{\"@type\":\"BreadcrumbList\",\"@id\":\"https:\\\/\\\/movemenorca.com\\\/es\\\/condiciones-generales-de-uso-del-sitio\\\/#breadcrumb\",\"itemListElement\":[{\"@type\":\"ListItem\",\"position\":1,\"name\":\"Home\",\"item\":\"https:\\\/\\\/movemenorca.com\\\/es\\\/\"},{\"@type\":\"ListItem\",\"position\":2,\"name\":\"Condiciones Generales de Uso del Sitio\"}]},{\"@type\":\"WebSite\",\"@id\":\"https:\\\/\\\/movemenorca.com\\\/#website\",\"url\":\"https:\\\/\\\/movemenorca.com\\\/\",\"name\":\"Move Menorca\",\"description\":\"\",\"publisher\":{\"@id\":\"https:\\\/\\\/movemenorca.com\\\/#organization\"},\"potentialAction\":[{\"@type\":\"SearchAction\",\"target\":{\"@type\":\"EntryPoint\",\"urlTemplate\":\"https:\\\/\\\/movemenorca.com\\\/?s={search_term_string}\"},\"query-input\":{\"@type\":\"PropertyValueSpecification\",\"valueRequired\":true,\"valueName\":\"search_term_string\"}}],\"inLanguage\":\"es\"},{\"@type\":\"Organization\",\"@id\":\"https:\\\/\\\/movemenorca.com\\\/#organization\",\"name\":\"Move Menorca\",\"url\":\"https:\\\/\\\/movemenorca.com\\\/\",\"logo\":{\"@type\":\"ImageObject\",\"inLanguage\":\"es\",\"@id\":\"https:\\\/\\\/movemenorca.com\\\/#\\\/schema\\\/logo\\\/image\\\/\",\"url\":\"https:\\\/\\\/movemenorca.com\\\/wp-content\\\/uploads\\\/logo-2025.png\",\"contentUrl\":\"https:\\\/\\\/movemenorca.com\\\/wp-content\\\/uploads\\\/logo-2025.png\",\"width\":1277,\"height\":539,\"caption\":\"Move Menorca\"},\"image\":{\"@id\":\"https:\\\/\\\/movemenorca.com\\\/#\\\/schema\\\/logo\\\/image\\\/\"},\"sameAs\":[\"https:\\\/\\\/www.facebook.com\\\/MoveMenorca\"]}]}<\/script>\n<!-- \/ Yoast SEO Premium plugin. -->","yoast_head_json":{"title":"Condiciones Generales de Uso del Sitio - Move Menorca","robots":{"index":"index","follow":"follow","max-snippet":"max-snippet:-1","max-image-preview":"max-image-preview:large","max-video-preview":"max-video-preview:-1"},"canonical":"https:\/\/movemenorca.com\/es\/condiciones-generales-de-uso-del-sitio\/","og_locale":"es_ES","og_type":"article","og_title":"Condiciones Generales de Uso del Sitio","og_description":"Datos de identificaci\u00f3n Conforme con las obligaciones del informaci\u00f3n contenidas en el art\u00edculo 10 de la Ley 34\/2002, del 11 de julio, del Servicios de la Sociedad de la Informaci\u00f3n y de la del Comercio Electr\u00f3nico (Sociedad de Servicios de Informaci\u00f3n y de Comercio Electr\u00f3nico), la siguiente informaci\u00f3n aqu\u00ed suministrada a todos los usuarios de...","og_url":"https:\/\/movemenorca.com\/es\/condiciones-generales-de-uso-del-sitio\/","og_site_name":"Move Menorca","article_publisher":"https:\/\/www.facebook.com\/MoveMenorca","article_modified_time":"2016-08-11T14:58:28+00:00","og_image":[{"width":2560,"height":1804,"url":"https:\/\/movemenorca.com\/wp-content\/uploads\/home-scaled.jpg","type":"image\/jpeg"}],"twitter_card":"summary_large_image","twitter_misc":{"Tiempo de lectura":"7 minutos"},"schema":{"@context":"https:\/\/schema.org","@graph":[{"@type":"WebPage","@id":"https:\/\/movemenorca.com\/es\/condiciones-generales-de-uso-del-sitio\/","url":"https:\/\/movemenorca.com\/es\/condiciones-generales-de-uso-del-sitio\/","name":"Condiciones Generales de Uso del Sitio - Move Menorca","isPartOf":{"@id":"https:\/\/movemenorca.com\/#website"},"datePublished":"2015-08-19T15:11:04+00:00","dateModified":"2016-08-11T14:58:28+00:00","breadcrumb":{"@id":"https:\/\/movemenorca.com\/es\/condiciones-generales-de-uso-del-sitio\/#breadcrumb"},"inLanguage":"es","potentialAction":[{"@type":"ReadAction","target":["https:\/\/movemenorca.com\/es\/condiciones-generales-de-uso-del-sitio\/"]}]},{"@type":"BreadcrumbList","@id":"https:\/\/movemenorca.com\/es\/condiciones-generales-de-uso-del-sitio\/#breadcrumb","itemListElement":[{"@type":"ListItem","position":1,"name":"Home","item":"https:\/\/movemenorca.com\/es\/"},{"@type":"ListItem","position":2,"name":"Condiciones Generales de Uso del Sitio"}]},{"@type":"WebSite","@id":"https:\/\/movemenorca.com\/#website","url":"https:\/\/movemenorca.com\/","name":"Move Menorca","description":"","publisher":{"@id":"https:\/\/movemenorca.com\/#organization"},"potentialAction":[{"@type":"SearchAction","target":{"@type":"EntryPoint","urlTemplate":"https:\/\/movemenorca.com\/?s={search_term_string}"},"query-input":{"@type":"PropertyValueSpecification","valueRequired":true,"valueName":"search_term_string"}}],"inLanguage":"es"},{"@type":"Organization","@id":"https:\/\/movemenorca.com\/#organization","name":"Move Menorca","url":"https:\/\/movemenorca.com\/","logo":{"@type":"ImageObject","inLanguage":"es","@id":"https:\/\/movemenorca.com\/#\/schema\/logo\/image\/","url":"https:\/\/movemenorca.com\/wp-content\/uploads\/logo-2025.png","contentUrl":"https:\/\/movemenorca.com\/wp-content\/uploads\/logo-2025.png","width":1277,"height":539,"caption":"Move Menorca"},"image":{"@id":"https:\/\/movemenorca.com\/#\/schema\/logo\/image\/"},"sameAs":["https:\/\/www.facebook.com\/MoveMenorca"]}]}},"_links":{"self":[{"href":"https:\/\/movemenorca.com\/es\/wp-json\/wp\/v2\/pages\/7588","targetHints":{"allow":["GET"]}}],"collection":[{"href":"https:\/\/movemenorca.com\/es\/wp-json\/wp\/v2\/pages"}],"about":[{"href":"https:\/\/movemenorca.com\/es\/wp-json\/wp\/v2\/types\/page"}],"author":[{"embeddable":true,"href":"https:\/\/movemenorca.com\/es\/wp-json\/wp\/v2\/users\/4"}],"replies":[{"embeddable":true,"href":"https:\/\/movemenorca.com\/es\/wp-json\/wp\/v2\/comments?post=7588"}],"version-history":[{"count":0,"href":"https:\/\/movemenorca.com\/es\/wp-json\/wp\/v2\/pages\/7588\/revisions"}],"wp:attachment":[{"href":"https:\/\/movemenorca.com\/es\/wp-json\/wp\/v2\/media?parent=7588"}],"curies":[{"name":"wp","href":"https:\/\/api.w.org\/{rel}","templated":true}]}}