{"id":7579,"date":"2015-08-19T16:49:30","date_gmt":"2015-08-19T14:49:30","guid":{"rendered":"http:\/\/movemenorca.vl23871.dinaserver.com\/es\/cookies\/"},"modified":"2016-08-11T16:29:19","modified_gmt":"2016-08-11T14:29:19","slug":"cookies","status":"publish","type":"page","link":"https:\/\/movemenorca.com\/es\/cookies\/","title":{"rendered":"Cookies"},"content":{"rendered":"<p>Utilizamos unos cookies en este sitio web para mejorar su experiencia de navegaci\u00f3n.<\/p>\n<h4>\u00bfQu\u00e9 son los cookies?<\/h4>\n<p>El cookie es un peque\u00f1o archivo de texto que un sitio web guarda en su ordenador o dispositivo m\u00f3vil cuando visita el sitio.<\/p>\n<h4>\u00bfC\u00f3mo utilizamos los cookies?<\/h4>\n<p>Utilizamos Google Analytics, un servicio anal\u00edtico de web prestado por Google, Inc. ( &#8220;Google&#8221;) para ayudarnos a mejorar nuestro sitio. . Google Analytics utiliza cookies, que son persistentes en la naturaleza para ayudar a analizar c\u00f3mo los usuarios navegan este sitio. Los cookies no ser\u00e1n utilizados para ning\u00fan fin distinto al que figura.<br \/>\nLos cookies de Google son:<\/p>\n<ul>\n<li>_utmt vence a los 10 minutos despu\u00e9s de su visita<\/li>\n<li>_utma: 2 a\u00f1os desde la fecha en que se estableci\u00f3<\/li>\n<li>_utmb: 30 minutos desde la fecha en que se estableci\u00f3<\/li>\n<li>_utmc: final de la sesi\u00f3n \/ cierre del navegador<\/li>\n<li>_utmz: 6 meses desde la fecha en que se estableci\u00f3<\/li>\n<\/ul>\n<p>Estes cookies se utilizan para recopilar informaci\u00f3n sobre c\u00f3mo los visitantes utilizan este sitio. La informaci\u00f3n recopilada se utiliza para compilar informes y para ayudar a mejorar el sitio. Las cookies recopilan informaci\u00f3n de una manera <strong>an\u00f3nima<\/strong>, incluida<\/p>\n<ul>\n<li>el n\u00famero de visitantes al sitio,<\/li>\n<li>desde donde los visitantes han llegado a este sitio<\/li>\n<li>las p\u00e1ginas de este sitio que visitaron.<\/li>\n<\/ul>\n<p><a href=\"https:\/\/support.google.com\/analytics\/answer\/6004245\" target=\"_blank\">Haga clic aqu\u00ed para obtener una visi\u00f3n general de la privacidad en Google<\/a><\/p>\n<p>Si no desea ser rastreado por Google Analytics, visite <a href=\"http:\/\/tools.google.com\/dlpage\/gaoptout\" target=\"_blank\"><em>http:\/\/tools.google.com\/dlpage\/gaoptout<\/em><\/a>.<\/p>\n<h4>\u00bfC\u00f3mo controlar los cookies en general?<\/h4>\n<p>Puede controlar y \/ o eliminar los cookies como desee &#8211; para m\u00e1s detalles, ver <a href=\"http:\/\/aboutcookies.org\" target=\"_blank\"><em>aboutcookies.org<\/em><\/a>. Puede borrar todas los cookies que ya se encuentran en su ordenador y puede ajustar la mayor\u00eda de los navegadores para evitar que se coloquen. Si lo hace, sin embargo, es posible que tenga que ajustar manualmente algunas preferencias cada vez que visita un sitio y algunos servicios y algunas funcionalidades pueden no funcionar.<\/p>\n<p>As\u00ed que por favor no se preocupe por nuestros cookies, que son para ayudarnos a no impedirle!<\/p>\n","protected":false},"excerpt":{"rendered":"<p>Utilizamos unos cookies en este sitio web para mejorar su experiencia de navegaci\u00f3n. \u00bfQu\u00e9 son los cookies? El cookie es un peque\u00f1o archivo de texto que un sitio web guarda en su ordenador o dispositivo m\u00f3vil cuando visita el sitio. \u00bfC\u00f3mo utilizamos los cookies? Utilizamos Google Analytics, un servicio anal\u00edtico de web prestado por Google,&#8230;<\/p>\n","protected":false},"author":4,"featured_media":0,"parent":0,"menu_order":0,"comment_status":"closed","ping_status":"open","template":"templates\/full-width.php","meta":{"footnotes":""},"class_list":["post-7579","page","type-page","status-publish","hentry"],"yoast_head":"<!-- This site is optimized with the Yoast SEO Premium plugin v21.0 (Yoast SEO v27.4) - https:\/\/yoast.com\/product\/yoast-seo-premium-wordpress\/ -->\n<title>Cookies - Move Menorca<\/title>\n<meta name=\"robots\" content=\"index, follow, max-snippet:-1, max-image-preview:large, max-video-preview:-1\" \/>\n<link rel=\"canonical\" href=\"https:\/\/movemenorca.com\/es\/cookies\/\" \/>\n<meta property=\"og:locale\" content=\"es_ES\" \/>\n<meta property=\"og:type\" content=\"article\" \/>\n<meta property=\"og:title\" content=\"Cookies\" \/>\n<meta property=\"og:description\" content=\"Utilizamos unos cookies en este sitio web para mejorar su experiencia de navegaci\u00f3n. \u00bfQu\u00e9 son los cookies? El cookie es un peque\u00f1o archivo de texto que un sitio web guarda en su ordenador o dispositivo m\u00f3vil cuando visita el sitio. \u00bfC\u00f3mo utilizamos los cookies? Utilizamos Google Analytics, un servicio anal\u00edtico de web prestado por Google,...\" \/>\n<meta property=\"og:url\" content=\"https:\/\/movemenorca.com\/es\/cookies\/\" \/>\n<meta property=\"og:site_name\" content=\"Move Menorca\" \/>\n<meta property=\"article:publisher\" content=\"https:\/\/www.facebook.com\/MoveMenorca\" \/>\n<meta property=\"article:modified_time\" content=\"2016-08-11T14:29:19+00:00\" \/>\n<meta property=\"og:image\" content=\"https:\/\/movemenorca.com\/wp-content\/uploads\/home-scaled.jpg\" \/>\n\t<meta property=\"og:image:width\" content=\"2560\" \/>\n\t<meta property=\"og:image:height\" content=\"1804\" \/>\n\t<meta property=\"og:image:type\" content=\"image\/jpeg\" \/>\n<meta name=\"twitter:card\" content=\"summary_large_image\" \/>\n<meta name=\"twitter:label1\" content=\"Tiempo de lectura\" \/>\n\t<meta name=\"twitter:data1\" content=\"2 minutos\" \/>\n<script type=\"application\/ld+json\" class=\"yoast-schema-graph\">{\"@context\":\"https:\\\/\\\/schema.org\",\"@graph\":[{\"@type\":\"WebPage\",\"@id\":\"https:\\\/\\\/movemenorca.com\\\/es\\\/cookies\\\/\",\"url\":\"https:\\\/\\\/movemenorca.com\\\/es\\\/cookies\\\/\",\"name\":\"Cookies - Move Menorca\",\"isPartOf\":{\"@id\":\"https:\\\/\\\/movemenorca.com\\\/#website\"},\"datePublished\":\"2015-08-19T14:49:30+00:00\",\"dateModified\":\"2016-08-11T14:29:19+00:00\",\"breadcrumb\":{\"@id\":\"https:\\\/\\\/movemenorca.com\\\/es\\\/cookies\\\/#breadcrumb\"},\"inLanguage\":\"es\",\"potentialAction\":[{\"@type\":\"ReadAction\",\"target\":[\"https:\\\/\\\/movemenorca.com\\\/es\\\/cookies\\\/\"]}]},{\"@type\":\"BreadcrumbList\",\"@id\":\"https:\\\/\\\/movemenorca.com\\\/es\\\/cookies\\\/#breadcrumb\",\"itemListElement\":[{\"@type\":\"ListItem\",\"position\":1,\"name\":\"Home\",\"item\":\"https:\\\/\\\/movemenorca.com\\\/es\\\/\"},{\"@type\":\"ListItem\",\"position\":2,\"name\":\"Cookies\"}]},{\"@type\":\"WebSite\",\"@id\":\"https:\\\/\\\/movemenorca.com\\\/#website\",\"url\":\"https:\\\/\\\/movemenorca.com\\\/\",\"name\":\"Move Menorca\",\"description\":\"\",\"publisher\":{\"@id\":\"https:\\\/\\\/movemenorca.com\\\/#organization\"},\"potentialAction\":[{\"@type\":\"SearchAction\",\"target\":{\"@type\":\"EntryPoint\",\"urlTemplate\":\"https:\\\/\\\/movemenorca.com\\\/?s={search_term_string}\"},\"query-input\":{\"@type\":\"PropertyValueSpecification\",\"valueRequired\":true,\"valueName\":\"search_term_string\"}}],\"inLanguage\":\"es\"},{\"@type\":\"Organization\",\"@id\":\"https:\\\/\\\/movemenorca.com\\\/#organization\",\"name\":\"Move Menorca\",\"url\":\"https:\\\/\\\/movemenorca.com\\\/\",\"logo\":{\"@type\":\"ImageObject\",\"inLanguage\":\"es\",\"@id\":\"https:\\\/\\\/movemenorca.com\\\/#\\\/schema\\\/logo\\\/image\\\/\",\"url\":\"https:\\\/\\\/movemenorca.com\\\/wp-content\\\/uploads\\\/logo-2025.png\",\"contentUrl\":\"https:\\\/\\\/movemenorca.com\\\/wp-content\\\/uploads\\\/logo-2025.png\",\"width\":1277,\"height\":539,\"caption\":\"Move Menorca\"},\"image\":{\"@id\":\"https:\\\/\\\/movemenorca.com\\\/#\\\/schema\\\/logo\\\/image\\\/\"},\"sameAs\":[\"https:\\\/\\\/www.facebook.com\\\/MoveMenorca\"]}]}<\/script>\n<!-- \/ Yoast SEO Premium plugin. -->","yoast_head_json":{"title":"Cookies - Move Menorca","robots":{"index":"index","follow":"follow","max-snippet":"max-snippet:-1","max-image-preview":"max-image-preview:large","max-video-preview":"max-video-preview:-1"},"canonical":"https:\/\/movemenorca.com\/es\/cookies\/","og_locale":"es_ES","og_type":"article","og_title":"Cookies","og_description":"Utilizamos unos cookies en este sitio web para mejorar su experiencia de navegaci\u00f3n. \u00bfQu\u00e9 son los cookies? El cookie es un peque\u00f1o archivo de texto que un sitio web guarda en su ordenador o dispositivo m\u00f3vil cuando visita el sitio. \u00bfC\u00f3mo utilizamos los cookies? Utilizamos Google Analytics, un servicio anal\u00edtico de web prestado por Google,...","og_url":"https:\/\/movemenorca.com\/es\/cookies\/","og_site_name":"Move Menorca","article_publisher":"https:\/\/www.facebook.com\/MoveMenorca","article_modified_time":"2016-08-11T14:29:19+00:00","og_image":[{"width":2560,"height":1804,"url":"https:\/\/movemenorca.com\/wp-content\/uploads\/home-scaled.jpg","type":"image\/jpeg"}],"twitter_card":"summary_large_image","twitter_misc":{"Tiempo de lectura":"2 minutos"},"schema":{"@context":"https:\/\/schema.org","@graph":[{"@type":"WebPage","@id":"https:\/\/movemenorca.com\/es\/cookies\/","url":"https:\/\/movemenorca.com\/es\/cookies\/","name":"Cookies - Move Menorca","isPartOf":{"@id":"https:\/\/movemenorca.com\/#website"},"datePublished":"2015-08-19T14:49:30+00:00","dateModified":"2016-08-11T14:29:19+00:00","breadcrumb":{"@id":"https:\/\/movemenorca.com\/es\/cookies\/#breadcrumb"},"inLanguage":"es","potentialAction":[{"@type":"ReadAction","target":["https:\/\/movemenorca.com\/es\/cookies\/"]}]},{"@type":"BreadcrumbList","@id":"https:\/\/movemenorca.com\/es\/cookies\/#breadcrumb","itemListElement":[{"@type":"ListItem","position":1,"name":"Home","item":"https:\/\/movemenorca.com\/es\/"},{"@type":"ListItem","position":2,"name":"Cookies"}]},{"@type":"WebSite","@id":"https:\/\/movemenorca.com\/#website","url":"https:\/\/movemenorca.com\/","name":"Move Menorca","description":"","publisher":{"@id":"https:\/\/movemenorca.com\/#organization"},"potentialAction":[{"@type":"SearchAction","target":{"@type":"EntryPoint","urlTemplate":"https:\/\/movemenorca.com\/?s={search_term_string}"},"query-input":{"@type":"PropertyValueSpecification","valueRequired":true,"valueName":"search_term_string"}}],"inLanguage":"es"},{"@type":"Organization","@id":"https:\/\/movemenorca.com\/#organization","name":"Move Menorca","url":"https:\/\/movemenorca.com\/","logo":{"@type":"ImageObject","inLanguage":"es","@id":"https:\/\/movemenorca.com\/#\/schema\/logo\/image\/","url":"https:\/\/movemenorca.com\/wp-content\/uploads\/logo-2025.png","contentUrl":"https:\/\/movemenorca.com\/wp-content\/uploads\/logo-2025.png","width":1277,"height":539,"caption":"Move Menorca"},"image":{"@id":"https:\/\/movemenorca.com\/#\/schema\/logo\/image\/"},"sameAs":["https:\/\/www.facebook.com\/MoveMenorca"]}]}},"_links":{"self":[{"href":"https:\/\/movemenorca.com\/es\/wp-json\/wp\/v2\/pages\/7579","targetHints":{"allow":["GET"]}}],"collection":[{"href":"https:\/\/movemenorca.com\/es\/wp-json\/wp\/v2\/pages"}],"about":[{"href":"https:\/\/movemenorca.com\/es\/wp-json\/wp\/v2\/types\/page"}],"author":[{"embeddable":true,"href":"https:\/\/movemenorca.com\/es\/wp-json\/wp\/v2\/users\/4"}],"replies":[{"embeddable":true,"href":"https:\/\/movemenorca.com\/es\/wp-json\/wp\/v2\/comments?post=7579"}],"version-history":[{"count":0,"href":"https:\/\/movemenorca.com\/es\/wp-json\/wp\/v2\/pages\/7579\/revisions"}],"wp:attachment":[{"href":"https:\/\/movemenorca.com\/es\/wp-json\/wp\/v2\/media?parent=7579"}],"curies":[{"name":"wp","href":"https:\/\/api.w.org\/{rel}","templated":true}]}}