{"id":7558,"date":"2015-07-07T07:49:16","date_gmt":"2015-07-07T05:49:16","guid":{"rendered":"http:\/\/movemenorca.vl23871.dinaserver.com\/es\/about-us\/"},"modified":"2026-02-17T22:24:05","modified_gmt":"2026-02-17T21:24:05","slug":"sobre-nosotros","status":"publish","type":"page","link":"https:\/\/movemenorca.com\/es\/sobre-nosotros\/","title":{"rendered":"Sobre Nosotros"},"content":{"rendered":"\t\t<div data-elementor-type=\"wp-page\" data-elementor-id=\"7558\" class=\"elementor elementor-7558 elementor-964\">\n\t\t\t\t\t\t<section data-particle_enable=\"false\" data-particle-mobile-disabled=\"false\" class=\"elementor-section elementor-top-section elementor-element elementor-element-5663d2c4 elementor-section-boxed elementor-section-height-default elementor-section-height-default\" data-id=\"5663d2c4\" data-element_type=\"section\">\n\t\t\t\t\t\t<div class=\"elementor-container elementor-column-gap-default\">\n\t\t\t\t\t<div class=\"elementor-column elementor-col-50 elementor-top-column elementor-element elementor-element-5a36ae23\" data-id=\"5a36ae23\" data-element_type=\"column\">\n\t\t\t<div class=\"elementor-widget-wrap elementor-element-populated\">\n\t\t\t\t\t\t<div class=\"elementor-element elementor-element-575b0551 elementor-widget elementor-widget-heading\" data-id=\"575b0551\" data-element_type=\"widget\" data-widget_type=\"heading.default\">\n\t\t\t\t<div class=\"elementor-widget-container\">\n\t\t\t<h1 class=\"elementor-heading-title elementor-size-default\">Move Menorca | Tu Agencia Inmobiliaria en Menorca<\/h1>\t\t<\/div>\n\t\t\t\t<\/div>\n\t\t\t\t<div class=\"elementor-element elementor-element-f29323c elementor-widget elementor-widget-text-editor\" data-id=\"f29323c\" data-element_type=\"widget\" data-widget_type=\"text-editor.default\">\n\t\t\t\t<div class=\"elementor-widget-container\">\n\t\t\t\t\t\t\t<p class=\"p1\">Move Menorca fue fundada en 2015 sobre un principio sencillo: encontrar tu hogar en Menorca deber\u00eda sentirse tan especial como la propia isla. Roy y Tobias son tu equipo dedicado sobre el terreno, combinando la discreci\u00f3n de un conserje personal con una profunda experiencia inmobiliaria.<\/p><p class=\"p1\">Roy acompa\u00f1a a cada cliente desde la primera consulta hasta la entrega de llaves, asegur\u00e1ndose de que te sientas respaldado en cada paso del camino. Tobias, criado en la isla por padres holandeses, aporta ese conocimiento local que solo se adquiere tras toda una vida aqu\u00ed. Entre ambos hablan con fluidez espa\u00f1ol, catal\u00e1n, ingl\u00e9s, neerland\u00e9s, alem\u00e1n y franc\u00e9s, haciendo que lo que puede ser un proceso complejo resulte realmente sencillo.<\/p><p class=\"p1\">Trabajar\u00e1s directamente con Roy y Tobias en todo momento, con sus n\u00fameros de m\u00f3vil disponibles las 24 horas del d\u00eda, los 7 d\u00edas de la semana, para tu tranquilidad. Este enfoque personal ha creado una fiel comunidad de clientes que regresan para su pr\u00f3xima propiedad y los recomiendan a amigos que valoran el mismo nivel de profesionalidad, cercan\u00eda y atenci\u00f3n.<\/p><p class=\"p1\">Su conocimiento va mucho m\u00e1s all\u00e1 de las propiedades en venta. Entienden qu\u00e9 pueblos pueden encajar mejor con tu estilo de vida, los matices de la vida en la isla y lo que hace especial a cada rinc\u00f3n de Menorca. Adem\u00e1s, apoyan activamente el Menorca Preservation Fund, porque proteger esta isla es importante.<\/p><p class=\"p1\">Si buscas un servicio en el que realmente te sientas cuidado, con una atenci\u00f3n profundamente profesional y a la vez cercana y personal, Roy y Tobias est\u00e1n aqu\u00ed para ayudarte.<\/p>\t\t\t\t\t\t<\/div>\n\t\t\t\t<\/div>\n\t\t\t\t<div class=\"elementor-element elementor-element-b58b4ff elementor-widget elementor-widget-heading\" data-id=\"b58b4ff\" data-element_type=\"widget\" data-widget_type=\"heading.default\">\n\t\t\t\t<div class=\"elementor-widget-container\">\n\t\t\t<p class=\"elementor-heading-title elementor-size-default\">Move Menorca forma parte de Pou Nou Trading S.L., con CIF: B57361057, domicilio social Cala LLonga,50, 07700 Mah\u00f3n, Menorca, Espa\u00f1a, propiedad de Roy Thomas Sturgeon.\n<\/p>\t\t<\/div>\n\t\t\t\t<\/div>\n\t\t\t\t<div class=\"elementor-element elementor-element-6b3f48be elementor-widget elementor-widget-rhea-button-widget\" data-id=\"6b3f48be\" data-element_type=\"widget\" data-widget_type=\"rhea-button-widget.default\">\n\t\t\t\t<div class=\"elementor-widget-container\">\n\t\t\t            <a class=\"rhea-custom-button default\" href=\"https:\/\/movemenorca.com\/es\/contactenos\/\"\n\t\t\t\t\t\t\t\t            >\n\t\t\t\tCont\u00e1ctenos                    <i class=\"fa-solid fas fa-angle-right\"><\/i>            <\/a>\n\t\t\t\t\t<\/div>\n\t\t\t\t<\/div>\n\t\t\t\t\t<\/div>\n\t\t<\/div>\n\t\t\t\t<div class=\"elementor-column elementor-col-50 elementor-top-column elementor-element elementor-element-7f10315f\" data-id=\"7f10315f\" data-element_type=\"column\">\n\t\t\t<div class=\"elementor-widget-wrap elementor-element-populated\">\n\t\t\t\t\t\t<section data-particle_enable=\"false\" data-particle-mobile-disabled=\"false\" class=\"elementor-section elementor-inner-section elementor-element elementor-element-c707a03 elementor-section-boxed elementor-section-height-default elementor-section-height-default\" data-id=\"c707a03\" data-element_type=\"section\">\n\t\t\t\t\t\t<div class=\"elementor-container elementor-column-gap-no\">\n\t\t\t\t\t<div class=\"elementor-column elementor-col-100 elementor-inner-column elementor-element elementor-element-6b7b601c\" data-id=\"6b7b601c\" data-element_type=\"column\">\n\t\t\t<div class=\"elementor-widget-wrap elementor-element-populated\">\n\t\t\t\t\t\t<div class=\"elementor-element elementor-element-d88a90e elementor-widget elementor-widget-image\" data-id=\"d88a90e\" data-element_type=\"widget\" data-widget_type=\"image.default\">\n\t\t\t\t<div class=\"elementor-widget-container\">\n\t\t\t\t\t\t\t\t\t\t\t\t\t<img fetchpriority=\"high\" decoding=\"async\" width=\"1500\" height=\"1576\" src=\"https:\/\/movemenorca.com\/wp-content\/uploads\/roy.jpg\" class=\"elementor-animation-float attachment-full size-full wp-image-135936\" alt=\"\" srcset=\"https:\/\/movemenorca.com\/wp-content\/uploads\/roy.jpg 1500w, https:\/\/movemenorca.com\/wp-content\/uploads\/roy-286x300.jpg 286w, https:\/\/movemenorca.com\/wp-content\/uploads\/roy-975x1024.jpg 975w, https:\/\/movemenorca.com\/wp-content\/uploads\/roy-768x807.jpg 768w, https:\/\/movemenorca.com\/wp-content\/uploads\/roy-1462x1536.jpg 1462w, https:\/\/movemenorca.com\/wp-content\/uploads\/roy-143x150.jpg 143w\" sizes=\"(max-width: 1500px) 100vw, 1500px\" \/>\t\t\t\t\t\t\t\t\t\t\t\t\t<\/div>\n\t\t\t\t<\/div>\n\t\t\t\t\t<\/div>\n\t\t<\/div>\n\t\t\t\t\t<\/div>\n\t\t<\/section>\n\t\t\t\t\t<\/div>\n\t\t<\/div>\n\t\t\t\t\t<\/div>\n\t\t<\/section>\n\t\t\t\t<section data-particle_enable=\"false\" data-particle-mobile-disabled=\"false\" class=\"elementor-section elementor-top-section elementor-element elementor-element-47f55cf4 elementor-section-content-top elementor-section-boxed elementor-section-height-default elementor-section-height-default\" data-id=\"47f55cf4\" data-element_type=\"section\" data-settings=\"{&quot;background_background&quot;:&quot;classic&quot;}\">\n\t\t\t\t\t\t<div class=\"elementor-container elementor-column-gap-default\">\n\t\t\t\t\t<div class=\"elementor-column elementor-col-50 elementor-top-column elementor-element elementor-element-3de3fc22\" data-id=\"3de3fc22\" data-element_type=\"column\">\n\t\t\t<div class=\"elementor-widget-wrap elementor-element-populated\">\n\t\t\t\t\t\t<div class=\"elementor-element elementor-element-34278f0f elementor-widget elementor-widget-heading\" data-id=\"34278f0f\" data-element_type=\"widget\" data-widget_type=\"heading.default\">\n\t\t\t\t<div class=\"elementor-widget-container\">\n\t\t\t<h2 class=\"elementor-heading-title elementor-size-default\">Si est\u00e1 buscando una propiedad:<\/h2>\t\t<\/div>\n\t\t\t\t<\/div>\n\t\t\t\t<div class=\"elementor-element elementor-element-1115cb0e elementor-widget elementor-widget-heading\" data-id=\"1115cb0e\" data-element_type=\"widget\" data-widget_type=\"heading.default\">\n\t\t\t\t<div class=\"elementor-widget-container\">\n\t\t\t<p class=\"elementor-heading-title elementor-size-default\">- Adaptamos su b\u00fasqueda para mostrarle \u00fanicamente propiedades que se ajusten a sus necesidades, \u00a1quiz\u00e1s con alguna que otra \"casa misteriosa\" incluida!<\/p>\t\t<\/div>\n\t\t\t\t<\/div>\n\t\t\t\t<div class=\"elementor-element elementor-element-609b6962 elementor-widget elementor-widget-heading\" data-id=\"609b6962\" data-element_type=\"widget\" data-widget_type=\"heading.default\">\n\t\t\t\t<div class=\"elementor-widget-container\">\n\t\t\t<p class=\"elementor-heading-title elementor-size-default\">- Le ayudamos en cada paso del proceso de compra.<\/p>\t\t<\/div>\n\t\t\t\t<\/div>\n\t\t\t\t<div class=\"elementor-element elementor-element-37e2da6e elementor-widget elementor-widget-heading\" data-id=\"37e2da6e\" data-element_type=\"widget\" data-widget_type=\"heading.default\">\n\t\t\t\t<div class=\"elementor-widget-container\">\n\t\t\t<p class=\"elementor-heading-title elementor-size-default\">- Ofrecemos asesoramiento sobre c\u00f3mo vivir o ser propietario de una casa de vacaciones en Menorca.<\/p>\t\t<\/div>\n\t\t\t\t<\/div>\n\t\t\t\t\t<\/div>\n\t\t<\/div>\n\t\t\t\t<div class=\"elementor-column elementor-col-50 elementor-top-column elementor-element elementor-element-79758ec9\" data-id=\"79758ec9\" data-element_type=\"column\">\n\t\t\t<div class=\"elementor-widget-wrap elementor-element-populated\">\n\t\t\t\t\t\t<div class=\"elementor-element elementor-element-f262293 elementor-widget elementor-widget-heading\" data-id=\"f262293\" data-element_type=\"widget\" data-widget_type=\"heading.default\">\n\t\t\t\t<div class=\"elementor-widget-container\">\n\t\t\t<h2 class=\"elementor-heading-title elementor-size-default\">Si vende su propiedad con nosotros:<\/h2>\t\t<\/div>\n\t\t\t\t<\/div>\n\t\t\t\t<div class=\"elementor-element elementor-element-4f79921f elementor-widget elementor-widget-heading\" data-id=\"4f79921f\" data-element_type=\"widget\" data-widget_type=\"heading.default\">\n\t\t\t\t<div class=\"elementor-widget-container\">\n\t\t\t<p class=\"elementor-heading-title elementor-size-default\">- Encontraremos los compradores adecuados para su casa.<\/p>\t\t<\/div>\n\t\t\t\t<\/div>\n\t\t\t\t<div class=\"elementor-element elementor-element-221ecaf2 elementor-widget elementor-widget-heading\" data-id=\"221ecaf2\" data-element_type=\"widget\" data-widget_type=\"heading.default\">\n\t\t\t\t<div class=\"elementor-widget-container\">\n\t\t\t<p class=\"elementor-heading-title elementor-size-default\">- Proporcionamos comentarios peri\u00f3dicos y relevantes en todo momento para que siempre est\u00e9 al tanto de lo que sucede con la venta de su casa.<\/p>\t\t<\/div>\n\t\t\t\t<\/div>\n\t\t\t\t<div class=\"elementor-element elementor-element-305b8a4c elementor-widget elementor-widget-heading\" data-id=\"305b8a4c\" data-element_type=\"widget\" data-widget_type=\"heading.default\">\n\t\t\t\t<div class=\"elementor-widget-container\">\n\t\t\t<p class=\"elementor-heading-title elementor-size-default\">- Ofrecemos asesoramiento si creemos que hay algo que pueda hacer para mejorar a\u00fan m\u00e1s el valor de su casa.<\/p>\t\t<\/div>\n\t\t\t\t<\/div>\n\t\t\t\t<div class=\"elementor-element elementor-element-5c222eb7 elementor-widget elementor-widget-heading\" data-id=\"5c222eb7\" data-element_type=\"widget\" data-widget_type=\"heading.default\">\n\t\t\t\t<div class=\"elementor-widget-container\">\n\t\t\t<p class=\"elementor-heading-title elementor-size-default\">- Estamos disponibles en todo momento para garantizar que la venta sea una experiencia agradable y gestionada profesionalmente.<\/p>\t\t<\/div>\n\t\t\t\t<\/div>\n\t\t\t\t\t<\/div>\n\t\t<\/div>\n\t\t\t\t\t<\/div>\n\t\t<\/section>\n\t\t\t\t<\/div>\n\t\t","protected":false},"excerpt":{"rendered":"<p>Move Menorca | Tu Agencia Inmobiliaria en Menorca Move Menorca fue fundada en 2015 sobre un principio sencillo: encontrar tu hogar en Menorca deber\u00eda sentirse tan especial como la propia isla. Roy y Tobias son tu equipo dedicado sobre el terreno, combinando la discreci\u00f3n de un conserje personal con una profunda experiencia inmobiliaria. Roy acompa\u00f1a&#8230;<\/p>\n","protected":false},"author":4,"featured_media":0,"parent":0,"menu_order":0,"comment_status":"closed","ping_status":"closed","template":"templates\/home.php","meta":{"footnotes":""},"class_list":["post-7558","page","type-page","status-publish","hentry"],"yoast_head":"<!-- This site is optimized with the Yoast SEO Premium plugin v21.0 (Yoast SEO v27.4) - https:\/\/yoast.com\/product\/yoast-seo-premium-wordpress\/ -->\n<title>Sobre Nosotros - Move Menorca<\/title>\n<meta name=\"description\" content=\"Move Menorca es una nueva agencia inmobiliaria independiente, dedicada a ayudar a encontrar la casa de sus sue\u00f1os en Menorca.\" \/>\n<meta name=\"robots\" content=\"index, follow, max-snippet:-1, max-image-preview:large, max-video-preview:-1\" \/>\n<link rel=\"canonical\" href=\"https:\/\/movemenorca.com\/fr\/a-propos-de-nous\/\" \/>\n<meta property=\"og:locale\" content=\"es_ES\" \/>\n<meta property=\"og:type\" content=\"article\" \/>\n<meta property=\"og:title\" content=\"Sobre Nosotros\" \/>\n<meta property=\"og:description\" content=\"Move Menorca es una nueva agencia inmobiliaria independiente, dedicada a ayudar a encontrar la casa de sus sue\u00f1os en Menorca.\" \/>\n<meta property=\"og:url\" content=\"https:\/\/movemenorca.com\/fr\/a-propos-de-nous\/\" \/>\n<meta property=\"og:site_name\" content=\"Move Menorca\" \/>\n<meta property=\"article:publisher\" content=\"https:\/\/www.facebook.com\/MoveMenorca\" \/>\n<meta property=\"article:modified_time\" content=\"2026-02-17T21:24:05+00:00\" \/>\n<meta property=\"og:image\" content=\"https:\/\/movemenorca.com\/wp-content\/uploads\/roy.jpg\" \/>\n\t<meta property=\"og:image:width\" content=\"1500\" \/>\n\t<meta property=\"og:image:height\" content=\"1576\" \/>\n\t<meta property=\"og:image:type\" content=\"image\/jpeg\" \/>\n<meta name=\"twitter:card\" content=\"summary_large_image\" \/>\n<meta name=\"twitter:label1\" content=\"Tiempo de lectura\" \/>\n\t<meta name=\"twitter:data1\" content=\"3 minutos\" \/>\n<script type=\"application\/ld+json\" class=\"yoast-schema-graph\">{\"@context\":\"https:\\\/\\\/schema.org\",\"@graph\":[{\"@type\":\"WebPage\",\"@id\":\"https:\\\/\\\/movemenorca.com\\\/fr\\\/a-propos-de-nous\\\/\",\"url\":\"https:\\\/\\\/movemenorca.com\\\/fr\\\/a-propos-de-nous\\\/\",\"name\":\"Sobre Nosotros - Move Menorca\",\"isPartOf\":{\"@id\":\"https:\\\/\\\/movemenorca.com\\\/#website\"},\"primaryImageOfPage\":{\"@id\":\"https:\\\/\\\/movemenorca.com\\\/fr\\\/a-propos-de-nous\\\/#primaryimage\"},\"image\":{\"@id\":\"https:\\\/\\\/movemenorca.com\\\/fr\\\/a-propos-de-nous\\\/#primaryimage\"},\"thumbnailUrl\":\"https:\\\/\\\/movemenorca.com\\\/wp-content\\\/uploads\\\/roy.jpg\",\"datePublished\":\"2015-07-07T05:49:16+00:00\",\"dateModified\":\"2026-02-17T21:24:05+00:00\",\"description\":\"Move Menorca es una nueva agencia inmobiliaria independiente, dedicada a ayudar a encontrar la casa de sus sue\u00f1os en Menorca.\",\"breadcrumb\":{\"@id\":\"https:\\\/\\\/movemenorca.com\\\/fr\\\/a-propos-de-nous\\\/#breadcrumb\"},\"inLanguage\":\"es\",\"potentialAction\":[{\"@type\":\"ReadAction\",\"target\":[\"https:\\\/\\\/movemenorca.com\\\/fr\\\/a-propos-de-nous\\\/\"]}]},{\"@type\":\"ImageObject\",\"inLanguage\":\"es\",\"@id\":\"https:\\\/\\\/movemenorca.com\\\/fr\\\/a-propos-de-nous\\\/#primaryimage\",\"url\":\"https:\\\/\\\/movemenorca.com\\\/wp-content\\\/uploads\\\/roy.jpg\",\"contentUrl\":\"https:\\\/\\\/movemenorca.com\\\/wp-content\\\/uploads\\\/roy.jpg\"},{\"@type\":\"BreadcrumbList\",\"@id\":\"https:\\\/\\\/movemenorca.com\\\/fr\\\/a-propos-de-nous\\\/#breadcrumb\",\"itemListElement\":[{\"@type\":\"ListItem\",\"position\":1,\"name\":\"Home\",\"item\":\"https:\\\/\\\/movemenorca.com\\\/es\\\/\"},{\"@type\":\"ListItem\",\"position\":2,\"name\":\"Sobre Nosotros\"}]},{\"@type\":\"WebSite\",\"@id\":\"https:\\\/\\\/movemenorca.com\\\/#website\",\"url\":\"https:\\\/\\\/movemenorca.com\\\/\",\"name\":\"Move Menorca\",\"description\":\"\",\"publisher\":{\"@id\":\"https:\\\/\\\/movemenorca.com\\\/#organization\"},\"potentialAction\":[{\"@type\":\"SearchAction\",\"target\":{\"@type\":\"EntryPoint\",\"urlTemplate\":\"https:\\\/\\\/movemenorca.com\\\/?s={search_term_string}\"},\"query-input\":{\"@type\":\"PropertyValueSpecification\",\"valueRequired\":true,\"valueName\":\"search_term_string\"}}],\"inLanguage\":\"es\"},{\"@type\":\"Organization\",\"@id\":\"https:\\\/\\\/movemenorca.com\\\/#organization\",\"name\":\"Move Menorca\",\"url\":\"https:\\\/\\\/movemenorca.com\\\/\",\"logo\":{\"@type\":\"ImageObject\",\"inLanguage\":\"es\",\"@id\":\"https:\\\/\\\/movemenorca.com\\\/#\\\/schema\\\/logo\\\/image\\\/\",\"url\":\"https:\\\/\\\/movemenorca.com\\\/wp-content\\\/uploads\\\/logo-2025.png\",\"contentUrl\":\"https:\\\/\\\/movemenorca.com\\\/wp-content\\\/uploads\\\/logo-2025.png\",\"width\":1277,\"height\":539,\"caption\":\"Move Menorca\"},\"image\":{\"@id\":\"https:\\\/\\\/movemenorca.com\\\/#\\\/schema\\\/logo\\\/image\\\/\"},\"sameAs\":[\"https:\\\/\\\/www.facebook.com\\\/MoveMenorca\"]}]}<\/script>\n<!-- \/ Yoast SEO Premium plugin. -->","yoast_head_json":{"title":"Sobre Nosotros - Move Menorca","description":"Move Menorca es una nueva agencia inmobiliaria independiente, dedicada a ayudar a encontrar la casa de sus sue\u00f1os en Menorca.","robots":{"index":"index","follow":"follow","max-snippet":"max-snippet:-1","max-image-preview":"max-image-preview:large","max-video-preview":"max-video-preview:-1"},"canonical":"https:\/\/movemenorca.com\/fr\/a-propos-de-nous\/","og_locale":"es_ES","og_type":"article","og_title":"Sobre Nosotros","og_description":"Move Menorca es una nueva agencia inmobiliaria independiente, dedicada a ayudar a encontrar la casa de sus sue\u00f1os en Menorca.","og_url":"https:\/\/movemenorca.com\/fr\/a-propos-de-nous\/","og_site_name":"Move Menorca","article_publisher":"https:\/\/www.facebook.com\/MoveMenorca","article_modified_time":"2026-02-17T21:24:05+00:00","og_image":[{"width":1500,"height":1576,"url":"https:\/\/movemenorca.com\/wp-content\/uploads\/roy.jpg","type":"image\/jpeg"}],"twitter_card":"summary_large_image","twitter_misc":{"Tiempo de lectura":"3 minutos"},"schema":{"@context":"https:\/\/schema.org","@graph":[{"@type":"WebPage","@id":"https:\/\/movemenorca.com\/fr\/a-propos-de-nous\/","url":"https:\/\/movemenorca.com\/fr\/a-propos-de-nous\/","name":"Sobre Nosotros - Move Menorca","isPartOf":{"@id":"https:\/\/movemenorca.com\/#website"},"primaryImageOfPage":{"@id":"https:\/\/movemenorca.com\/fr\/a-propos-de-nous\/#primaryimage"},"image":{"@id":"https:\/\/movemenorca.com\/fr\/a-propos-de-nous\/#primaryimage"},"thumbnailUrl":"https:\/\/movemenorca.com\/wp-content\/uploads\/roy.jpg","datePublished":"2015-07-07T05:49:16+00:00","dateModified":"2026-02-17T21:24:05+00:00","description":"Move Menorca es una nueva agencia inmobiliaria independiente, dedicada a ayudar a encontrar la casa de sus sue\u00f1os en Menorca.","breadcrumb":{"@id":"https:\/\/movemenorca.com\/fr\/a-propos-de-nous\/#breadcrumb"},"inLanguage":"es","potentialAction":[{"@type":"ReadAction","target":["https:\/\/movemenorca.com\/fr\/a-propos-de-nous\/"]}]},{"@type":"ImageObject","inLanguage":"es","@id":"https:\/\/movemenorca.com\/fr\/a-propos-de-nous\/#primaryimage","url":"https:\/\/movemenorca.com\/wp-content\/uploads\/roy.jpg","contentUrl":"https:\/\/movemenorca.com\/wp-content\/uploads\/roy.jpg"},{"@type":"BreadcrumbList","@id":"https:\/\/movemenorca.com\/fr\/a-propos-de-nous\/#breadcrumb","itemListElement":[{"@type":"ListItem","position":1,"name":"Home","item":"https:\/\/movemenorca.com\/es\/"},{"@type":"ListItem","position":2,"name":"Sobre Nosotros"}]},{"@type":"WebSite","@id":"https:\/\/movemenorca.com\/#website","url":"https:\/\/movemenorca.com\/","name":"Move Menorca","description":"","publisher":{"@id":"https:\/\/movemenorca.com\/#organization"},"potentialAction":[{"@type":"SearchAction","target":{"@type":"EntryPoint","urlTemplate":"https:\/\/movemenorca.com\/?s={search_term_string}"},"query-input":{"@type":"PropertyValueSpecification","valueRequired":true,"valueName":"search_term_string"}}],"inLanguage":"es"},{"@type":"Organization","@id":"https:\/\/movemenorca.com\/#organization","name":"Move Menorca","url":"https:\/\/movemenorca.com\/","logo":{"@type":"ImageObject","inLanguage":"es","@id":"https:\/\/movemenorca.com\/#\/schema\/logo\/image\/","url":"https:\/\/movemenorca.com\/wp-content\/uploads\/logo-2025.png","contentUrl":"https:\/\/movemenorca.com\/wp-content\/uploads\/logo-2025.png","width":1277,"height":539,"caption":"Move Menorca"},"image":{"@id":"https:\/\/movemenorca.com\/#\/schema\/logo\/image\/"},"sameAs":["https:\/\/www.facebook.com\/MoveMenorca"]}]}},"_links":{"self":[{"href":"https:\/\/movemenorca.com\/es\/wp-json\/wp\/v2\/pages\/7558","targetHints":{"allow":["GET"]}}],"collection":[{"href":"https:\/\/movemenorca.com\/es\/wp-json\/wp\/v2\/pages"}],"about":[{"href":"https:\/\/movemenorca.com\/es\/wp-json\/wp\/v2\/types\/page"}],"author":[{"embeddable":true,"href":"https:\/\/movemenorca.com\/es\/wp-json\/wp\/v2\/users\/4"}],"replies":[{"embeddable":true,"href":"https:\/\/movemenorca.com\/es\/wp-json\/wp\/v2\/comments?post=7558"}],"version-history":[{"count":9,"href":"https:\/\/movemenorca.com\/es\/wp-json\/wp\/v2\/pages\/7558\/revisions"}],"predecessor-version":[{"id":151900,"href":"https:\/\/movemenorca.com\/es\/wp-json\/wp\/v2\/pages\/7558\/revisions\/151900"}],"wp:attachment":[{"href":"https:\/\/movemenorca.com\/es\/wp-json\/wp\/v2\/media?parent=7558"}],"curies":[{"name":"wp","href":"https:\/\/api.w.org\/{rel}","templated":true}]}}