{"id":7552,"date":"2013-08-03T23:46:19","date_gmt":"2013-08-03T23:46:19","guid":{"rendered":"http:\/\/movemenorca.vl23871.dinaserver.com\/es\/property-search\/"},"modified":"2023-09-06T17:57:43","modified_gmt":"2023-09-06T15:57:43","slug":"busqueda-de-propiedades","status":"publish","type":"page","link":"https:\/\/movemenorca.com\/es\/busqueda-de-propiedades\/","title":{"rendered":"B\u00fasqueda de Propiedades"},"content":{"rendered":"","protected":false},"excerpt":{"rendered":"","protected":false},"author":4,"featured_media":0,"parent":0,"menu_order":0,"comment_status":"open","ping_status":"open","template":"templates\/properties-search.php","meta":{"footnotes":""},"class_list":["post-7552","page","type-page","status-publish","hentry"],"yoast_head":"<!-- This site is optimized with the Yoast SEO Premium plugin v21.0 (Yoast SEO v27.4) - https:\/\/yoast.com\/product\/yoast-seo-premium-wordpress\/ -->\n<title>B\u00fasqueda de Propiedades - Move Menorca<\/title>\n<meta name=\"description\" content=\"Encuentra la propiedad de tus sue\u00f1os en Menorca. Tenemos villas, casas, apartamentos en venta en toda Menorca. Si no est\u00e1 en nuestro sitio web, lo ayudaremos a encontrarlo..\" \/>\n<meta name=\"robots\" content=\"index, follow, max-snippet:-1, max-image-preview:large, max-video-preview:-1\" \/>\n<link rel=\"canonical\" href=\"https:\/\/movemenorca.com\/es\/busqueda-de-propiedades\/\" \/>\n<meta property=\"og:locale\" content=\"es_ES\" \/>\n<meta property=\"og:type\" content=\"article\" \/>\n<meta property=\"og:title\" content=\"B\u00fasqueda de Propiedades\" \/>\n<meta property=\"og:description\" content=\"Encuentra la propiedad de tus sue\u00f1os en Menorca. Tenemos villas, casas, apartamentos en venta en toda Menorca. Si no est\u00e1 en nuestro sitio web, lo ayudaremos a encontrarlo..\" \/>\n<meta property=\"og:url\" content=\"https:\/\/movemenorca.com\/es\/busqueda-de-propiedades\/\" \/>\n<meta property=\"og:site_name\" content=\"Move Menorca\" \/>\n<meta property=\"article:publisher\" content=\"https:\/\/www.facebook.com\/MoveMenorca\" \/>\n<meta property=\"article:modified_time\" content=\"2023-09-06T15:57:43+00:00\" \/>\n<meta property=\"og:image\" content=\"https:\/\/movemenorca.com\/wp-content\/uploads\/home-scaled.jpg\" \/>\n\t<meta property=\"og:image:width\" content=\"2560\" \/>\n\t<meta property=\"og:image:height\" content=\"1804\" \/>\n\t<meta property=\"og:image:type\" content=\"image\/jpeg\" \/>\n<meta name=\"twitter:card\" content=\"summary_large_image\" \/>\n<script type=\"application\/ld+json\" class=\"yoast-schema-graph\">{\"@context\":\"https:\\\/\\\/schema.org\",\"@graph\":[{\"@type\":\"WebPage\",\"@id\":\"https:\\\/\\\/movemenorca.com\\\/es\\\/busqueda-de-propiedades\\\/\",\"url\":\"https:\\\/\\\/movemenorca.com\\\/es\\\/busqueda-de-propiedades\\\/\",\"name\":\"B\u00fasqueda de Propiedades - Move Menorca\",\"isPartOf\":{\"@id\":\"https:\\\/\\\/movemenorca.com\\\/#website\"},\"datePublished\":\"2013-08-03T23:46:19+00:00\",\"dateModified\":\"2023-09-06T15:57:43+00:00\",\"description\":\"Encuentra la propiedad de tus sue\u00f1os en Menorca. Tenemos villas, casas, apartamentos en venta en toda Menorca. Si no est\u00e1 en nuestro sitio web, lo ayudaremos a encontrarlo..\",\"breadcrumb\":{\"@id\":\"https:\\\/\\\/movemenorca.com\\\/es\\\/busqueda-de-propiedades\\\/#breadcrumb\"},\"inLanguage\":\"es\",\"potentialAction\":[{\"@type\":\"ReadAction\",\"target\":[\"https:\\\/\\\/movemenorca.com\\\/es\\\/busqueda-de-propiedades\\\/\"]}]},{\"@type\":\"BreadcrumbList\",\"@id\":\"https:\\\/\\\/movemenorca.com\\\/es\\\/busqueda-de-propiedades\\\/#breadcrumb\",\"itemListElement\":[{\"@type\":\"ListItem\",\"position\":1,\"name\":\"Home\",\"item\":\"https:\\\/\\\/movemenorca.com\\\/es\\\/\"},{\"@type\":\"ListItem\",\"position\":2,\"name\":\"B\u00fasqueda de Propiedades\"}]},{\"@type\":\"WebSite\",\"@id\":\"https:\\\/\\\/movemenorca.com\\\/#website\",\"url\":\"https:\\\/\\\/movemenorca.com\\\/\",\"name\":\"Move Menorca\",\"description\":\"\",\"publisher\":{\"@id\":\"https:\\\/\\\/movemenorca.com\\\/#organization\"},\"potentialAction\":[{\"@type\":\"SearchAction\",\"target\":{\"@type\":\"EntryPoint\",\"urlTemplate\":\"https:\\\/\\\/movemenorca.com\\\/?s={search_term_string}\"},\"query-input\":{\"@type\":\"PropertyValueSpecification\",\"valueRequired\":true,\"valueName\":\"search_term_string\"}}],\"inLanguage\":\"es\"},{\"@type\":\"Organization\",\"@id\":\"https:\\\/\\\/movemenorca.com\\\/#organization\",\"name\":\"Move Menorca\",\"url\":\"https:\\\/\\\/movemenorca.com\\\/\",\"logo\":{\"@type\":\"ImageObject\",\"inLanguage\":\"es\",\"@id\":\"https:\\\/\\\/movemenorca.com\\\/#\\\/schema\\\/logo\\\/image\\\/\",\"url\":\"https:\\\/\\\/movemenorca.com\\\/wp-content\\\/uploads\\\/logo-2025.png\",\"contentUrl\":\"https:\\\/\\\/movemenorca.com\\\/wp-content\\\/uploads\\\/logo-2025.png\",\"width\":1277,\"height\":539,\"caption\":\"Move Menorca\"},\"image\":{\"@id\":\"https:\\\/\\\/movemenorca.com\\\/#\\\/schema\\\/logo\\\/image\\\/\"},\"sameAs\":[\"https:\\\/\\\/www.facebook.com\\\/MoveMenorca\"]}]}<\/script>\n<!-- \/ Yoast SEO Premium plugin. -->","yoast_head_json":{"title":"B\u00fasqueda de Propiedades - Move Menorca","description":"Encuentra la propiedad de tus sue\u00f1os en Menorca. Tenemos villas, casas, apartamentos en venta en toda Menorca. Si no est\u00e1 en nuestro sitio web, lo ayudaremos a encontrarlo..","robots":{"index":"index","follow":"follow","max-snippet":"max-snippet:-1","max-image-preview":"max-image-preview:large","max-video-preview":"max-video-preview:-1"},"canonical":"https:\/\/movemenorca.com\/es\/busqueda-de-propiedades\/","og_locale":"es_ES","og_type":"article","og_title":"B\u00fasqueda de Propiedades","og_description":"Encuentra la propiedad de tus sue\u00f1os en Menorca. Tenemos villas, casas, apartamentos en venta en toda Menorca. Si no est\u00e1 en nuestro sitio web, lo ayudaremos a encontrarlo..","og_url":"https:\/\/movemenorca.com\/es\/busqueda-de-propiedades\/","og_site_name":"Move Menorca","article_publisher":"https:\/\/www.facebook.com\/MoveMenorca","article_modified_time":"2023-09-06T15:57:43+00:00","og_image":[{"width":2560,"height":1804,"url":"https:\/\/movemenorca.com\/wp-content\/uploads\/home-scaled.jpg","type":"image\/jpeg"}],"twitter_card":"summary_large_image","schema":{"@context":"https:\/\/schema.org","@graph":[{"@type":"WebPage","@id":"https:\/\/movemenorca.com\/es\/busqueda-de-propiedades\/","url":"https:\/\/movemenorca.com\/es\/busqueda-de-propiedades\/","name":"B\u00fasqueda de Propiedades - Move Menorca","isPartOf":{"@id":"https:\/\/movemenorca.com\/#website"},"datePublished":"2013-08-03T23:46:19+00:00","dateModified":"2023-09-06T15:57:43+00:00","description":"Encuentra la propiedad de tus sue\u00f1os en Menorca. Tenemos villas, casas, apartamentos en venta en toda Menorca. Si no est\u00e1 en nuestro sitio web, lo ayudaremos a encontrarlo..","breadcrumb":{"@id":"https:\/\/movemenorca.com\/es\/busqueda-de-propiedades\/#breadcrumb"},"inLanguage":"es","potentialAction":[{"@type":"ReadAction","target":["https:\/\/movemenorca.com\/es\/busqueda-de-propiedades\/"]}]},{"@type":"BreadcrumbList","@id":"https:\/\/movemenorca.com\/es\/busqueda-de-propiedades\/#breadcrumb","itemListElement":[{"@type":"ListItem","position":1,"name":"Home","item":"https:\/\/movemenorca.com\/es\/"},{"@type":"ListItem","position":2,"name":"B\u00fasqueda de Propiedades"}]},{"@type":"WebSite","@id":"https:\/\/movemenorca.com\/#website","url":"https:\/\/movemenorca.com\/","name":"Move Menorca","description":"","publisher":{"@id":"https:\/\/movemenorca.com\/#organization"},"potentialAction":[{"@type":"SearchAction","target":{"@type":"EntryPoint","urlTemplate":"https:\/\/movemenorca.com\/?s={search_term_string}"},"query-input":{"@type":"PropertyValueSpecification","valueRequired":true,"valueName":"search_term_string"}}],"inLanguage":"es"},{"@type":"Organization","@id":"https:\/\/movemenorca.com\/#organization","name":"Move Menorca","url":"https:\/\/movemenorca.com\/","logo":{"@type":"ImageObject","inLanguage":"es","@id":"https:\/\/movemenorca.com\/#\/schema\/logo\/image\/","url":"https:\/\/movemenorca.com\/wp-content\/uploads\/logo-2025.png","contentUrl":"https:\/\/movemenorca.com\/wp-content\/uploads\/logo-2025.png","width":1277,"height":539,"caption":"Move Menorca"},"image":{"@id":"https:\/\/movemenorca.com\/#\/schema\/logo\/image\/"},"sameAs":["https:\/\/www.facebook.com\/MoveMenorca"]}]}},"_links":{"self":[{"href":"https:\/\/movemenorca.com\/es\/wp-json\/wp\/v2\/pages\/7552","targetHints":{"allow":["GET"]}}],"collection":[{"href":"https:\/\/movemenorca.com\/es\/wp-json\/wp\/v2\/pages"}],"about":[{"href":"https:\/\/movemenorca.com\/es\/wp-json\/wp\/v2\/types\/page"}],"author":[{"embeddable":true,"href":"https:\/\/movemenorca.com\/es\/wp-json\/wp\/v2\/users\/4"}],"replies":[{"embeddable":true,"href":"https:\/\/movemenorca.com\/es\/wp-json\/wp\/v2\/comments?post=7552"}],"version-history":[{"count":0,"href":"https:\/\/movemenorca.com\/es\/wp-json\/wp\/v2\/pages\/7552\/revisions"}],"wp:attachment":[{"href":"https:\/\/movemenorca.com\/es\/wp-json\/wp\/v2\/media?parent=7552"}],"curies":[{"name":"wp","href":"https:\/\/api.w.org\/{rel}","templated":true}]}}