{"id":152079,"date":"2026-03-07T18:33:11","date_gmt":"2026-03-07T17:33:11","guid":{"rendered":"https:\/\/movemenorca.com\/private-collection\/"},"modified":"2026-03-24T20:23:40","modified_gmt":"2026-03-24T19:23:40","slug":"private-collection","status":"publish","type":"page","link":"https:\/\/movemenorca.com\/es\/private-collection\/","title":{"rendered":"Private Collection"},"content":{"rendered":"\t\t<div data-elementor-type=\"wp-page\" data-elementor-id=\"152079\" class=\"elementor elementor-152079 elementor-152022\">\n\t\t\t\t\t\t<section data-particle_enable=\"false\" data-particle-mobile-disabled=\"false\" class=\"elementor-section elementor-top-section elementor-element elementor-element-e0330f4 elementor-section-full_width elementor-section-height-default elementor-section-height-default\" data-id=\"e0330f4\" data-element_type=\"section\" data-settings=\"{&quot;background_background&quot;:&quot;classic&quot;}\">\n\t\t\t\t\t\t<div class=\"elementor-container elementor-column-gap-default\">\n\t\t\t\t\t<div class=\"elementor-column elementor-col-100 elementor-top-column elementor-element elementor-element-48a69db\" data-id=\"48a69db\" data-element_type=\"column\">\n\t\t\t<div class=\"elementor-widget-wrap elementor-element-populated\">\n\t\t\t\t\t\t<div class=\"elementor-element elementor-element-dcfd92c elementor-widget__width-inherit elementor-widget elementor-widget-spacer\" data-id=\"dcfd92c\" data-element_type=\"widget\" data-widget_type=\"spacer.default\">\n\t\t\t\t<div class=\"elementor-widget-container\">\n\t\t\t\t\t<div class=\"elementor-spacer\">\n\t\t\t<div class=\"elementor-spacer-inner\"><\/div>\n\t\t<\/div>\n\t\t\t\t<\/div>\n\t\t\t\t<\/div>\n\t\t\t\t<div class=\"elementor-element elementor-element-e5dea12 elementor-widget elementor-widget-heading\" data-id=\"e5dea12\" data-element_type=\"widget\" data-widget_type=\"heading.default\">\n\t\t\t\t<div class=\"elementor-widget-container\">\n\t\t\t<h1 class=\"elementor-heading-title elementor-size-default\">Colecci\u00f3n privada<\/h1>\t\t<\/div>\n\t\t\t\t<\/div>\n\t\t\t\t<div class=\"elementor-element elementor-element-a14cdc9 elementor-widget__width-inherit elementor-widget-divider--view-line elementor-widget elementor-widget-divider\" data-id=\"a14cdc9\" data-element_type=\"widget\" data-widget_type=\"divider.default\">\n\t\t\t\t<div class=\"elementor-widget-container\">\n\t\t\t\t\t<div class=\"elementor-divider\">\n\t\t\t<span class=\"elementor-divider-separator\">\n\t\t\t\t\t\t<\/span>\n\t\t<\/div>\n\t\t\t\t<\/div>\n\t\t\t\t<\/div>\n\t\t\t\t<div class=\"elementor-element elementor-element-fc2b959 elementor-widget__width-initial elementor-widget elementor-widget-text-editor\" data-id=\"fc2b959\" data-element_type=\"widget\" data-widget_type=\"text-editor.default\">\n\t\t\t\t<div class=\"elementor-widget-container\">\n\t\t\t\t\t\t\t<div><p>\u00bfNo encuentras la casa perfecta en Menorca?<br \/>Cont\u00e1ctanos para descubrir nuestra colecci\u00f3n exclusiva de casas adosadas, refugios rurales y villas frente al mar que a\u00fan no est\u00e1n anunciadas.<\/p><p>Saludos, Roy y Tobias<br \/>+34 626 012 323 (24\/7)<\/p><\/div>\t\t\t\t\t\t<\/div>\n\t\t\t\t<\/div>\n\t\t\t\t<div class=\"elementor-element elementor-element-cec54de elementor-button-danger elementor-align-center elementor-widget elementor-widget-button\" data-id=\"cec54de\" data-element_type=\"widget\" data-widget_type=\"button.default\">\n\t\t\t\t<div class=\"elementor-widget-container\">\n\t\t\t\t\t<div class=\"elementor-button-wrapper\">\n\t\t\t<a class=\"elementor-button elementor-button-link elementor-size-sm\" href=\"\/contact-us\/\">\n\t\t\t\t\t\t<span class=\"elementor-button-content-wrapper\">\n\t\t\t\t\t\t<span class=\"elementor-button-text\">Cont\u00e1ctanos<\/span>\n\t\t<\/span>\n\t\t\t\t\t<\/a>\n\t\t<\/div>\n\t\t\t\t<\/div>\n\t\t\t\t<\/div>\n\t\t\t\t<div class=\"elementor-element elementor-element-166cc51 elementor-widget elementor-widget-spacer\" data-id=\"166cc51\" data-element_type=\"widget\" data-widget_type=\"spacer.default\">\n\t\t\t\t<div class=\"elementor-widget-container\">\n\t\t\t\t\t<div class=\"elementor-spacer\">\n\t\t\t<div class=\"elementor-spacer-inner\"><\/div>\n\t\t<\/div>\n\t\t\t\t<\/div>\n\t\t\t\t<\/div>\n\t\t\t\t\t<\/div>\n\t\t<\/div>\n\t\t\t\t\t<\/div>\n\t\t<\/section>\n\t\t\t\t<section data-particle_enable=\"false\" data-particle-mobile-disabled=\"false\" class=\"elementor-section elementor-top-section elementor-element elementor-element-69645a7 elementor-section-boxed elementor-section-height-default elementor-section-height-default\" data-id=\"69645a7\" data-element_type=\"section\">\n\t\t\t\t\t\t<div class=\"elementor-container elementor-column-gap-default\">\n\t\t\t\t\t<div class=\"elementor-column elementor-col-100 elementor-top-column elementor-element elementor-element-ce8ef25\" data-id=\"ce8ef25\" data-element_type=\"column\">\n\t\t\t<div class=\"elementor-widget-wrap elementor-element-populated\">\n\t\t\t\t\t\t<div class=\"elementor-element elementor-element-d35ffc5 elementor-widget elementor-widget-heading\" data-id=\"d35ffc5\" data-element_type=\"widget\" data-widget_type=\"heading.default\">\n\t\t\t\t<div class=\"elementor-widget-container\">\n\t\t\t<h2 class=\"elementor-heading-title elementor-size-default\">Colecci\u00f3n privada<\/h2>\t\t<\/div>\n\t\t\t\t<\/div>\n\t\t\t\t<div class=\"elementor-element elementor-element-4bd9274 elementor-widget elementor-widget-text-editor\" data-id=\"4bd9274\" data-element_type=\"widget\" data-widget_type=\"text-editor.default\">\n\t\t\t\t<div class=\"elementor-widget-container\">\n\t\t\t\t\t\t\t<p class=\"p1\">Algunas de las viviendas m\u00e1s excepcionales de Menorca nunca se anuncian p\u00fablicamente. Para muchos propietarios, la privacidad es fundamental. Personas de alto perfil, inversores internacionales y residentes de larga trayectoria en la isla suelen preferir vender sus propiedades de forma discreta, sin marketing p\u00fablico ni exposici\u00f3n online.<\/p><p class=\"p1\">Nuestra <span class=\"s1\"><b>Colecci\u00f3n Privada<\/b><\/span> ha sido creada espec\u00edficamente para estas situaciones.<\/p><p class=\"p1\">Ofrecemos esta cuidada selecci\u00f3n de <span class=\"s1\"><b>propiedades exclusivas en Menorca<\/b><\/span> en nombre de <span class=\"s1\"><b>clientes VIP<\/b><\/span> que valoran la confidencialidad y la discreci\u00f3n. Por ello, estas viviendas se presentan como <span class=\"s1\"><b>listados privados<\/b><\/span>, compartidos \u00fanicamente con un reducido n\u00famero de compradores cualificados y sin aparecer en el mercado abierto.<\/p><p class=\"p1\">Las propiedades dentro de nuestra colecci\u00f3n privada suelen representar algunas de las oportunidades m\u00e1s atractivas de la isla. Desde elegantes casas de pueblo en puertos hist\u00f3ricos hasta fincas rurales aisladas y villas contempor\u00e1neas en primera l\u00ednea con vistas al mar. Cada propiedad es seleccionada por su calidad, car\u00e1cter y ubicaci\u00f3n. Son viviendas simplemente demasiado especiales y personales para comercializarse de la forma habitual.<\/p><p class=\"p1\">Para los vendedores, este enfoque ofrece un control total sobre c\u00f3mo se presenta su propiedad al mercado. No hay portales p\u00fablicos, ni precios visibles, ni atenci\u00f3n innecesaria.<\/p><p class=\"p1\">En su lugar, estas propiedades se presentan de manera discreta a trav\u00e9s de nuestras relaciones de confianza y presentaciones personales.<\/p><p class=\"p1\">Para los compradores, acceder a nuestros <span class=\"s1\"><b>listados privados en Menorca<\/b><\/span> ofrece una ventaja \u00fanica: conocer algunas de las mejores propiedades de la isla junto a nosotros y de forma totalmente discreta.<\/p><p class=\"p1\">Al registrar su inter\u00e9s, accede a oportunidades que muy pocos llegar\u00e1n a ver.<\/p><p class=\"p1\">Nuestra <span class=\"s1\"><b>Colecci\u00f3n Privada<\/b><\/span> representa una forma m\u00e1s personal de comprar y vender propiedades en Menorca, basada en la confianza, la discreci\u00f3n y las relaciones duraderas que hemos construido en la isla.<\/p><p class=\"p1\">Si est\u00e1 buscando <span class=\"s1\"><b>propiedades verdaderamente exclusivas en Menorca<\/b><\/span>, o si es propietario y desea vender con total confidencialidad, estaremos encantados de hablar con usted.<\/p><p>Contacta con Roy o Tobias al +34 626 012 323 (24\/7)<\/p>\t\t\t\t\t\t<\/div>\n\t\t\t\t<\/div>\n\t\t\t\t\t<\/div>\n\t\t<\/div>\n\t\t\t\t\t<\/div>\n\t\t<\/section>\n\t\t\t\t<\/div>\n\t\t","protected":false},"excerpt":{"rendered":"<p>Colecci\u00f3n privada \u00bfNo encuentras la casa perfecta en Menorca?Cont\u00e1ctanos para descubrir nuestra colecci\u00f3n exclusiva de casas adosadas, refugios rurales y villas frente al mar que a\u00fan no est\u00e1n anunciadas. Saludos, Roy y Tobias+34 626 012 323 (24\/7) Cont\u00e1ctanos Colecci\u00f3n privada Algunas de las viviendas m\u00e1s excepcionales de Menorca nunca se anuncian p\u00fablicamente. Para muchos propietarios,&#8230;<\/p>\n","protected":false},"author":6,"featured_media":0,"parent":0,"menu_order":0,"comment_status":"closed","ping_status":"closed","template":"elementor_header_footer","meta":{"footnotes":""},"class_list":["post-152079","page","type-page","status-publish","hentry"],"yoast_head":"<!-- This site is optimized with the Yoast SEO Premium plugin v21.0 (Yoast SEO v27.4) - https:\/\/yoast.com\/product\/yoast-seo-premium-wordpress\/ -->\n<title>Private Collection - Move Menorca<\/title>\n<meta name=\"robots\" content=\"index, follow, max-snippet:-1, max-image-preview:large, max-video-preview:-1\" \/>\n<link rel=\"canonical\" href=\"https:\/\/movemenorca.com\/private-collection\/\" \/>\n<meta property=\"og:locale\" content=\"es_ES\" \/>\n<meta property=\"og:type\" content=\"article\" \/>\n<meta property=\"og:title\" content=\"Private Collection\" \/>\n<meta property=\"og:description\" content=\"Colecci\u00f3n privada \u00bfNo encuentras la casa perfecta en Menorca?Cont\u00e1ctanos para descubrir nuestra colecci\u00f3n exclusiva de casas adosadas, refugios rurales y villas frente al mar que a\u00fan no est\u00e1n anunciadas. Saludos, Roy y Tobias+34 626 012 323 (24\/7) Cont\u00e1ctanos Colecci\u00f3n privada Algunas de las viviendas m\u00e1s excepcionales de Menorca nunca se anuncian p\u00fablicamente. Para muchos propietarios,...\" \/>\n<meta property=\"og:url\" content=\"https:\/\/movemenorca.com\/private-collection\/\" \/>\n<meta property=\"og:site_name\" content=\"Move Menorca\" \/>\n<meta property=\"article:publisher\" content=\"https:\/\/www.facebook.com\/MoveMenorca\" \/>\n<meta property=\"article:modified_time\" content=\"2026-03-24T19:23:40+00:00\" \/>\n<meta property=\"og:image\" content=\"https:\/\/movemenorca.com\/wp-content\/uploads\/home-scaled.jpg\" \/>\n\t<meta property=\"og:image:width\" content=\"2560\" \/>\n\t<meta property=\"og:image:height\" content=\"1804\" \/>\n\t<meta property=\"og:image:type\" content=\"image\/jpeg\" \/>\n<meta name=\"twitter:card\" content=\"summary_large_image\" \/>\n<meta name=\"twitter:label1\" content=\"Tiempo de lectura\" \/>\n\t<meta name=\"twitter:data1\" content=\"2 minutos\" \/>\n<script type=\"application\/ld+json\" class=\"yoast-schema-graph\">{\"@context\":\"https:\\\/\\\/schema.org\",\"@graph\":[{\"@type\":\"WebPage\",\"@id\":\"https:\\\/\\\/movemenorca.com\\\/private-collection\\\/\",\"url\":\"https:\\\/\\\/movemenorca.com\\\/private-collection\\\/\",\"name\":\"Private Collection - Move Menorca\",\"isPartOf\":{\"@id\":\"https:\\\/\\\/movemenorca.com\\\/#website\"},\"datePublished\":\"2026-03-07T17:33:11+00:00\",\"dateModified\":\"2026-03-24T19:23:40+00:00\",\"breadcrumb\":{\"@id\":\"https:\\\/\\\/movemenorca.com\\\/private-collection\\\/#breadcrumb\"},\"inLanguage\":\"es\",\"potentialAction\":[{\"@type\":\"ReadAction\",\"target\":[\"https:\\\/\\\/movemenorca.com\\\/private-collection\\\/\"]}]},{\"@type\":\"BreadcrumbList\",\"@id\":\"https:\\\/\\\/movemenorca.com\\\/private-collection\\\/#breadcrumb\",\"itemListElement\":[{\"@type\":\"ListItem\",\"position\":1,\"name\":\"Home\",\"item\":\"https:\\\/\\\/movemenorca.com\\\/es\\\/\"},{\"@type\":\"ListItem\",\"position\":2,\"name\":\"Private Collection\"}]},{\"@type\":\"WebSite\",\"@id\":\"https:\\\/\\\/movemenorca.com\\\/#website\",\"url\":\"https:\\\/\\\/movemenorca.com\\\/\",\"name\":\"Move Menorca\",\"description\":\"\",\"publisher\":{\"@id\":\"https:\\\/\\\/movemenorca.com\\\/#organization\"},\"potentialAction\":[{\"@type\":\"SearchAction\",\"target\":{\"@type\":\"EntryPoint\",\"urlTemplate\":\"https:\\\/\\\/movemenorca.com\\\/?s={search_term_string}\"},\"query-input\":{\"@type\":\"PropertyValueSpecification\",\"valueRequired\":true,\"valueName\":\"search_term_string\"}}],\"inLanguage\":\"es\"},{\"@type\":\"Organization\",\"@id\":\"https:\\\/\\\/movemenorca.com\\\/#organization\",\"name\":\"Move Menorca\",\"url\":\"https:\\\/\\\/movemenorca.com\\\/\",\"logo\":{\"@type\":\"ImageObject\",\"inLanguage\":\"es\",\"@id\":\"https:\\\/\\\/movemenorca.com\\\/#\\\/schema\\\/logo\\\/image\\\/\",\"url\":\"https:\\\/\\\/movemenorca.com\\\/wp-content\\\/uploads\\\/logo-2025.png\",\"contentUrl\":\"https:\\\/\\\/movemenorca.com\\\/wp-content\\\/uploads\\\/logo-2025.png\",\"width\":1277,\"height\":539,\"caption\":\"Move Menorca\"},\"image\":{\"@id\":\"https:\\\/\\\/movemenorca.com\\\/#\\\/schema\\\/logo\\\/image\\\/\"},\"sameAs\":[\"https:\\\/\\\/www.facebook.com\\\/MoveMenorca\"]}]}<\/script>\n<!-- \/ Yoast SEO Premium plugin. -->","yoast_head_json":{"title":"Private Collection - Move Menorca","robots":{"index":"index","follow":"follow","max-snippet":"max-snippet:-1","max-image-preview":"max-image-preview:large","max-video-preview":"max-video-preview:-1"},"canonical":"https:\/\/movemenorca.com\/private-collection\/","og_locale":"es_ES","og_type":"article","og_title":"Private Collection","og_description":"Colecci\u00f3n privada \u00bfNo encuentras la casa perfecta en Menorca?Cont\u00e1ctanos para descubrir nuestra colecci\u00f3n exclusiva de casas adosadas, refugios rurales y villas frente al mar que a\u00fan no est\u00e1n anunciadas. Saludos, Roy y Tobias+34 626 012 323 (24\/7) Cont\u00e1ctanos Colecci\u00f3n privada Algunas de las viviendas m\u00e1s excepcionales de Menorca nunca se anuncian p\u00fablicamente. Para muchos propietarios,...","og_url":"https:\/\/movemenorca.com\/private-collection\/","og_site_name":"Move Menorca","article_publisher":"https:\/\/www.facebook.com\/MoveMenorca","article_modified_time":"2026-03-24T19:23:40+00:00","og_image":[{"width":2560,"height":1804,"url":"https:\/\/movemenorca.com\/wp-content\/uploads\/home-scaled.jpg","type":"image\/jpeg"}],"twitter_card":"summary_large_image","twitter_misc":{"Tiempo de lectura":"2 minutos"},"schema":{"@context":"https:\/\/schema.org","@graph":[{"@type":"WebPage","@id":"https:\/\/movemenorca.com\/private-collection\/","url":"https:\/\/movemenorca.com\/private-collection\/","name":"Private Collection - Move Menorca","isPartOf":{"@id":"https:\/\/movemenorca.com\/#website"},"datePublished":"2026-03-07T17:33:11+00:00","dateModified":"2026-03-24T19:23:40+00:00","breadcrumb":{"@id":"https:\/\/movemenorca.com\/private-collection\/#breadcrumb"},"inLanguage":"es","potentialAction":[{"@type":"ReadAction","target":["https:\/\/movemenorca.com\/private-collection\/"]}]},{"@type":"BreadcrumbList","@id":"https:\/\/movemenorca.com\/private-collection\/#breadcrumb","itemListElement":[{"@type":"ListItem","position":1,"name":"Home","item":"https:\/\/movemenorca.com\/es\/"},{"@type":"ListItem","position":2,"name":"Private Collection"}]},{"@type":"WebSite","@id":"https:\/\/movemenorca.com\/#website","url":"https:\/\/movemenorca.com\/","name":"Move Menorca","description":"","publisher":{"@id":"https:\/\/movemenorca.com\/#organization"},"potentialAction":[{"@type":"SearchAction","target":{"@type":"EntryPoint","urlTemplate":"https:\/\/movemenorca.com\/?s={search_term_string}"},"query-input":{"@type":"PropertyValueSpecification","valueRequired":true,"valueName":"search_term_string"}}],"inLanguage":"es"},{"@type":"Organization","@id":"https:\/\/movemenorca.com\/#organization","name":"Move Menorca","url":"https:\/\/movemenorca.com\/","logo":{"@type":"ImageObject","inLanguage":"es","@id":"https:\/\/movemenorca.com\/#\/schema\/logo\/image\/","url":"https:\/\/movemenorca.com\/wp-content\/uploads\/logo-2025.png","contentUrl":"https:\/\/movemenorca.com\/wp-content\/uploads\/logo-2025.png","width":1277,"height":539,"caption":"Move Menorca"},"image":{"@id":"https:\/\/movemenorca.com\/#\/schema\/logo\/image\/"},"sameAs":["https:\/\/www.facebook.com\/MoveMenorca"]}]}},"_links":{"self":[{"href":"https:\/\/movemenorca.com\/es\/wp-json\/wp\/v2\/pages\/152079","targetHints":{"allow":["GET"]}}],"collection":[{"href":"https:\/\/movemenorca.com\/es\/wp-json\/wp\/v2\/pages"}],"about":[{"href":"https:\/\/movemenorca.com\/es\/wp-json\/wp\/v2\/types\/page"}],"author":[{"embeddable":true,"href":"https:\/\/movemenorca.com\/es\/wp-json\/wp\/v2\/users\/6"}],"replies":[{"embeddable":true,"href":"https:\/\/movemenorca.com\/es\/wp-json\/wp\/v2\/comments?post=152079"}],"version-history":[{"count":33,"href":"https:\/\/movemenorca.com\/es\/wp-json\/wp\/v2\/pages\/152079\/revisions"}],"predecessor-version":[{"id":152258,"href":"https:\/\/movemenorca.com\/es\/wp-json\/wp\/v2\/pages\/152079\/revisions\/152258"}],"wp:attachment":[{"href":"https:\/\/movemenorca.com\/es\/wp-json\/wp\/v2\/media?parent=152079"}],"curies":[{"name":"wp","href":"https:\/\/api.w.org\/{rel}","templated":true}]}}