{"id":10988,"date":"2016-11-07T08:54:17","date_gmt":"2016-11-07T07:54:17","guid":{"rendered":"http:\/\/movemenorca.vl23871.dinaserver.com\/es\/new-law\/"},"modified":"2016-11-09T19:19:55","modified_gmt":"2016-11-09T18:19:55","slug":"new-law","status":"publish","type":"page","link":"https:\/\/movemenorca.com\/es\/new-law\/","title":{"rendered":"\u00a1Nueva ley!"},"content":{"rendered":"<p style=\"text-align: center;\">Desde el 1 de noviembre, cualquier propiedad en venta en Espa\u00f1a debe tener un certificado de energ\u00eda v\u00e1lido o tanto el propietario como el agente inmobiliario ser\u00e1n sujetos a fuertes multas.<br \/>\nHemos eliminado todas las propiedades que no disponen de este certificado, de nuestra p\u00e1gina Web para proteger a nuestros propietarios. Estamos en proceso de obtenci\u00f3n de estos certificados y se restablecer\u00e1 cada propiedad tan pronto como sea posible. Disculpen las molestias \u2013 el servicio normal se reanudar\u00e1 lo antes posible!<br \/>\nPor favor, no duden en llamarnos con sus requisitos de propiedad y les ayudaremos en lo posible y les informaremos sobre las propiedades que estar\u00e1n disponibles en los pr\u00f3ximos d\u00edas \/ semanas.<\/p>\n","protected":false},"excerpt":{"rendered":"<p>Desde el 1 de noviembre, cualquier propiedad en venta en Espa\u00f1a debe tener un certificado de energ\u00eda v\u00e1lido o tanto el propietario como el agente inmobiliario ser\u00e1n sujetos a fuertes multas. Hemos eliminado todas las propiedades que no disponen de este certificado, de nuestra p\u00e1gina Web para proteger a nuestros propietarios. Estamos en proceso de&#8230;<\/p>\n","protected":false},"author":4,"featured_media":0,"parent":0,"menu_order":0,"comment_status":"closed","ping_status":"closed","template":"","meta":{"footnotes":""},"class_list":["post-10988","page","type-page","status-publish","hentry"],"yoast_head":"<!-- This site is optimized with the Yoast SEO Premium plugin v21.0 (Yoast SEO v27.5) - https:\/\/yoast.com\/product\/yoast-seo-premium-wordpress\/ -->\n<title>\u00a1Nueva ley! - Move Menorca<\/title>\n<meta name=\"robots\" content=\"index, follow, max-snippet:-1, max-image-preview:large, max-video-preview:-1\" \/>\n<link rel=\"canonical\" href=\"https:\/\/movemenorca.com\/es\/new-law\/\" \/>\n<meta property=\"og:locale\" content=\"es_ES\" \/>\n<meta property=\"og:type\" content=\"article\" \/>\n<meta property=\"og:title\" content=\"\u00a1Nueva ley!\" \/>\n<meta property=\"og:description\" content=\"Desde el 1 de noviembre, cualquier propiedad en venta en Espa\u00f1a debe tener un certificado de energ\u00eda v\u00e1lido o tanto el propietario como el agente inmobiliario ser\u00e1n sujetos a fuertes multas. Hemos eliminado todas las propiedades que no disponen de este certificado, de nuestra p\u00e1gina Web para proteger a nuestros propietarios. Estamos en proceso de...\" \/>\n<meta property=\"og:url\" content=\"https:\/\/movemenorca.com\/es\/new-law\/\" \/>\n<meta property=\"og:site_name\" content=\"Move Menorca\" \/>\n<meta property=\"article:publisher\" content=\"https:\/\/www.facebook.com\/MoveMenorca\" \/>\n<meta property=\"article:modified_time\" content=\"2016-11-09T18:19:55+00:00\" \/>\n<meta property=\"og:image\" content=\"https:\/\/movemenorca.com\/wp-content\/uploads\/home-scaled.jpg\" \/>\n\t<meta property=\"og:image:width\" content=\"2560\" \/>\n\t<meta property=\"og:image:height\" content=\"1804\" \/>\n\t<meta property=\"og:image:type\" content=\"image\/jpeg\" \/>\n<meta name=\"twitter:card\" content=\"summary_large_image\" \/>\n<meta name=\"twitter:label1\" content=\"Tiempo de lectura\" \/>\n\t<meta name=\"twitter:data1\" content=\"1 minuto\" \/>\n<script type=\"application\/ld+json\" class=\"yoast-schema-graph\">{\"@context\":\"https:\\\/\\\/schema.org\",\"@graph\":[{\"@type\":\"WebPage\",\"@id\":\"https:\\\/\\\/movemenorca.com\\\/es\\\/new-law\\\/\",\"url\":\"https:\\\/\\\/movemenorca.com\\\/es\\\/new-law\\\/\",\"name\":\"\u00a1Nueva ley! - Move Menorca\",\"isPartOf\":{\"@id\":\"https:\\\/\\\/movemenorca.com\\\/#website\"},\"datePublished\":\"2016-11-07T07:54:17+00:00\",\"dateModified\":\"2016-11-09T18:19:55+00:00\",\"breadcrumb\":{\"@id\":\"https:\\\/\\\/movemenorca.com\\\/es\\\/new-law\\\/#breadcrumb\"},\"inLanguage\":\"es\",\"potentialAction\":[{\"@type\":\"ReadAction\",\"target\":[\"https:\\\/\\\/movemenorca.com\\\/es\\\/new-law\\\/\"]}]},{\"@type\":\"BreadcrumbList\",\"@id\":\"https:\\\/\\\/movemenorca.com\\\/es\\\/new-law\\\/#breadcrumb\",\"itemListElement\":[{\"@type\":\"ListItem\",\"position\":1,\"name\":\"Home\",\"item\":\"https:\\\/\\\/movemenorca.com\\\/es\\\/\"},{\"@type\":\"ListItem\",\"position\":2,\"name\":\"\u00a1Nueva ley!\"}]},{\"@type\":\"WebSite\",\"@id\":\"https:\\\/\\\/movemenorca.com\\\/#website\",\"url\":\"https:\\\/\\\/movemenorca.com\\\/\",\"name\":\"Move Menorca\",\"description\":\"\",\"publisher\":{\"@id\":\"https:\\\/\\\/movemenorca.com\\\/#organization\"},\"potentialAction\":[{\"@type\":\"SearchAction\",\"target\":{\"@type\":\"EntryPoint\",\"urlTemplate\":\"https:\\\/\\\/movemenorca.com\\\/?s={search_term_string}\"},\"query-input\":{\"@type\":\"PropertyValueSpecification\",\"valueRequired\":true,\"valueName\":\"search_term_string\"}}],\"inLanguage\":\"es\"},{\"@type\":\"Organization\",\"@id\":\"https:\\\/\\\/movemenorca.com\\\/#organization\",\"name\":\"Move Menorca\",\"url\":\"https:\\\/\\\/movemenorca.com\\\/\",\"logo\":{\"@type\":\"ImageObject\",\"inLanguage\":\"es\",\"@id\":\"https:\\\/\\\/movemenorca.com\\\/#\\\/schema\\\/logo\\\/image\\\/\",\"url\":\"https:\\\/\\\/movemenorca.com\\\/wp-content\\\/uploads\\\/logo-2025.png\",\"contentUrl\":\"https:\\\/\\\/movemenorca.com\\\/wp-content\\\/uploads\\\/logo-2025.png\",\"width\":1277,\"height\":539,\"caption\":\"Move Menorca\"},\"image\":{\"@id\":\"https:\\\/\\\/movemenorca.com\\\/#\\\/schema\\\/logo\\\/image\\\/\"},\"sameAs\":[\"https:\\\/\\\/www.facebook.com\\\/MoveMenorca\"]}]}<\/script>\n<!-- \/ Yoast SEO Premium plugin. -->","yoast_head_json":{"title":"\u00a1Nueva ley! - Move Menorca","robots":{"index":"index","follow":"follow","max-snippet":"max-snippet:-1","max-image-preview":"max-image-preview:large","max-video-preview":"max-video-preview:-1"},"canonical":"https:\/\/movemenorca.com\/es\/new-law\/","og_locale":"es_ES","og_type":"article","og_title":"\u00a1Nueva ley!","og_description":"Desde el 1 de noviembre, cualquier propiedad en venta en Espa\u00f1a debe tener un certificado de energ\u00eda v\u00e1lido o tanto el propietario como el agente inmobiliario ser\u00e1n sujetos a fuertes multas. Hemos eliminado todas las propiedades que no disponen de este certificado, de nuestra p\u00e1gina Web para proteger a nuestros propietarios. Estamos en proceso de...","og_url":"https:\/\/movemenorca.com\/es\/new-law\/","og_site_name":"Move Menorca","article_publisher":"https:\/\/www.facebook.com\/MoveMenorca","article_modified_time":"2016-11-09T18:19:55+00:00","og_image":[{"width":2560,"height":1804,"url":"https:\/\/movemenorca.com\/wp-content\/uploads\/home-scaled.jpg","type":"image\/jpeg"}],"twitter_card":"summary_large_image","twitter_misc":{"Tiempo de lectura":"1 minuto"},"schema":{"@context":"https:\/\/schema.org","@graph":[{"@type":"WebPage","@id":"https:\/\/movemenorca.com\/es\/new-law\/","url":"https:\/\/movemenorca.com\/es\/new-law\/","name":"\u00a1Nueva ley! - Move Menorca","isPartOf":{"@id":"https:\/\/movemenorca.com\/#website"},"datePublished":"2016-11-07T07:54:17+00:00","dateModified":"2016-11-09T18:19:55+00:00","breadcrumb":{"@id":"https:\/\/movemenorca.com\/es\/new-law\/#breadcrumb"},"inLanguage":"es","potentialAction":[{"@type":"ReadAction","target":["https:\/\/movemenorca.com\/es\/new-law\/"]}]},{"@type":"BreadcrumbList","@id":"https:\/\/movemenorca.com\/es\/new-law\/#breadcrumb","itemListElement":[{"@type":"ListItem","position":1,"name":"Home","item":"https:\/\/movemenorca.com\/es\/"},{"@type":"ListItem","position":2,"name":"\u00a1Nueva ley!"}]},{"@type":"WebSite","@id":"https:\/\/movemenorca.com\/#website","url":"https:\/\/movemenorca.com\/","name":"Move Menorca","description":"","publisher":{"@id":"https:\/\/movemenorca.com\/#organization"},"potentialAction":[{"@type":"SearchAction","target":{"@type":"EntryPoint","urlTemplate":"https:\/\/movemenorca.com\/?s={search_term_string}"},"query-input":{"@type":"PropertyValueSpecification","valueRequired":true,"valueName":"search_term_string"}}],"inLanguage":"es"},{"@type":"Organization","@id":"https:\/\/movemenorca.com\/#organization","name":"Move Menorca","url":"https:\/\/movemenorca.com\/","logo":{"@type":"ImageObject","inLanguage":"es","@id":"https:\/\/movemenorca.com\/#\/schema\/logo\/image\/","url":"https:\/\/movemenorca.com\/wp-content\/uploads\/logo-2025.png","contentUrl":"https:\/\/movemenorca.com\/wp-content\/uploads\/logo-2025.png","width":1277,"height":539,"caption":"Move Menorca"},"image":{"@id":"https:\/\/movemenorca.com\/#\/schema\/logo\/image\/"},"sameAs":["https:\/\/www.facebook.com\/MoveMenorca"]}]}},"_links":{"self":[{"href":"https:\/\/movemenorca.com\/es\/wp-json\/wp\/v2\/pages\/10988","targetHints":{"allow":["GET"]}}],"collection":[{"href":"https:\/\/movemenorca.com\/es\/wp-json\/wp\/v2\/pages"}],"about":[{"href":"https:\/\/movemenorca.com\/es\/wp-json\/wp\/v2\/types\/page"}],"author":[{"embeddable":true,"href":"https:\/\/movemenorca.com\/es\/wp-json\/wp\/v2\/users\/4"}],"replies":[{"embeddable":true,"href":"https:\/\/movemenorca.com\/es\/wp-json\/wp\/v2\/comments?post=10988"}],"version-history":[{"count":0,"href":"https:\/\/movemenorca.com\/es\/wp-json\/wp\/v2\/pages\/10988\/revisions"}],"wp:attachment":[{"href":"https:\/\/movemenorca.com\/es\/wp-json\/wp\/v2\/media?parent=10988"}],"curies":[{"name":"wp","href":"https:\/\/api.w.org\/{rel}","templated":true}]}}